{"id":77,"date":"2018-03-01T12:53:29","date_gmt":"2018-03-01T12:53:29","guid":{"rendered":"https:\/\/vejbyogson.dk\/?page_id=77"},"modified":"2020-06-24T11:45:24","modified_gmt":"2020-06-24T11:45:24","slug":"vi-tilbyder","status":"publish","type":"page","link":"https:\/\/vejbyogson.dk\/?page_id=77","title":{"rendered":"Vi tilbyder"},"content":{"rendered":"<p>[et_pb_section fb_built=&#8221;1&#8243; _builder_version=&#8221;3.22.3&#8243;][et_pb_row _builder_version=&#8221;3.25&#8243; column_structure=&#8221;1_4,1_2,1_4&#8243;][et_pb_column type=&#8221;1_4&#8243; _builder_version=&#8221;3.25&#8243; custom_padding=&#8221;|||&#8221; custom_padding__hover=&#8221;|||&#8221;][\/et_pb_column][et_pb_column type=&#8221;1_2&#8243; _builder_version=&#8221;3.25&#8243; custom_padding=&#8221;|||&#8221; custom_padding__hover=&#8221;|||&#8221;][et_pb_text _builder_version=&#8221;3.27.4&#8243;]<\/p>\n<h4><strong>Kaj Vejby og S\u00f8n d\u00e6kker hele malerfaget og vi tilbyder blandt andet nedenst\u00e5ende maler opgaver:<\/strong><\/h4>\n<p>[\/et_pb_text][et_pb_text _builder_version=&#8221;3.27.4&#8243;]<\/p>\n<h1>Vi tilbyder:<\/h1>\n<p>[\/et_pb_text][\/et_pb_column][et_pb_column type=&#8221;1_4&#8243; _builder_version=&#8221;3.25&#8243; custom_padding=&#8221;|||&#8221; custom_padding__hover=&#8221;|||&#8221;][\/et_pb_column][\/et_pb_row][et_pb_row _builder_version=&#8221;3.25&#8243; column_structure=&#8221;1_3,1_3,1_3&#8243;][et_pb_column type=&#8221;1_3&#8243; _builder_version=&#8221;3.25&#8243; custom_padding=&#8221;|||&#8221; custom_padding__hover=&#8221;|||&#8221;][et_pb_image src=&#8221;https:\/\/vejbyogson.dk\/wp-content\/uploads\/2018\/05\/Bevaringsvaerdig_Teaser.jpg&#8221; url=&#8221;https:\/\/vejbyogson.dk\/vi-tilbyder\/bavaringsvaerdige-bygninger\/&#8221; align_tablet=&#8221;center&#8221; align_last_edited=&#8221;on|desktop&#8221; _builder_version=&#8221;3.23&#8243;][\/et_pb_image][et_pb_blurb title=&#8221;Bevaringsv\u00e6rdige Bygninger&#8221; _builder_version=&#8221;3.2.2&#8243;]<\/p>\n<p>Vi udf\u00f8rer ofte renovering af kirker og fredede bygninger, hvor kvalitetsh\u00e5ndv\u00e6rk og valg af de rigtige materialer, bliver v\u00e6gtet h\u00f8jt.<\/p>\n<p>[\/et_pb_blurb][\/et_pb_column][et_pb_column type=&#8221;1_3&#8243; _builder_version=&#8221;3.25&#8243; custom_padding=&#8221;|||&#8221; custom_padding__hover=&#8221;|||&#8221;][et_pb_image src=&#8221;https:\/\/vejbyogson.dk\/wp-content\/uploads\/2018\/05\/Facade_Teaser.jpg&#8221; url=&#8221;https:\/\/vejbyogson.dk\/vi-tilbyder\/bygningsarbejde\/&#8221; align_tablet=&#8221;center&#8221; align_last_edited=&#8221;on|desktop&#8221; _builder_version=&#8221;3.23&#8243;][\/et_pb_image][et_pb_blurb title=&#8221;Bygning&#8221; _builder_version=&#8221;3.2.2&#8243;]<\/p>\n<p>Facade renovering og vedligehold eller indvendigt malerarbejde<\/p>\n<p>[\/et_pb_blurb][\/et_pb_column][et_pb_column type=&#8221;1_3&#8243; _builder_version=&#8221;3.25&#8243; custom_padding=&#8221;|||&#8221; custom_padding__hover=&#8221;|||&#8221;][et_pb_image src=&#8221;https:\/\/vejbyogson.dk\/wp-content\/uploads\/2018\/05\/Gulv-Behandling_Teaser.jpg&#8221; url=&#8221;https:\/\/vejbyogson.dk\/vi-tilbyder\/gulvbehandling\/&#8221; align_tablet=&#8221;center&#8221; align_last_edited=&#8221;on|desktop&#8221; _builder_version=&#8221;3.23&#8243;][\/et_pb_image][et_pb_blurb title=&#8221;Gulvbehandling&#8221; _builder_version=&#8221;3.2.2&#8243;]<\/p>\n<p>Behandling af alle typer gulve.<br \/>Slibning, oliering, lakering eller s\u00e6bebehandling udf\u00f8res, vi behandler ogs\u00e5 industri gulve med f.eks. Epoxy maling.<\/p>\n<p>[\/et_pb_blurb][\/et_pb_column][\/et_pb_row][et_pb_row _builder_version=&#8221;3.25&#8243; column_structure=&#8221;1_3,1_3,1_3&#8243;][et_pb_column type=&#8221;1_3&#8243; _builder_version=&#8221;3.25&#8243; custom_padding=&#8221;|||&#8221; custom_padding__hover=&#8221;|||&#8221;][et_pb_image src=&#8221;https:\/\/vejbyogson.dk\/wp-content\/uploads\/2018\/05\/Akustik-Loft_teaser.jpg&#8221; url=&#8221;https:\/\/vejbyogson.dk\/vi-tilbyder\/special-opgaver\/&#8221; align_tablet=&#8221;center&#8221; align_last_edited=&#8221;on|desktop&#8221; _builder_version=&#8221;3.23&#8243;][\/et_pb_image][et_pb_blurb title=&#8221;Speciel opgaver&#8221; _builder_version=&#8221;3.2.2&#8243;]<\/p>\n<p>L\u00e6s mere om de speciel opgaver som vi ogs\u00e5 kan udf\u00f8rer bl.a. brandh\u00e6mmende maling, akustiskelofter og bladguld.\u00a0<\/p>\n<p>[\/et_pb_blurb][\/et_pb_column][et_pb_column type=&#8221;1_3&#8243; _builder_version=&#8221;3.25&#8243; custom_padding=&#8221;|||&#8221; custom_padding__hover=&#8221;|||&#8221;][et_pb_image src=&#8221;https:\/\/vejbyogson.dk\/wp-content\/uploads\/2018\/05\/Sproetelakering_teaser.jpg&#8221; url=&#8221;https:\/\/vejbyogson.dk\/vi-tilbyder\/sproejtelakering\/&#8221; align_tablet=&#8221;center&#8221; align_last_edited=&#8221;on|desktop&#8221; _builder_version=&#8221;4.4.8&#8243; hover_enabled=&#8221;0&#8243;][\/et_pb_image][et_pb_blurb title=&#8221;Spr\u00f8jtelakering&#8221; _builder_version=&#8221;4.4.8&#8243; hover_enabled=&#8221;0&#8243;]<\/p>\n<p>P\u00e5 vores spr\u00f8jtev\u00e6rksted udf\u00f8rer vi alt fra renovering fra m\u00f8bler og inventar til industrilakering af diverse st\u00e5l emner.<\/p>\n<p>[\/et_pb_blurb][\/et_pb_column][et_pb_column type=&#8221;1_3&#8243; _builder_version=&#8221;3.25&#8243; custom_padding=&#8221;|||&#8221; custom_padding__hover=&#8221;|||&#8221;][\/et_pb_column][\/et_pb_row][\/et_pb_section]<\/p>\n","protected":false},"excerpt":{"rendered":"<p>[et_pb_section fb_built=&#8221;1&#8243; _builder_version=&#8221;3.22.3&#8243;][et_pb_row _builder_version=&#8221;3.25&#8243; column_structure=&#8221;1_4,1_2,1_4&#8243;][et_pb_column type=&#8221;1_4&#8243; _builder_version=&#8221;3.25&#8243; custom_padding=&#8221;|||&#8221; custom_padding__hover=&#8221;|||&#8221;][\/et_pb_column][et_pb_column type=&#8221;1_2&#8243; _builder_version=&#8221;3.25&#8243; custom_padding=&#8221;|||&#8221; custom_padding__hover=&#8221;|||&#8221;][et_pb_text _builder_version=&#8221;3.27.4&#8243;] Kaj Vejby og S\u00f8n d\u00e6kker hele malerfaget og vi tilbyder blandt andet nedenst\u00e5ende maler opgaver: [\/et_pb_text][et_pb_text _builder_version=&#8221;3.27.4&#8243;] Vi tilbyder: [\/et_pb_text][\/et_pb_column][et_pb_column type=&#8221;1_4&#8243; _builder_version=&#8221;3.25&#8243; custom_padding=&#8221;|||&#8221; custom_padding__hover=&#8221;|||&#8221;][\/et_pb_column][\/et_pb_row][et_pb_row _builder_version=&#8221;3.25&#8243; column_structure=&#8221;1_3,1_3,1_3&#8243;][et_pb_column type=&#8221;1_3&#8243; _builder_version=&#8221;3.25&#8243; custom_padding=&#8221;|||&#8221; custom_padding__hover=&#8221;|||&#8221;][et_pb_image src=&#8221;https:\/\/vejbyogson.dk\/wp-content\/uploads\/2018\/05\/Bevaringsvaerdig_Teaser.jpg&#8221; url=&#8221;https:\/\/vejbyogson.dk\/vi-tilbyder\/bavaringsvaerdige-bygninger\/&#8221; align_tablet=&#8221;center&#8221; align_last_edited=&#8221;on|desktop&#8221; _builder_version=&#8221;3.23&#8243;][\/et_pb_image][et_pb_blurb title=&#8221;Bevaringsv\u00e6rdige Bygninger&#8221; _builder_version=&#8221;3.2.2&#8243;] Vi udf\u00f8rer ofte [&hellip;]<\/p>\n","protected":false},"author":1,"featured_media":0,"parent":0,"menu_order":0,"comment_status":"closed","ping_status":"closed","template":"","meta":{"_et_pb_use_builder":"on","_et_pb_old_content":"","_et_gb_content_width":"","footnotes":""},"class_list":["post-77","page","type-page","status-publish","hentry"],"yoast_head":"<!-- This site is optimized with the Yoast SEO plugin v26.8 - https:\/\/yoast.com\/product\/yoast-seo-wordpress\/ -->\n<title>Vi tilbyder - Malerfirma Kaj Vejby &amp; S\u00f8n<\/title>\n<meta name=\"robots\" content=\"index, follow, max-snippet:-1, max-image-preview:large, max-video-preview:-1\" \/>\n<link rel=\"canonical\" href=\"https:\/\/vejbyogson.dk\/?page_id=77\" \/>\n<meta property=\"og:locale\" content=\"da_DK\" \/>\n<meta property=\"og:type\" content=\"article\" \/>\n<meta property=\"og:title\" content=\"Vi tilbyder - Malerfirma Kaj Vejby &amp; S\u00f8n\" \/>\n<meta property=\"og:description\" content=\"[et_pb_section fb_built=&#8221;1&#8243; _builder_version=&#8221;3.22.3&#8243;][et_pb_row _builder_version=&#8221;3.25&#8243; column_structure=&#8221;1_4,1_2,1_4&#8243;][et_pb_column type=&#8221;1_4&#8243; _builder_version=&#8221;3.25&#8243; custom_padding=&#8221;|||&#8221; custom_padding__hover=&#8221;|||&#8221;][\/et_pb_column][et_pb_column type=&#8221;1_2&#8243; _builder_version=&#8221;3.25&#8243; custom_padding=&#8221;|||&#8221; custom_padding__hover=&#8221;|||&#8221;][et_pb_text _builder_version=&#8221;3.27.4&#8243;] Kaj Vejby og S\u00f8n d\u00e6kker hele malerfaget og vi tilbyder blandt andet nedenst\u00e5ende maler opgaver: [\/et_pb_text][et_pb_text _builder_version=&#8221;3.27.4&#8243;] Vi tilbyder: [\/et_pb_text][\/et_pb_column][et_pb_column type=&#8221;1_4&#8243; _builder_version=&#8221;3.25&#8243; custom_padding=&#8221;|||&#8221; custom_padding__hover=&#8221;|||&#8221;][\/et_pb_column][\/et_pb_row][et_pb_row _builder_version=&#8221;3.25&#8243; column_structure=&#8221;1_3,1_3,1_3&#8243;][et_pb_column type=&#8221;1_3&#8243; _builder_version=&#8221;3.25&#8243; custom_padding=&#8221;|||&#8221; custom_padding__hover=&#8221;|||&#8221;][et_pb_image src=&#8221;https:\/\/vejbyogson.dk\/wp-content\/uploads\/2018\/05\/Bevaringsvaerdig_Teaser.jpg&#8221; url=&#8221;https:\/\/vejbyogson.dk\/vi-tilbyder\/bavaringsvaerdige-bygninger\/&#8221; align_tablet=&#8221;center&#8221; align_last_edited=&#8221;on|desktop&#8221; _builder_version=&#8221;3.23&#8243;][\/et_pb_image][et_pb_blurb title=&#8221;Bevaringsv\u00e6rdige Bygninger&#8221; _builder_version=&#8221;3.2.2&#8243;] Vi udf\u00f8rer ofte [&hellip;]\" \/>\n<meta property=\"og:url\" content=\"https:\/\/vejbyogson.dk\/?page_id=77\" \/>\n<meta property=\"og:site_name\" content=\"Malerfirma Kaj Vejby &amp; S\u00f8n\" \/>\n<meta property=\"article:modified_time\" content=\"2020-06-24T11:45:24+00:00\" \/>\n<meta name=\"twitter:card\" content=\"summary_large_image\" \/>\n<meta name=\"twitter:label1\" content=\"Estimeret l\u00e6setid\" \/>\n\t<meta name=\"twitter:data1\" content=\"3 minutter\" \/>\n<script type=\"application\/ld+json\" class=\"yoast-schema-graph\">{\"@context\":\"https:\/\/schema.org\",\"@graph\":[{\"@type\":\"WebPage\",\"@id\":\"https:\/\/vejbyogson.dk\/?page_id=77\",\"url\":\"https:\/\/vejbyogson.dk\/?page_id=77\",\"name\":\"Vi tilbyder - Malerfirma Kaj Vejby &amp; S\u00f8n\",\"isPartOf\":{\"@id\":\"https:\/\/vejbyogson.dk\/#website\"},\"datePublished\":\"2018-03-01T12:53:29+00:00\",\"dateModified\":\"2020-06-24T11:45:24+00:00\",\"breadcrumb\":{\"@id\":\"https:\/\/vejbyogson.dk\/?page_id=77#breadcrumb\"},\"inLanguage\":\"da-DK\",\"potentialAction\":[{\"@type\":\"ReadAction\",\"target\":[\"https:\/\/vejbyogson.dk\/?page_id=77\"]}]},{\"@type\":\"BreadcrumbList\",\"@id\":\"https:\/\/vejbyogson.dk\/?page_id=77#breadcrumb\",\"itemListElement\":[{\"@type\":\"ListItem\",\"position\":1,\"name\":\"Hjem\",\"item\":\"https:\/\/vejbyogson.dk\/\"},{\"@type\":\"ListItem\",\"position\":2,\"name\":\"Vi tilbyder\"}]},{\"@type\":\"WebSite\",\"@id\":\"https:\/\/vejbyogson.dk\/#website\",\"url\":\"https:\/\/vejbyogson.dk\/\",\"name\":\"Malerfirma Kaj Vejby &amp; S\u00f8n\",\"description\":\"Malerfirma Kaj Vejby &amp; S\u00f8n\",\"potentialAction\":[{\"@type\":\"SearchAction\",\"target\":{\"@type\":\"EntryPoint\",\"urlTemplate\":\"https:\/\/vejbyogson.dk\/?s={search_term_string}\"},\"query-input\":{\"@type\":\"PropertyValueSpecification\",\"valueRequired\":true,\"valueName\":\"search_term_string\"}}],\"inLanguage\":\"da-DK\"}]}<\/script>\n<!-- \/ Yoast SEO plugin. -->","yoast_head_json":{"title":"Vi tilbyder - Malerfirma Kaj Vejby &amp; S\u00f8n","robots":{"index":"index","follow":"follow","max-snippet":"max-snippet:-1","max-image-preview":"max-image-preview:large","max-video-preview":"max-video-preview:-1"},"canonical":"https:\/\/vejbyogson.dk\/?page_id=77","og_locale":"da_DK","og_type":"article","og_title":"Vi tilbyder - Malerfirma Kaj Vejby &amp; S\u00f8n","og_description":"[et_pb_section fb_built=&#8221;1&#8243; _builder_version=&#8221;3.22.3&#8243;][et_pb_row _builder_version=&#8221;3.25&#8243; column_structure=&#8221;1_4,1_2,1_4&#8243;][et_pb_column type=&#8221;1_4&#8243; _builder_version=&#8221;3.25&#8243; custom_padding=&#8221;|||&#8221; custom_padding__hover=&#8221;|||&#8221;][\/et_pb_column][et_pb_column type=&#8221;1_2&#8243; _builder_version=&#8221;3.25&#8243; custom_padding=&#8221;|||&#8221; custom_padding__hover=&#8221;|||&#8221;][et_pb_text _builder_version=&#8221;3.27.4&#8243;] Kaj Vejby og S\u00f8n d\u00e6kker hele malerfaget og vi tilbyder blandt andet nedenst\u00e5ende maler opgaver: [\/et_pb_text][et_pb_text _builder_version=&#8221;3.27.4&#8243;] Vi tilbyder: [\/et_pb_text][\/et_pb_column][et_pb_column type=&#8221;1_4&#8243; _builder_version=&#8221;3.25&#8243; custom_padding=&#8221;|||&#8221; custom_padding__hover=&#8221;|||&#8221;][\/et_pb_column][\/et_pb_row][et_pb_row _builder_version=&#8221;3.25&#8243; column_structure=&#8221;1_3,1_3,1_3&#8243;][et_pb_column type=&#8221;1_3&#8243; _builder_version=&#8221;3.25&#8243; custom_padding=&#8221;|||&#8221; custom_padding__hover=&#8221;|||&#8221;][et_pb_image src=&#8221;https:\/\/vejbyogson.dk\/wp-content\/uploads\/2018\/05\/Bevaringsvaerdig_Teaser.jpg&#8221; url=&#8221;https:\/\/vejbyogson.dk\/vi-tilbyder\/bavaringsvaerdige-bygninger\/&#8221; align_tablet=&#8221;center&#8221; align_last_edited=&#8221;on|desktop&#8221; _builder_version=&#8221;3.23&#8243;][\/et_pb_image][et_pb_blurb title=&#8221;Bevaringsv\u00e6rdige Bygninger&#8221; _builder_version=&#8221;3.2.2&#8243;] Vi udf\u00f8rer ofte [&hellip;]","og_url":"https:\/\/vejbyogson.dk\/?page_id=77","og_site_name":"Malerfirma Kaj Vejby &amp; S\u00f8n","article_modified_time":"2020-06-24T11:45:24+00:00","twitter_card":"summary_large_image","twitter_misc":{"Estimeret l\u00e6setid":"3 minutter"},"schema":{"@context":"https:\/\/schema.org","@graph":[{"@type":"WebPage","@id":"https:\/\/vejbyogson.dk\/?page_id=77","url":"https:\/\/vejbyogson.dk\/?page_id=77","name":"Vi tilbyder - Malerfirma Kaj Vejby &amp; S\u00f8n","isPartOf":{"@id":"https:\/\/vejbyogson.dk\/#website"},"datePublished":"2018-03-01T12:53:29+00:00","dateModified":"2020-06-24T11:45:24+00:00","breadcrumb":{"@id":"https:\/\/vejbyogson.dk\/?page_id=77#breadcrumb"},"inLanguage":"da-DK","potentialAction":[{"@type":"ReadAction","target":["https:\/\/vejbyogson.dk\/?page_id=77"]}]},{"@type":"BreadcrumbList","@id":"https:\/\/vejbyogson.dk\/?page_id=77#breadcrumb","itemListElement":[{"@type":"ListItem","position":1,"name":"Hjem","item":"https:\/\/vejbyogson.dk\/"},{"@type":"ListItem","position":2,"name":"Vi tilbyder"}]},{"@type":"WebSite","@id":"https:\/\/vejbyogson.dk\/#website","url":"https:\/\/vejbyogson.dk\/","name":"Malerfirma Kaj Vejby &amp; S\u00f8n","description":"Malerfirma Kaj Vejby &amp; S\u00f8n","potentialAction":[{"@type":"SearchAction","target":{"@type":"EntryPoint","urlTemplate":"https:\/\/vejbyogson.dk\/?s={search_term_string}"},"query-input":{"@type":"PropertyValueSpecification","valueRequired":true,"valueName":"search_term_string"}}],"inLanguage":"da-DK"}]}},"_links":{"self":[{"href":"https:\/\/vejbyogson.dk\/index.php?rest_route=\/wp\/v2\/pages\/77","targetHints":{"allow":["GET"]}}],"collection":[{"href":"https:\/\/vejbyogson.dk\/index.php?rest_route=\/wp\/v2\/pages"}],"about":[{"href":"https:\/\/vejbyogson.dk\/index.php?rest_route=\/wp\/v2\/types\/page"}],"author":[{"embeddable":true,"href":"https:\/\/vejbyogson.dk\/index.php?rest_route=\/wp\/v2\/users\/1"}],"replies":[{"embeddable":true,"href":"https:\/\/vejbyogson.dk\/index.php?rest_route=%2Fwp%2Fv2%2Fcomments&post=77"}],"version-history":[{"count":10,"href":"https:\/\/vejbyogson.dk\/index.php?rest_route=\/wp\/v2\/pages\/77\/revisions"}],"predecessor-version":[{"id":893,"href":"https:\/\/vejbyogson.dk\/index.php?rest_route=\/wp\/v2\/pages\/77\/revisions\/893"}],"wp:attachment":[{"href":"https:\/\/vejbyogson.dk\/index.php?rest_route=%2Fwp%2Fv2%2Fmedia&parent=77"}],"curies":[{"name":"wp","href":"https:\/\/api.w.org\/{rel}","templated":true}]}}