{"id":742,"date":"2019-11-26T11:27:25","date_gmt":"2019-11-26T11:27:25","guid":{"rendered":"https:\/\/vejbyogson.dk\/?page_id=742"},"modified":"2020-09-29T09:04:30","modified_gmt":"2020-09-29T09:04:30","slug":"sprojtemaling-af-doere","status":"publish","type":"page","link":"https:\/\/vejbyogson.dk\/?page_id=742","title":{"rendered":"Spr\u00f8jtemaling af d\u00f8rer"},"content":{"rendered":"\n[et_pb_section fb_built=&#8221;1&#8243; fullwidth=&#8221;on&#8221; _builder_version=&#8221;3.22.3&#8243;][et_pb_fullwidth_slider _builder_version=&#8221;4.4.5&#8243; background_repeat=&#8221;repeat&#8221; auto=&#8221;on&#8221; button_text_size__hover_enabled=&#8221;off&#8221; button_one_text_size__hover_enabled=&#8221;off&#8221; button_two_text_size__hover_enabled=&#8221;off&#8221; button_text_color__hover_enabled=&#8221;off&#8221; button_one_text_color__hover_enabled=&#8221;off&#8221; button_two_text_color__hover_enabled=&#8221;off&#8221; button_border_width__hover_enabled=&#8221;off&#8221; button_one_border_width__hover_enabled=&#8221;off&#8221; button_two_border_width__hover_enabled=&#8221;off&#8221; button_border_color__hover_enabled=&#8221;off&#8221; button_one_border_color__hover_enabled=&#8221;off&#8221; button_two_border_color__hover_enabled=&#8221;off&#8221; button_border_radius__hover_enabled=&#8221;off&#8221; button_one_border_radius__hover_enabled=&#8221;off&#8221; button_two_border_radius__hover_enabled=&#8221;off&#8221; button_letter_spacing__hover_enabled=&#8221;off&#8221; button_one_letter_spacing__hover_enabled=&#8221;off&#8221; button_two_letter_spacing__hover_enabled=&#8221;off&#8221; button_bg_color__hover_enabled=&#8221;off&#8221; button_one_bg_color__hover_enabled=&#8221;off&#8221; button_two_bg_color__hover_enabled=&#8221;off&#8221;][et_pb_slide _builder_version=&#8221;4.4.5&#8243; background_color=&#8221;#ffffff&#8221; background_image=&#8221;https:\/\/vejbyogson.dk\/wp-content\/uploads\/2018\/05\/Sproetelakering_Slider1.jpg&#8221; background_enable_image=&#8221;on&#8221; button_text_size__hover_enabled=&#8221;off&#8221; button_one_text_size__hover_enabled=&#8221;off&#8221; button_two_text_size__hover_enabled=&#8221;off&#8221; button_text_color__hover_enabled=&#8221;off&#8221; button_one_text_color__hover_enabled=&#8221;off&#8221; button_two_text_color__hover_enabled=&#8221;off&#8221; button_border_width__hover_enabled=&#8221;off&#8221; button_one_border_width__hover_enabled=&#8221;off&#8221; button_two_border_width__hover_enabled=&#8221;off&#8221; button_border_color__hover_enabled=&#8221;off&#8221; button_one_border_color__hover_enabled=&#8221;off&#8221; button_two_border_color__hover_enabled=&#8221;off&#8221; button_border_radius__hover_enabled=&#8221;off&#8221; button_one_border_radius__hover_enabled=&#8221;off&#8221; button_two_border_radius__hover_enabled=&#8221;off&#8221; button_letter_spacing__hover_enabled=&#8221;off&#8221; button_one_letter_spacing__hover_enabled=&#8221;off&#8221; button_two_letter_spacing__hover_enabled=&#8221;off&#8221; button_bg_color__hover_enabled=&#8221;off&#8221; button_one_bg_color__hover_enabled=&#8221;off&#8221; button_two_bg_color__hover_enabled=&#8221;off&#8221;][\/et_pb_slide][\/et_pb_fullwidth_slider][\/et_pb_section][et_pb_section fb_built=&#8221;1&#8243; _builder_version=&#8221;3.22.3&#8243;][et_pb_row _builder_version=&#8221;3.25&#8243;][et_pb_column type=&#8221;4_4&#8243; _builder_version=&#8221;3.25&#8243; custom_padding=&#8221;|||&#8221; custom_padding__hover=&#8221;|||&#8221;][et_pb_text _builder_version=&#8221;3.29.3&#8243;]<h1>Spr\u00f8jtemaling af d\u00f8re &#8211; Let, enkelt og billigt<\/h1>\n<p>Maling af d\u00f8re beh\u00f8ver ikke v\u00e6re en kompliceret &#8211; i hvert fald ikke, hvis du benytter dig af Malerfirma Kaj Vejby og S\u00f8n. Vi har gjort det let og ikke mindst billigt at forny udseende p\u00e5 dine d\u00f8re &#8211; noget, der i den grad er med til at give nyt liv og f\u00e5 helheden til at se mere harmonisk ud. Vi byder p\u00e5:<\/p>\n<p><strong>&#8211; Maling af d\u00f8re og professionel spr\u00f8jtelakering af d\u00f8re med flot finish<\/strong><\/p>\n<p style=\"text-align: center;\"><strong>Vil du h\u00f8re mere om spr\u00f8jtemaling af d\u00f8re, og hvad vi kan g\u00f8re for dig?<\/strong><\/p>\n<p style=\"text-align: center;\"><a href=\"tel:+4540583063\" rel=\"nofollow\" class=\"blue-cta\">Ring til os p\u00e5 4058 3063<\/a><\/p>\n<p>Vores erfarne team af h\u00e5ndv\u00e6rkere byder p\u00e5 stor ekspertise p\u00e5 omr\u00e5det. Vi r\u00e5der over eget v\u00e6rksted, hvor vi udf\u00f8rer mange af vores special-opgaver. Her kan du vide dig sikker p\u00e5 bl.a. et flot og ensartet resultat med brug af kvalitets-materialer. Her er der fokus p\u00e5 flot finish og ikke mindst alle de sm\u00e5 vigtige detaljer.<\/p>\n<p style=\"text-align: center;\"><\/p>[\/et_pb_text][\/et_pb_column][\/et_pb_row][et_pb_row _builder_version=&#8221;3.25&#8243;][et_pb_column type=&#8221;4_4&#8243; _builder_version=&#8221;3.25&#8243; custom_padding=&#8221;|||&#8221; custom_padding__hover=&#8221;|||&#8221;][et_pb_gallery gallery_ids=&#8221;830,794,793,792,791&#8243; gallery_captions=&#8221;,,,,,,&#8221; show_title_and_caption=&#8221;off&#8221; _builder_version=&#8221;4.4.5&#8243;][\/et_pb_gallery][\/et_pb_column][\/et_pb_row][et_pb_row _builder_version=&#8221;3.25&#8243;][et_pb_column type=&#8221;4_4&#8243; _builder_version=&#8221;3.25&#8243; custom_padding=&#8221;|||&#8221; custom_padding__hover=&#8221;|||&#8221;][et_pb_text _builder_version=&#8221;3.29.3&#8243;]<p style=\"text-align: left;\"><span style=\"color: #333333; font-size: 26px; text-align: left;\">Professionel spr\u00f8jtemaling af d\u00f8re<\/span><\/p>\n<p>Malerfirma Kaj Vejby og S\u00f8n byder p\u00e5 intet mindre end 50 \u00e5rs erfaring i branchen. Vi byder p\u00e5 alt i lakering, spr\u00f8jtning og ikke mindst industri-lakering. Vi h\u00e5ndterer \u00e5rligt et stort antal opgaver for s\u00e5vel private, offentlige som erhvervs-virksomheder.<\/p>\n<p><strong>&#8211; Vi d\u00e6kker hele malerfaget &#8211; stor ekspertise og erfarne h\u00e5ndv\u00e6rkere<\/strong><\/p>\n<p>Vores mange\u00e5rige virke i branchen har gjort os yderst effektive b\u00e5de, hvad ang\u00e5r tidsforbrug og materialer. Du kan altid vide dig sikker p\u00e5 h\u00f8j kvalitet og et stykke veludf\u00f8rt arbejde ved maling af d\u00f8re og lakering af d\u00f8re.<\/p>\n<p>For at sikre vores kunder bedst muligt og altid at kunne st\u00e5 inde for et veludf\u00f8rt stykke arbejde, s\u00e5 er vi bl.a. medlem af b\u00e5de Danske Malermestres Garantiordning samt H\u00e5ndv\u00e6rkernes Anken\u00e6vn &#8211; din garanti for veludf\u00f8rt h\u00e5ndv\u00e6rk.<\/p>\n<h2>Maling af d\u00f8rene giver nyt liv<\/h2>\n<p>Der er intet som et veludf\u00f8rt stykke malerarbejde &#8211; det skulle da lige v\u00e6re et veludf\u00f8rt stykke spr\u00f8jtearbejde. Hos Malerfirma Kaj Vejby og S\u00f8n s\u00e6tter vi en stor \u00e6re i at levere et smukt stykke arbejde. Dette g\u00e6lder naturligvis ogs\u00e5 for spr\u00f8jtemaling af d\u00f8re.<\/p>\n<p><strong>&#8211; Maling af d\u00f8re kan g\u00f8re den helt store forskel<\/strong><\/p>\n<p>Uanset om det drejer sig om d\u00f8re til private hjem, til virksomheder eller m\u00e5ske renoverings-arbejde i kirker, s\u00e5 kan netop renovering af d\u00f8re g\u00f8re den helt store forskel. Et smukt resultat giver dig flotte d\u00f8re mange \u00e5r ud i fremtiden.<\/p>\n<p>Vi byder ikke alene p\u00e5 malerarbejde, men ogs\u00e5 bygnings-arbejde, isolering, ops\u00e6tning af akustiklofter, behandling af gulve, p\u00e5f\u00f8ring af bladguld m.m.<\/p>\n<p style=\"text-align: center;\"><strong>Kontakt os allerede i dag for et uforpligtende tilbud eller en snak om dine mange muligheder.<\/strong><\/p>\n<p style=\"text-align: center;\"><a href=\"mailto:info@vejbyogson.dk\" class=\"blue-cta\">Send os en mail<\/a>\u00a0<a href=\"tel:+4540583063\" rel=\"nofollow\" class=\"blue-cta\">Eller ring p\u00e5 4058 3063<\/a><\/p>\n<p style=\"text-align: center;\"><strong>Vi udf\u00f8rer opgaver i Hj\u00f8rring, Aalborg og resten af Nordjylland.<\/strong><\/p>[\/et_pb_text][\/et_pb_column][\/et_pb_row][et_pb_row _builder_version=&#8221;3.25&#8243;][et_pb_column type=&#8221;4_4&#8243; _builder_version=&#8221;3.25&#8243; custom_padding=&#8221;|||&#8221; custom_padding__hover=&#8221;|||&#8221;][et_pb_gallery gallery_ids=&#8221;830,794,793,792,791&#8243; gallery_captions=&#8221;,,,,,,&#8221; show_title_and_caption=&#8221;off&#8221; _builder_version=&#8221;4.4.5&#8243;][\/et_pb_gallery][\/et_pb_column][\/et_pb_row][\/et_pb_section]\n","protected":false},"excerpt":{"rendered":"","protected":false},"author":1,"featured_media":0,"parent":77,"menu_order":0,"comment_status":"closed","ping_status":"closed","template":"","meta":{"_et_pb_use_builder":"on","_et_pb_old_content":"","_et_gb_content_width":"","footnotes":""},"class_list":["post-742","page","type-page","status-publish","hentry"],"yoast_head":"<!-- This site is optimized with the Yoast SEO plugin v26.8 - https:\/\/yoast.com\/product\/yoast-seo-wordpress\/ -->\n<title>Spr\u00f8jtemaling af d\u00f8re - Professionel maling af d\u00f8re n\u00e6r Hj\u00f8rring<\/title>\n<meta name=\"description\" content=\"Vejby og S\u00f8n har stor erfaring indenfor spr\u00f8jtemaling af d\u00f8re. Kontakt os for en uforpligtende snak om maling af dine d\u00f8re og l\u00e6s mere om vores arbejde her.\" \/>\n<meta name=\"robots\" content=\"index, follow, max-snippet:-1, max-image-preview:large, max-video-preview:-1\" \/>\n<link rel=\"canonical\" href=\"https:\/\/vejbyogson.dk\/?page_id=742\" \/>\n<meta property=\"og:locale\" content=\"da_DK\" \/>\n<meta property=\"og:type\" content=\"article\" \/>\n<meta property=\"og:title\" content=\"Spr\u00f8jtemaling af d\u00f8re - Professionel maling af d\u00f8re n\u00e6r Hj\u00f8rring\" \/>\n<meta property=\"og:description\" content=\"Vejby og S\u00f8n har stor erfaring indenfor spr\u00f8jtemaling af d\u00f8re. Kontakt os for en uforpligtende snak om maling af dine d\u00f8re og l\u00e6s mere om vores arbejde her.\" \/>\n<meta property=\"og:url\" content=\"https:\/\/vejbyogson.dk\/?page_id=742\" \/>\n<meta property=\"og:site_name\" content=\"Malerfirma Kaj Vejby &amp; S\u00f8n\" \/>\n<meta property=\"article:modified_time\" content=\"2020-09-29T09:04:30+00:00\" \/>\n<meta name=\"twitter:card\" content=\"summary_large_image\" \/>\n<meta name=\"twitter:label1\" content=\"Estimeret l\u00e6setid\" \/>\n\t<meta name=\"twitter:data1\" content=\"5 minutter\" \/>\n<script type=\"application\/ld+json\" class=\"yoast-schema-graph\">{\"@context\":\"https:\/\/schema.org\",\"@graph\":[{\"@type\":\"WebPage\",\"@id\":\"https:\/\/vejbyogson.dk\/?page_id=742\",\"url\":\"https:\/\/vejbyogson.dk\/?page_id=742\",\"name\":\"Spr\u00f8jtemaling af d\u00f8re - Professionel maling af d\u00f8re n\u00e6r Hj\u00f8rring\",\"isPartOf\":{\"@id\":\"https:\/\/vejbyogson.dk\/#website\"},\"datePublished\":\"2019-11-26T11:27:25+00:00\",\"dateModified\":\"2020-09-29T09:04:30+00:00\",\"description\":\"Vejby og S\u00f8n har stor erfaring indenfor spr\u00f8jtemaling af d\u00f8re. Kontakt os for en uforpligtende snak om maling af dine d\u00f8re og l\u00e6s mere om vores arbejde her.\",\"breadcrumb\":{\"@id\":\"https:\/\/vejbyogson.dk\/?page_id=742#breadcrumb\"},\"inLanguage\":\"da-DK\",\"potentialAction\":[{\"@type\":\"ReadAction\",\"target\":[\"https:\/\/vejbyogson.dk\/?page_id=742\"]}]},{\"@type\":\"BreadcrumbList\",\"@id\":\"https:\/\/vejbyogson.dk\/?page_id=742#breadcrumb\",\"itemListElement\":[{\"@type\":\"ListItem\",\"position\":1,\"name\":\"Hjem\",\"item\":\"https:\/\/vejbyogson.dk\/\"},{\"@type\":\"ListItem\",\"position\":2,\"name\":\"Vi tilbyder\",\"item\":\"https:\/\/vejbyogson.dk\/?page_id=77\"},{\"@type\":\"ListItem\",\"position\":3,\"name\":\"Spr\u00f8jtemaling af d\u00f8rer\"}]},{\"@type\":\"WebSite\",\"@id\":\"https:\/\/vejbyogson.dk\/#website\",\"url\":\"https:\/\/vejbyogson.dk\/\",\"name\":\"Malerfirma Kaj Vejby &amp; S\u00f8n\",\"description\":\"Malerfirma Kaj Vejby &amp; S\u00f8n\",\"potentialAction\":[{\"@type\":\"SearchAction\",\"target\":{\"@type\":\"EntryPoint\",\"urlTemplate\":\"https:\/\/vejbyogson.dk\/?s={search_term_string}\"},\"query-input\":{\"@type\":\"PropertyValueSpecification\",\"valueRequired\":true,\"valueName\":\"search_term_string\"}}],\"inLanguage\":\"da-DK\"}]}<\/script>\n<!-- \/ Yoast SEO plugin. -->","yoast_head_json":{"title":"Spr\u00f8jtemaling af d\u00f8re - Professionel maling af d\u00f8re n\u00e6r Hj\u00f8rring","description":"Vejby og S\u00f8n har stor erfaring indenfor spr\u00f8jtemaling af d\u00f8re. Kontakt os for en uforpligtende snak om maling af dine d\u00f8re og l\u00e6s mere om vores arbejde her.","robots":{"index":"index","follow":"follow","max-snippet":"max-snippet:-1","max-image-preview":"max-image-preview:large","max-video-preview":"max-video-preview:-1"},"canonical":"https:\/\/vejbyogson.dk\/?page_id=742","og_locale":"da_DK","og_type":"article","og_title":"Spr\u00f8jtemaling af d\u00f8re - Professionel maling af d\u00f8re n\u00e6r Hj\u00f8rring","og_description":"Vejby og S\u00f8n har stor erfaring indenfor spr\u00f8jtemaling af d\u00f8re. Kontakt os for en uforpligtende snak om maling af dine d\u00f8re og l\u00e6s mere om vores arbejde her.","og_url":"https:\/\/vejbyogson.dk\/?page_id=742","og_site_name":"Malerfirma Kaj Vejby &amp; S\u00f8n","article_modified_time":"2020-09-29T09:04:30+00:00","twitter_card":"summary_large_image","twitter_misc":{"Estimeret l\u00e6setid":"5 minutter"},"schema":{"@context":"https:\/\/schema.org","@graph":[{"@type":"WebPage","@id":"https:\/\/vejbyogson.dk\/?page_id=742","url":"https:\/\/vejbyogson.dk\/?page_id=742","name":"Spr\u00f8jtemaling af d\u00f8re - Professionel maling af d\u00f8re n\u00e6r Hj\u00f8rring","isPartOf":{"@id":"https:\/\/vejbyogson.dk\/#website"},"datePublished":"2019-11-26T11:27:25+00:00","dateModified":"2020-09-29T09:04:30+00:00","description":"Vejby og S\u00f8n har stor erfaring indenfor spr\u00f8jtemaling af d\u00f8re. Kontakt os for en uforpligtende snak om maling af dine d\u00f8re og l\u00e6s mere om vores arbejde her.","breadcrumb":{"@id":"https:\/\/vejbyogson.dk\/?page_id=742#breadcrumb"},"inLanguage":"da-DK","potentialAction":[{"@type":"ReadAction","target":["https:\/\/vejbyogson.dk\/?page_id=742"]}]},{"@type":"BreadcrumbList","@id":"https:\/\/vejbyogson.dk\/?page_id=742#breadcrumb","itemListElement":[{"@type":"ListItem","position":1,"name":"Hjem","item":"https:\/\/vejbyogson.dk\/"},{"@type":"ListItem","position":2,"name":"Vi tilbyder","item":"https:\/\/vejbyogson.dk\/?page_id=77"},{"@type":"ListItem","position":3,"name":"Spr\u00f8jtemaling af d\u00f8rer"}]},{"@type":"WebSite","@id":"https:\/\/vejbyogson.dk\/#website","url":"https:\/\/vejbyogson.dk\/","name":"Malerfirma Kaj Vejby &amp; S\u00f8n","description":"Malerfirma Kaj Vejby &amp; S\u00f8n","potentialAction":[{"@type":"SearchAction","target":{"@type":"EntryPoint","urlTemplate":"https:\/\/vejbyogson.dk\/?s={search_term_string}"},"query-input":{"@type":"PropertyValueSpecification","valueRequired":true,"valueName":"search_term_string"}}],"inLanguage":"da-DK"}]}},"_links":{"self":[{"href":"https:\/\/vejbyogson.dk\/index.php?rest_route=\/wp\/v2\/pages\/742","targetHints":{"allow":["GET"]}}],"collection":[{"href":"https:\/\/vejbyogson.dk\/index.php?rest_route=\/wp\/v2\/pages"}],"about":[{"href":"https:\/\/vejbyogson.dk\/index.php?rest_route=\/wp\/v2\/types\/page"}],"author":[{"embeddable":true,"href":"https:\/\/vejbyogson.dk\/index.php?rest_route=\/wp\/v2\/users\/1"}],"replies":[{"embeddable":true,"href":"https:\/\/vejbyogson.dk\/index.php?rest_route=%2Fwp%2Fv2%2Fcomments&post=742"}],"version-history":[{"count":6,"href":"https:\/\/vejbyogson.dk\/index.php?rest_route=\/wp\/v2\/pages\/742\/revisions"}],"predecessor-version":[{"id":939,"href":"https:\/\/vejbyogson.dk\/index.php?rest_route=\/wp\/v2\/pages\/742\/revisions\/939"}],"up":[{"embeddable":true,"href":"https:\/\/vejbyogson.dk\/index.php?rest_route=\/wp\/v2\/pages\/77"}],"wp:attachment":[{"href":"https:\/\/vejbyogson.dk\/index.php?rest_route=%2Fwp%2Fv2%2Fmedia&parent=742"}],"curies":[{"name":"wp","href":"https:\/\/api.w.org\/{rel}","templated":true}]}}