{"id":658,"date":"2019-07-02T09:22:40","date_gmt":"2019-07-02T09:22:40","guid":{"rendered":"https:\/\/vejbyogson.dk\/?page_id=658"},"modified":"2020-09-29T09:03:48","modified_gmt":"2020-09-29T09:03:48","slug":"sproejtemaling","status":"publish","type":"page","link":"https:\/\/vejbyogson.dk\/?page_id=658","title":{"rendered":"Spr\u00f8jtemaling"},"content":{"rendered":"\n[et_pb_section fb_built=&#8221;1&#8243; fullwidth=&#8221;on&#8221; _builder_version=&#8221;3.22.3&#8243;][et_pb_fullwidth_slider _builder_version=&#8221;4.4.6&#8243; background_repeat=&#8221;repeat&#8221; auto=&#8221;on&#8221; button_text_size__hover_enabled=&#8221;off&#8221; button_one_text_size__hover_enabled=&#8221;off&#8221; button_two_text_size__hover_enabled=&#8221;off&#8221; button_text_color__hover_enabled=&#8221;off&#8221; button_one_text_color__hover_enabled=&#8221;off&#8221; button_two_text_color__hover_enabled=&#8221;off&#8221; button_border_width__hover_enabled=&#8221;off&#8221; button_one_border_width__hover_enabled=&#8221;off&#8221; button_two_border_width__hover_enabled=&#8221;off&#8221; button_border_color__hover_enabled=&#8221;off&#8221; button_one_border_color__hover_enabled=&#8221;off&#8221; button_two_border_color__hover_enabled=&#8221;off&#8221; button_border_radius__hover_enabled=&#8221;off&#8221; button_one_border_radius__hover_enabled=&#8221;off&#8221; button_two_border_radius__hover_enabled=&#8221;off&#8221; button_letter_spacing__hover_enabled=&#8221;off&#8221; button_one_letter_spacing__hover_enabled=&#8221;off&#8221; button_two_letter_spacing__hover_enabled=&#8221;off&#8221; button_bg_color__hover_enabled=&#8221;off&#8221; button_one_bg_color__hover_enabled=&#8221;off&#8221; button_two_bg_color__hover_enabled=&#8221;off&#8221;][et_pb_slide _builder_version=&#8221;4.4.6&#8243; background_color=&#8221;#ffffff&#8221; background_image=&#8221;https:\/\/vejbyogson.dk\/wp-content\/uploads\/2018\/05\/Sproetelakering_Slider1.jpg&#8221; background_enable_image=&#8221;on&#8221; button_text_size__hover_enabled=&#8221;off&#8221; button_one_text_size__hover_enabled=&#8221;off&#8221; button_two_text_size__hover_enabled=&#8221;off&#8221; button_text_color__hover_enabled=&#8221;off&#8221; button_one_text_color__hover_enabled=&#8221;off&#8221; button_two_text_color__hover_enabled=&#8221;off&#8221; button_border_width__hover_enabled=&#8221;off&#8221; button_one_border_width__hover_enabled=&#8221;off&#8221; button_two_border_width__hover_enabled=&#8221;off&#8221; button_border_color__hover_enabled=&#8221;off&#8221; button_one_border_color__hover_enabled=&#8221;off&#8221; button_two_border_color__hover_enabled=&#8221;off&#8221; button_border_radius__hover_enabled=&#8221;off&#8221; button_one_border_radius__hover_enabled=&#8221;off&#8221; button_two_border_radius__hover_enabled=&#8221;off&#8221; button_letter_spacing__hover_enabled=&#8221;off&#8221; button_one_letter_spacing__hover_enabled=&#8221;off&#8221; button_two_letter_spacing__hover_enabled=&#8221;off&#8221; button_bg_color__hover_enabled=&#8221;off&#8221; button_one_bg_color__hover_enabled=&#8221;off&#8221; button_two_bg_color__hover_enabled=&#8221;off&#8221;][\/et_pb_slide][et_pb_slide _builder_version=&#8221;4.4.6&#8243; background_color=&#8221;#ffffff&#8221; background_image=&#8221;https:\/\/vejbyogson.dk\/wp-content\/uploads\/2018\/05\/Sproetelakering_Slider2.jpg&#8221; background_enable_image=&#8221;on&#8221; button_text_size__hover_enabled=&#8221;off&#8221; button_one_text_size__hover_enabled=&#8221;off&#8221; button_two_text_size__hover_enabled=&#8221;off&#8221; button_text_color__hover_enabled=&#8221;off&#8221; button_one_text_color__hover_enabled=&#8221;off&#8221; button_two_text_color__hover_enabled=&#8221;off&#8221; button_border_width__hover_enabled=&#8221;off&#8221; button_one_border_width__hover_enabled=&#8221;off&#8221; button_two_border_width__hover_enabled=&#8221;off&#8221; button_border_color__hover_enabled=&#8221;off&#8221; button_one_border_color__hover_enabled=&#8221;off&#8221; button_two_border_color__hover_enabled=&#8221;off&#8221; button_border_radius__hover_enabled=&#8221;off&#8221; button_one_border_radius__hover_enabled=&#8221;off&#8221; button_two_border_radius__hover_enabled=&#8221;off&#8221; button_letter_spacing__hover_enabled=&#8221;off&#8221; button_one_letter_spacing__hover_enabled=&#8221;off&#8221; button_two_letter_spacing__hover_enabled=&#8221;off&#8221; button_bg_color__hover_enabled=&#8221;off&#8221; button_one_bg_color__hover_enabled=&#8221;off&#8221; button_two_bg_color__hover_enabled=&#8221;off&#8221;][\/et_pb_slide][et_pb_slide _builder_version=&#8221;4.4.6&#8243; background_color=&#8221;#ffffff&#8221; background_image=&#8221;https:\/\/vejbyogson.dk\/wp-content\/uploads\/2018\/05\/Sproetelakering_Slider3.jpg&#8221; background_enable_image=&#8221;on&#8221; button_text_size__hover_enabled=&#8221;off&#8221; button_one_text_size__hover_enabled=&#8221;off&#8221; button_two_text_size__hover_enabled=&#8221;off&#8221; button_text_color__hover_enabled=&#8221;off&#8221; button_one_text_color__hover_enabled=&#8221;off&#8221; button_two_text_color__hover_enabled=&#8221;off&#8221; button_border_width__hover_enabled=&#8221;off&#8221; button_one_border_width__hover_enabled=&#8221;off&#8221; button_two_border_width__hover_enabled=&#8221;off&#8221; button_border_color__hover_enabled=&#8221;off&#8221; button_one_border_color__hover_enabled=&#8221;off&#8221; button_two_border_color__hover_enabled=&#8221;off&#8221; button_border_radius__hover_enabled=&#8221;off&#8221; button_one_border_radius__hover_enabled=&#8221;off&#8221; button_two_border_radius__hover_enabled=&#8221;off&#8221; button_letter_spacing__hover_enabled=&#8221;off&#8221; button_one_letter_spacing__hover_enabled=&#8221;off&#8221; button_two_letter_spacing__hover_enabled=&#8221;off&#8221; button_bg_color__hover_enabled=&#8221;off&#8221; button_one_bg_color__hover_enabled=&#8221;off&#8221; button_two_bg_color__hover_enabled=&#8221;off&#8221;][\/et_pb_slide][\/et_pb_fullwidth_slider][\/et_pb_section][et_pb_section fb_built=&#8221;1&#8243; _builder_version=&#8221;3.22.3&#8243;][et_pb_row _builder_version=&#8221;3.25&#8243; custom_padding=&#8221;27px|||2px||&#8221;][et_pb_column type=&#8221;4_4&#8243; _builder_version=&#8221;3.25&#8243; custom_padding=&#8221;|||&#8221; custom_padding__hover=&#8221;|||&#8221;][et_pb_text _builder_version=&#8221;4.4.6&#8243;]<h1>Spr\u00f8jtemaling af k\u00f8kkenl\u00e5ger, d\u00f8re og m\u00f8bler &#8211; Flot, slidst\u00e6rkt og billigt<\/h1>\n<p>Vi har gjort det let og ikke mindst billigt at forny udseende p\u00e5 dit k\u00f8kken, d\u00f8re m\u00f8bler og meget andet &#8211; noget, der i den grad er med til at give nyt liv til eksisterende inventar. Vi tilbyder bland andet:<\/p>\n<p><strong>\u2013 Maling af d\u00f8re og professionel spr\u00f8jtelakering af d\u00f8re med flot finish<\/strong><\/p>\n<p><strong>\u2013<\/strong><strong> Spr\u00f8jtemaling af k\u00f8kkenl\u00e5ger er en slidst\u00e6rk og flot l\u00f8sning<\/strong><strong><\/strong><\/p>\n<p><strong>\u2013 Spr\u00f8jtelakering af m\u00f8bler med kvalitets-materialer og stor ekspertise \u2013 altid til fornuftige priser<\/strong><\/p>\n<p style=\"text-align: center;\"><strong>Vil du h\u00f8re mere om spr\u00f8jtemaling og hvad vi kan g\u00f8re for dig?<\/strong><\/p>\n<p style=\"text-align: center;\"><a href=\"tel:+4540583063\" rel=\"nofollow\" class=\"blue-cta\">Ring til os p\u00e5 4058 3063<\/a><\/p>\n<p style=\"text-align: center;\"><\/p>[\/et_pb_text][\/et_pb_column][\/et_pb_row][et_pb_row column_structure=&#8221;1_3,1_3,1_3&#8243; _builder_version=&#8221;4.4.6&#8243;][et_pb_column type=&#8221;1_3&#8243; _builder_version=&#8221;4.4.6&#8243;][et_pb_image src=&#8221;https:\/\/vejbyogson.dk\/wp-content\/uploads\/2020\/05\/Spr\u00f8jtemaling_K\u00f8kken.jpg&#8221; title_text=&#8221;KONICA MINOLTA DIGITAL CAMERA&#8221; url=&#8221;https:\/\/vejbyogson.dk\/vi-tilbyder\/sproejtemaling-af-koekkenlaager\/&#8221; _builder_version=&#8221;4.4.6&#8243;][\/et_pb_image][et_pb_blurb title=&#8221;Spr\u00f8jtemaling af k\u00f8kkenl\u00e5ger&#8221; url=&#8221;https:\/\/vejbyogson.dk\/vi-tilbyder\/sproejtemaling-af-koekkenlaager\/&#8221; _builder_version=&#8221;4.4.6&#8243; custom_padding=&#8221;2px|||||&#8221;]Spr\u00f8jtemaling af k\u00f8kkenl\u00e5ger er en slidst\u00e6rk og flot l\u00f8sning[\/et_pb_blurb][\/et_pb_column][et_pb_column type=&#8221;1_3&#8243; _builder_version=&#8221;4.4.6&#8243;][et_pb_image src=&#8221;https:\/\/vejbyogson.dk\/wp-content\/uploads\/2020\/05\/Spr\u00f8jtemaling_M\u00f8bler.jpg&#8221; title_text=&#8221;Spr\u00f8jtemaling_M\u00f8bler&#8221; url=&#8221;https:\/\/vejbyogson.dk\/vi-tilbyder\/sproejtemaling-af-moebler\/&#8221; _builder_version=&#8221;4.4.6&#8243;][\/et_pb_image][et_pb_blurb title=&#8221;M\u00f8belmaler&#8221; _builder_version=&#8221;4.4.6&#8243;]Spr\u00f8jtelakering af m\u00f8bler med kvalitets-materialer og stor ekspertise \u2013 altid til fornuftige priser[\/et_pb_blurb][\/et_pb_column][et_pb_column type=&#8221;1_3&#8243; _builder_version=&#8221;4.4.6&#8243;][et_pb_image src=&#8221;https:\/\/vejbyogson.dk\/wp-content\/uploads\/2020\/05\/Spr\u00f8jtemaling_D\u00f8re.jpg&#8221; title_text=&#8221;Spr\u00f8jtemaling_D\u00f8re&#8221; _builder_version=&#8221;4.4.6&#8243;][\/et_pb_image][et_pb_blurb title=&#8221;Spr\u00f8jtemaing af d\u00f8re&#8221; url=&#8221;https:\/\/vejbyogson.dk\/vi-tilbyder\/sprojtemaling-af-doere\/&#8221; _builder_version=&#8221;4.4.6&#8243; hover_enabled=&#8221;0&#8243;]Maling af d\u00f8re og professionel spr\u00f8jtelakering af d\u00f8re med flot finish[\/et_pb_blurb][\/et_pb_column][\/et_pb_row][et_pb_row _builder_version=&#8221;4.4.8&#8243;][et_pb_column _builder_version=&#8221;4.4.8&#8243; type=&#8221;4_4&#8243;][et_pb_text _builder_version=&#8221;4.4.8&#8243; hover_enabled=&#8221;0&#8243;]<p><span style=\"color: #333333; font-size: 26px;\">Alt i spr\u00f8jtelakering og spr\u00f8jtemaling<\/span><\/p>\n<p><strong><\/strong><\/p>\n<p>Malerfirma Kaj Vejby og S\u00f8n udf\u00f8rer mange forskelligeartede opgaver indenfor dette omr\u00e5de og tilbyder spr\u00f8jtning af emner i materialer som f.eks.:<\/p>\n<p>&#8211; Tr\u00e6<\/p>\n<p>&#8211; Aluminium<\/p>\n<p>&#8211; Plast<\/p>\n<p>&#8211; St\u00e5l<\/p>\n<p>Vi udf\u00f8rer mange opgaver, der kan indeholde behandling af eksempelvis k\u00f8kkenl\u00e5ger, m\u00f8bler, kunstgenstande, d\u00f8re, vinduer, dekorationer m.m. Ingen opgave er for stor eller for lille til vores professionelle team af h\u00e5ndv\u00e6rkere.<\/p>\n<p style=\"text-align: center;\"><\/p>[\/et_pb_text][\/et_pb_column][\/et_pb_row][et_pb_row _builder_version=&#8221;4.4.8&#8243;][et_pb_column _builder_version=&#8221;4.4.8&#8243; type=&#8221;4_4&#8243;][et_pb_gallery _builder_version=&#8221;4.4.8&#8243; gallery_ids=&#8221;205,206,211,212,218,215,216,213,209,210,208,207&#8243; hover_enabled=&#8221;0&#8243; show_title_and_caption=&#8221;off&#8221;][\/et_pb_gallery][\/et_pb_column][\/et_pb_row][et_pb_row _builder_version=&#8221;4.4.8&#8243;][et_pb_column _builder_version=&#8221;4.4.8&#8243; type=&#8221;4_4&#8243;][et_pb_text _builder_version=&#8221;4.4.8&#8243; hover_enabled=&#8221;0&#8243;]<p><span style=\"color: #333333; font-size: 26px;\">Spr\u00f8jtemaling i h\u00f8j kvalitet<\/span><\/p>\n<p>Vi s\u00e6tter netop en stor \u00e6re i at levere et godt stykke arbejde, s\u00e5 vi g\u00e5r aldrig p\u00e5 kompromis med kvaliteten selv om vi leverer services til fornuftige priser. Vi g\u00f8r udelukkende brug af professionelle m\u00e6rker, og s\u00f8rger for at levere det perfekte slutresultat gang p\u00e5 gang. Vi er garant for god kvalitet og er bl.a.:<\/p>\n<p>&#8211; Medlemmer af H\u00e5ndv\u00e6rkernes Anken\u00e6vn<\/p>\n<p>&#8211; Medlemmer af Danske Malermestres Garantiordning<\/p>\n<p>Er du p\u00e5 udkig efter en erfaren spr\u00f8jtemaler, der g\u00f8r brug af professionel maling, til enten store eller sm\u00e5 opgaver, s\u00e5 er Malerfirma Kaj Vejby og S\u00f8n det helt rette sted at f\u00e5 l\u00f8st din opgave. Vi r\u00e5der over eget v\u00e6rksted, hvor vi udf\u00f8rer en lang r\u00e6kke special-opgaver.<\/p>\n<p>Opgaverne kan variere b\u00e5de, hvad ang\u00e5r lakering, spr\u00f8jtning og \u00f8vrige maler-, bygnings- og renoverings-opgaver, og derfor kan s\u00e5vel tidsforbrug, n\u00f8dvendige kompetencer, areal og ikke mindst materialeforbrug variere fra gang til gang &#8211; derfor giver vi hver gang en vurdering af opgaven s\u00e5ledes, at vi sammen kan finde den perfekte l\u00f8sning og ikke mindst finde en fornuftig pris.<\/p>\n<p style=\"text-align: center;\"><strong>Kontakt os allerede i dag for et uforpligtende tilbud eller en snak om dine muligheder. Vi udf\u00f8rer opgaver i hele Nordjylland:<\/strong><\/p>\n<p style=\"text-align: center;\"><a href=\"mailto:info@vejbyogson.dk\" class=\"blue-cta\">Skriv til os<\/a>\u00a0<a href=\"tel:+4540583063\" rel=\"nofollow\" class=\"blue-cta\">Eller ring p\u00e5 4058 3063<\/a><\/p>[\/et_pb_text][\/et_pb_column][\/et_pb_row][\/et_pb_section]\n","protected":false},"excerpt":{"rendered":"","protected":false},"author":1,"featured_media":0,"parent":77,"menu_order":0,"comment_status":"closed","ping_status":"closed","template":"","meta":{"_et_pb_use_builder":"on","_et_pb_old_content":"","_et_gb_content_width":"","footnotes":""},"class_list":["post-658","page","type-page","status-publish","hentry"],"yoast_head":"<!-- This site is optimized with the Yoast SEO plugin v26.8 - https:\/\/yoast.com\/product\/yoast-seo-wordpress\/ -->\n<title>Spr\u00f8jtemaler - Professionel spr\u00f8jtelakering til ordentlige priser<\/title>\n<meta name=\"description\" content=\"Vi tilbyder spr\u00f8jtelakering og spr\u00f8jtemaling af alt lige fra m\u00f8bler og k\u00f8kkenl\u00e5ger, samt diverse emner som aluminium, plast og st\u00e5l. L\u00e6s mere og kontakt os her.\" \/>\n<meta name=\"robots\" content=\"index, follow, max-snippet:-1, max-image-preview:large, max-video-preview:-1\" \/>\n<link rel=\"canonical\" href=\"https:\/\/vejbyogson.dk\/?page_id=658\" \/>\n<meta property=\"og:locale\" content=\"da_DK\" \/>\n<meta property=\"og:type\" content=\"article\" \/>\n<meta property=\"og:title\" content=\"Spr\u00f8jtemaler - Professionel spr\u00f8jtelakering til ordentlige priser\" \/>\n<meta property=\"og:description\" content=\"Vi tilbyder spr\u00f8jtelakering og spr\u00f8jtemaling af alt lige fra m\u00f8bler og k\u00f8kkenl\u00e5ger, samt diverse emner som aluminium, plast og st\u00e5l. L\u00e6s mere og kontakt os her.\" \/>\n<meta property=\"og:url\" content=\"https:\/\/vejbyogson.dk\/?page_id=658\" \/>\n<meta property=\"og:site_name\" content=\"Malerfirma Kaj Vejby &amp; S\u00f8n\" \/>\n<meta property=\"article:modified_time\" content=\"2020-09-29T09:03:48+00:00\" \/>\n<meta name=\"twitter:card\" content=\"summary_large_image\" \/>\n<meta name=\"twitter:label1\" content=\"Estimeret l\u00e6setid\" \/>\n\t<meta name=\"twitter:data1\" content=\"7 minutter\" \/>\n<script type=\"application\/ld+json\" class=\"yoast-schema-graph\">{\"@context\":\"https:\/\/schema.org\",\"@graph\":[{\"@type\":\"WebPage\",\"@id\":\"https:\/\/vejbyogson.dk\/?page_id=658\",\"url\":\"https:\/\/vejbyogson.dk\/?page_id=658\",\"name\":\"Spr\u00f8jtemaler - Professionel spr\u00f8jtelakering til ordentlige priser\",\"isPartOf\":{\"@id\":\"https:\/\/vejbyogson.dk\/#website\"},\"datePublished\":\"2019-07-02T09:22:40+00:00\",\"dateModified\":\"2020-09-29T09:03:48+00:00\",\"description\":\"Vi tilbyder spr\u00f8jtelakering og spr\u00f8jtemaling af alt lige fra m\u00f8bler og k\u00f8kkenl\u00e5ger, samt diverse emner som aluminium, plast og st\u00e5l. L\u00e6s mere og kontakt os her.\",\"breadcrumb\":{\"@id\":\"https:\/\/vejbyogson.dk\/?page_id=658#breadcrumb\"},\"inLanguage\":\"da-DK\",\"potentialAction\":[{\"@type\":\"ReadAction\",\"target\":[\"https:\/\/vejbyogson.dk\/?page_id=658\"]}]},{\"@type\":\"BreadcrumbList\",\"@id\":\"https:\/\/vejbyogson.dk\/?page_id=658#breadcrumb\",\"itemListElement\":[{\"@type\":\"ListItem\",\"position\":1,\"name\":\"Hjem\",\"item\":\"https:\/\/vejbyogson.dk\/\"},{\"@type\":\"ListItem\",\"position\":2,\"name\":\"Vi tilbyder\",\"item\":\"https:\/\/vejbyogson.dk\/?page_id=77\"},{\"@type\":\"ListItem\",\"position\":3,\"name\":\"Spr\u00f8jtemaling\"}]},{\"@type\":\"WebSite\",\"@id\":\"https:\/\/vejbyogson.dk\/#website\",\"url\":\"https:\/\/vejbyogson.dk\/\",\"name\":\"Malerfirma Kaj Vejby &amp; S\u00f8n\",\"description\":\"Malerfirma Kaj Vejby &amp; S\u00f8n\",\"potentialAction\":[{\"@type\":\"SearchAction\",\"target\":{\"@type\":\"EntryPoint\",\"urlTemplate\":\"https:\/\/vejbyogson.dk\/?s={search_term_string}\"},\"query-input\":{\"@type\":\"PropertyValueSpecification\",\"valueRequired\":true,\"valueName\":\"search_term_string\"}}],\"inLanguage\":\"da-DK\"}]}<\/script>\n<!-- \/ Yoast SEO plugin. -->","yoast_head_json":{"title":"Spr\u00f8jtemaler - Professionel spr\u00f8jtelakering til ordentlige priser","description":"Vi tilbyder spr\u00f8jtelakering og spr\u00f8jtemaling af alt lige fra m\u00f8bler og k\u00f8kkenl\u00e5ger, samt diverse emner som aluminium, plast og st\u00e5l. L\u00e6s mere og kontakt os her.","robots":{"index":"index","follow":"follow","max-snippet":"max-snippet:-1","max-image-preview":"max-image-preview:large","max-video-preview":"max-video-preview:-1"},"canonical":"https:\/\/vejbyogson.dk\/?page_id=658","og_locale":"da_DK","og_type":"article","og_title":"Spr\u00f8jtemaler - Professionel spr\u00f8jtelakering til ordentlige priser","og_description":"Vi tilbyder spr\u00f8jtelakering og spr\u00f8jtemaling af alt lige fra m\u00f8bler og k\u00f8kkenl\u00e5ger, samt diverse emner som aluminium, plast og st\u00e5l. L\u00e6s mere og kontakt os her.","og_url":"https:\/\/vejbyogson.dk\/?page_id=658","og_site_name":"Malerfirma Kaj Vejby &amp; S\u00f8n","article_modified_time":"2020-09-29T09:03:48+00:00","twitter_card":"summary_large_image","twitter_misc":{"Estimeret l\u00e6setid":"7 minutter"},"schema":{"@context":"https:\/\/schema.org","@graph":[{"@type":"WebPage","@id":"https:\/\/vejbyogson.dk\/?page_id=658","url":"https:\/\/vejbyogson.dk\/?page_id=658","name":"Spr\u00f8jtemaler - Professionel spr\u00f8jtelakering til ordentlige priser","isPartOf":{"@id":"https:\/\/vejbyogson.dk\/#website"},"datePublished":"2019-07-02T09:22:40+00:00","dateModified":"2020-09-29T09:03:48+00:00","description":"Vi tilbyder spr\u00f8jtelakering og spr\u00f8jtemaling af alt lige fra m\u00f8bler og k\u00f8kkenl\u00e5ger, samt diverse emner som aluminium, plast og st\u00e5l. L\u00e6s mere og kontakt os her.","breadcrumb":{"@id":"https:\/\/vejbyogson.dk\/?page_id=658#breadcrumb"},"inLanguage":"da-DK","potentialAction":[{"@type":"ReadAction","target":["https:\/\/vejbyogson.dk\/?page_id=658"]}]},{"@type":"BreadcrumbList","@id":"https:\/\/vejbyogson.dk\/?page_id=658#breadcrumb","itemListElement":[{"@type":"ListItem","position":1,"name":"Hjem","item":"https:\/\/vejbyogson.dk\/"},{"@type":"ListItem","position":2,"name":"Vi tilbyder","item":"https:\/\/vejbyogson.dk\/?page_id=77"},{"@type":"ListItem","position":3,"name":"Spr\u00f8jtemaling"}]},{"@type":"WebSite","@id":"https:\/\/vejbyogson.dk\/#website","url":"https:\/\/vejbyogson.dk\/","name":"Malerfirma Kaj Vejby &amp; S\u00f8n","description":"Malerfirma Kaj Vejby &amp; S\u00f8n","potentialAction":[{"@type":"SearchAction","target":{"@type":"EntryPoint","urlTemplate":"https:\/\/vejbyogson.dk\/?s={search_term_string}"},"query-input":{"@type":"PropertyValueSpecification","valueRequired":true,"valueName":"search_term_string"}}],"inLanguage":"da-DK"}]}},"_links":{"self":[{"href":"https:\/\/vejbyogson.dk\/index.php?rest_route=\/wp\/v2\/pages\/658","targetHints":{"allow":["GET"]}}],"collection":[{"href":"https:\/\/vejbyogson.dk\/index.php?rest_route=\/wp\/v2\/pages"}],"about":[{"href":"https:\/\/vejbyogson.dk\/index.php?rest_route=\/wp\/v2\/types\/page"}],"author":[{"embeddable":true,"href":"https:\/\/vejbyogson.dk\/index.php?rest_route=\/wp\/v2\/users\/1"}],"replies":[{"embeddable":true,"href":"https:\/\/vejbyogson.dk\/index.php?rest_route=%2Fwp%2Fv2%2Fcomments&post=658"}],"version-history":[{"count":10,"href":"https:\/\/vejbyogson.dk\/index.php?rest_route=\/wp\/v2\/pages\/658\/revisions"}],"predecessor-version":[{"id":938,"href":"https:\/\/vejbyogson.dk\/index.php?rest_route=\/wp\/v2\/pages\/658\/revisions\/938"}],"up":[{"embeddable":true,"href":"https:\/\/vejbyogson.dk\/index.php?rest_route=\/wp\/v2\/pages\/77"}],"wp:attachment":[{"href":"https:\/\/vejbyogson.dk\/index.php?rest_route=%2Fwp%2Fv2%2Fmedia&parent=658"}],"curies":[{"name":"wp","href":"https:\/\/api.w.org\/{rel}","templated":true}]}}