{"id":653,"date":"2019-07-02T09:16:26","date_gmt":"2019-07-02T09:16:26","guid":{"rendered":"https:\/\/vejbyogson.dk\/?page_id=653"},"modified":"2020-05-17T19:47:16","modified_gmt":"2020-05-17T19:47:16","slug":"sproejtemaling-af-moebler","status":"publish","type":"page","link":"https:\/\/vejbyogson.dk\/?page_id=653","title":{"rendered":"Spr\u00f8jtemaling af m\u00f8bler"},"content":{"rendered":"<p>[et_pb_section fb_built=&#8221;1&#8243; fullwidth=&#8221;on&#8221; _builder_version=&#8221;3.22.3&#8243;][et_pb_fullwidth_slider _builder_version=&#8221;4.4.5&#8243; background_repeat=&#8221;repeat&#8221; auto=&#8221;on&#8221; button_text_size__hover_enabled=&#8221;off&#8221; button_one_text_size__hover_enabled=&#8221;off&#8221; button_two_text_size__hover_enabled=&#8221;off&#8221; button_text_color__hover_enabled=&#8221;off&#8221; button_one_text_color__hover_enabled=&#8221;off&#8221; button_two_text_color__hover_enabled=&#8221;off&#8221; button_border_width__hover_enabled=&#8221;off&#8221; button_one_border_width__hover_enabled=&#8221;off&#8221; button_two_border_width__hover_enabled=&#8221;off&#8221; button_border_color__hover_enabled=&#8221;off&#8221; button_one_border_color__hover_enabled=&#8221;off&#8221; button_two_border_color__hover_enabled=&#8221;off&#8221; button_border_radius__hover_enabled=&#8221;off&#8221; button_one_border_radius__hover_enabled=&#8221;off&#8221; button_two_border_radius__hover_enabled=&#8221;off&#8221; button_letter_spacing__hover_enabled=&#8221;off&#8221; button_one_letter_spacing__hover_enabled=&#8221;off&#8221; button_two_letter_spacing__hover_enabled=&#8221;off&#8221; button_bg_color__hover_enabled=&#8221;off&#8221; button_one_bg_color__hover_enabled=&#8221;off&#8221; button_two_bg_color__hover_enabled=&#8221;off&#8221;][et_pb_slide _builder_version=&#8221;4.4.5&#8243; background_color=&#8221;#ffffff&#8221; background_image=&#8221;https:\/\/vejbyogson.dk\/wp-content\/uploads\/2018\/05\/Sproetelakering_Slider2.jpg&#8221; background_enable_image=&#8221;on&#8221; button_text_size__hover_enabled=&#8221;off&#8221; button_one_text_size__hover_enabled=&#8221;off&#8221; button_two_text_size__hover_enabled=&#8221;off&#8221; button_text_color__hover_enabled=&#8221;off&#8221; button_one_text_color__hover_enabled=&#8221;off&#8221; button_two_text_color__hover_enabled=&#8221;off&#8221; button_border_width__hover_enabled=&#8221;off&#8221; button_one_border_width__hover_enabled=&#8221;off&#8221; button_two_border_width__hover_enabled=&#8221;off&#8221; button_border_color__hover_enabled=&#8221;off&#8221; button_one_border_color__hover_enabled=&#8221;off&#8221; button_two_border_color__hover_enabled=&#8221;off&#8221; button_border_radius__hover_enabled=&#8221;off&#8221; button_one_border_radius__hover_enabled=&#8221;off&#8221; button_two_border_radius__hover_enabled=&#8221;off&#8221; button_letter_spacing__hover_enabled=&#8221;off&#8221; button_one_letter_spacing__hover_enabled=&#8221;off&#8221; button_two_letter_spacing__hover_enabled=&#8221;off&#8221; button_bg_color__hover_enabled=&#8221;off&#8221; button_one_bg_color__hover_enabled=&#8221;off&#8221; button_two_bg_color__hover_enabled=&#8221;off&#8221;][\/et_pb_slide][et_pb_slide _builder_version=&#8221;4.4.5&#8243; background_color=&#8221;#ffffff&#8221; background_image=&#8221;https:\/\/vejbyogson.dk\/wp-content\/uploads\/2018\/05\/Sproetelakering_Slider3.jpg&#8221; background_enable_image=&#8221;on&#8221; button_text_size__hover_enabled=&#8221;off&#8221; button_one_text_size__hover_enabled=&#8221;off&#8221; button_two_text_size__hover_enabled=&#8221;off&#8221; button_text_color__hover_enabled=&#8221;off&#8221; button_one_text_color__hover_enabled=&#8221;off&#8221; button_two_text_color__hover_enabled=&#8221;off&#8221; button_border_width__hover_enabled=&#8221;off&#8221; button_one_border_width__hover_enabled=&#8221;off&#8221; button_two_border_width__hover_enabled=&#8221;off&#8221; button_border_color__hover_enabled=&#8221;off&#8221; button_one_border_color__hover_enabled=&#8221;off&#8221; button_two_border_color__hover_enabled=&#8221;off&#8221; button_border_radius__hover_enabled=&#8221;off&#8221; button_one_border_radius__hover_enabled=&#8221;off&#8221; button_two_border_radius__hover_enabled=&#8221;off&#8221; button_letter_spacing__hover_enabled=&#8221;off&#8221; button_one_letter_spacing__hover_enabled=&#8221;off&#8221; button_two_letter_spacing__hover_enabled=&#8221;off&#8221; button_bg_color__hover_enabled=&#8221;off&#8221; button_one_bg_color__hover_enabled=&#8221;off&#8221; button_two_bg_color__hover_enabled=&#8221;off&#8221;][\/et_pb_slide][\/et_pb_fullwidth_slider][\/et_pb_section][et_pb_section fb_built=&#8221;1&#8243; _builder_version=&#8221;3.22.3&#8243;][et_pb_row _builder_version=&#8221;3.25&#8243;][et_pb_column type=&#8221;4_4&#8243; _builder_version=&#8221;3.25&#8243; custom_padding=&#8221;|||&#8221; custom_padding__hover=&#8221;|||&#8221;][et_pb_text _builder_version=&#8221;3.29.3&#8243;]<\/p>\n<h1>Spr\u00f8jtemaling af m\u00f8bler &#8211; H\u00f8j kvalitet til fornuftige priser<\/h1>\n<p>Malerfirma Kaj Vejby og S\u00f8n varetager alle former for maler-opgaver &#8211; det v\u00e6re sig ogs\u00e5 renovering og istands\u00e6ttelse af m\u00f8bler. Vi har gennem \u00e5rtier finpudset vores teknikker, s\u00e5ledes at vi altid kan levere et perfekt resultat. Vi byder p\u00e5:<\/p>\n<p><strong>&#8211; Spr\u00f8jtelakering af m\u00f8bler med kvalitets-materialer og stor ekspertise &#8211; altid til fornuftige priser<\/strong><\/p>\n<p style=\"text-align: center;\"><strong>Vil du h\u00f8re mere om spr\u00f8jtemaling af m\u00f8bler, og hvad vi kan g\u00f8re for dig?<\/strong><\/p>\n<p style=\"text-align: center;\"><a href=\"tel:+4540583063\" rel=\"nofollow\" class=\"blue-cta\">Ring til os p\u00e5 4058 3063<\/a><\/p>\n<p>Ingen opgave er for stor eller for lille for vores erfarne team af h\u00e5ndv\u00e6rkere. Du kan altid vide dig sikker p\u00e5 at f\u00e5 professionel m\u00f8belmaler p\u00e5 din opgave, n\u00e5r du g\u00f8r brug af vores kompetencer.<\/p>\n<p style=\"text-align: center;\">\n<p>[\/et_pb_text][\/et_pb_column][\/et_pb_row][et_pb_row _builder_version=&#8221;3.25&#8243;][et_pb_column type=&#8221;4_4&#8243; _builder_version=&#8221;3.25&#8243; custom_padding=&#8221;|||&#8221; custom_padding__hover=&#8221;|||&#8221;][et_pb_gallery gallery_ids=&#8221;768,769,770,771,827,774,773,772&#8243; gallery_captions=&#8221;,,,,,,&#8221; show_title_and_caption=&#8221;off&#8221; _builder_version=&#8221;4.4.5&#8243;][\/et_pb_gallery][\/et_pb_column][\/et_pb_row][et_pb_row _builder_version=&#8221;3.25&#8243;][et_pb_column type=&#8221;4_4&#8243; _builder_version=&#8221;3.25&#8243; custom_padding=&#8221;|||&#8221; custom_padding__hover=&#8221;|||&#8221;][et_pb_text _builder_version=&#8221;3.29.3&#8243;]<\/p>\n<p style=\"text-align: left;\"><span style=\"color: #333333; font-size: 26px; text-align: left;\">Spr\u00f8jtemaling og lakering af m\u00f8bler &#8211; Nyt liv til hjemmet<\/span><\/p>\n<p>Renovering af et eller flere m\u00f8bler kan virkelig g\u00f8re den helt store forskel. Med den rette behandling med b\u00e5de slibning, grunder, spartling og maling, s\u00e5 vil dit m\u00f8bel ikke alene fremst\u00e5 som nyt, men ogs\u00e5 give nyt liv til hjemmet.<\/p>\n<h2>M\u00f8belmaler med stor erfaring<\/h2>\n<p>Vi har eksisteret siden 1964 og byder p\u00e5 mere end 50 \u00e5rs erfaring indenfor malerbranchen. Vi renoverer, istands\u00e6tter, frisker op og fornyer i en grad, s\u00e5 du roligt kan gl\u00e6de dig til en smukt slutresultat.<\/p>\n<p>Som m\u00f8belmaler har vi stor fokus p\u00e5 de sm\u00e5 detaljer. Stor professionalisme og grundighed er en naturlig del af vores arbejdsprocesser.<\/p>\n<h2>Effektiv spr\u00f8jtemaling af m\u00f8bler<\/h2>\n<p>Hos Malerfirma Kaj Vejby og S\u00f8n r\u00e5der vi over eget v\u00e6rksted, hvorfra vi udf\u00f8rer en stor del af vores mange special-opgaver, der ogs\u00e5 t\u00e6ller behandling med lak og maling p\u00e5 diverse emner.<\/p>\n<p>Vi har, med flere \u00e5rtiers erfaring, konstant effektiviseret vores processer, s\u00e5ledes at du ikke alene kan forvente hurtig ekspeditionstid, men ogs\u00e5 et flot og ensartet resultat. Vi er din garant for h\u00f8j kvalitet og et smukt slutresultat.<\/p>\n<p><strong>&#8211; Effektiv og slidst\u00e6rk behandling med kvalitets-materialer<\/strong><\/p>\n<p>Du kan altid vide dig sikker p\u00e5 flot finish, n\u00e5r du g\u00f8r brug af vores erfarne team af h\u00e5ndv\u00e6rkere, der naturligvis g\u00f8r brug af materialer af h\u00f8j kvalitet.<\/p>\n<p>Vi er, som ekstra sikring for dig, tilmed medlem af H\u00e5ndv\u00e6rkernes Anken\u00e6vn samt Danske Malermestres Garantiordning.<\/p>\n<p>Da hver opgave kan variere i b\u00e5de brug af materialer, tid og ikke mindst faglige kompetencer, s\u00e5 giver vi hver gang et individuelt tilbud p\u00e5 l\u00f8sning af en opgave. Vi vil ogs\u00e5 gerne give tilbud p\u00e5 spr\u00f8jtemaling af m\u00f8bler til dig.<\/p>\n<p style=\"text-align: center;\"><strong>Kontakt os allerede i dag for et uforpligtende tilbud eller en snak om dine mange muligheder.<\/strong><\/p>\n<p style=\"text-align: center;\"><a href=\"mailto:info@vejbyogson.dk\" class=\"blue-cta\">Send os en mail<\/a>\u00a0<a href=\"tel:+4540583063\" rel=\"nofollow\" class=\"blue-cta\">Eller ring p\u00e5 4058 3063<\/a><\/p>\n<p style=\"text-align: center;\"><strong>Vi udf\u00f8rer opgaver i Hj\u00f8rring, Aalborg og resten af Nordjylland.<\/strong><\/p>\n<p>[\/et_pb_text][\/et_pb_column][\/et_pb_row][et_pb_row _builder_version=&#8221;3.25&#8243;][et_pb_column type=&#8221;4_4&#8243; _builder_version=&#8221;3.25&#8243; custom_padding=&#8221;|||&#8221; custom_padding__hover=&#8221;|||&#8221;][et_pb_gallery gallery_ids=&#8221;768,769,770,771,827,774,773,772&#8243; gallery_captions=&#8221;,,,,,,&#8221; show_title_and_caption=&#8221;off&#8221; _builder_version=&#8221;4.4.5&#8243;][\/et_pb_gallery][\/et_pb_column][\/et_pb_row][\/et_pb_section]<\/p>\n","protected":false},"excerpt":{"rendered":"<p>[et_pb_section fb_built=&#8221;1&#8243; fullwidth=&#8221;on&#8221; _builder_version=&#8221;3.22.3&#8243;][et_pb_fullwidth_slider _builder_version=&#8221;4.4.5&#8243; background_repeat=&#8221;repeat&#8221; auto=&#8221;on&#8221; button_text_size__hover_enabled=&#8221;off&#8221; button_one_text_size__hover_enabled=&#8221;off&#8221; button_two_text_size__hover_enabled=&#8221;off&#8221; button_text_color__hover_enabled=&#8221;off&#8221; button_one_text_color__hover_enabled=&#8221;off&#8221; button_two_text_color__hover_enabled=&#8221;off&#8221; button_border_width__hover_enabled=&#8221;off&#8221; button_one_border_width__hover_enabled=&#8221;off&#8221; button_two_border_width__hover_enabled=&#8221;off&#8221; button_border_color__hover_enabled=&#8221;off&#8221; button_one_border_color__hover_enabled=&#8221;off&#8221; button_two_border_color__hover_enabled=&#8221;off&#8221; button_border_radius__hover_enabled=&#8221;off&#8221; button_one_border_radius__hover_enabled=&#8221;off&#8221; button_two_border_radius__hover_enabled=&#8221;off&#8221; button_letter_spacing__hover_enabled=&#8221;off&#8221; button_one_letter_spacing__hover_enabled=&#8221;off&#8221; button_two_letter_spacing__hover_enabled=&#8221;off&#8221; button_bg_color__hover_enabled=&#8221;off&#8221; button_one_bg_color__hover_enabled=&#8221;off&#8221; button_two_bg_color__hover_enabled=&#8221;off&#8221;][et_pb_slide _builder_version=&#8221;4.4.5&#8243; background_color=&#8221;#ffffff&#8221; background_image=&#8221;https:\/\/vejbyogson.dk\/wp-content\/uploads\/2018\/05\/Sproetelakering_Slider2.jpg&#8221; background_enable_image=&#8221;on&#8221; button_text_size__hover_enabled=&#8221;off&#8221; button_one_text_size__hover_enabled=&#8221;off&#8221; button_two_text_size__hover_enabled=&#8221;off&#8221; button_text_color__hover_enabled=&#8221;off&#8221; button_one_text_color__hover_enabled=&#8221;off&#8221; button_two_text_color__hover_enabled=&#8221;off&#8221; button_border_width__hover_enabled=&#8221;off&#8221; button_one_border_width__hover_enabled=&#8221;off&#8221; button_two_border_width__hover_enabled=&#8221;off&#8221; button_border_color__hover_enabled=&#8221;off&#8221; button_one_border_color__hover_enabled=&#8221;off&#8221; button_two_border_color__hover_enabled=&#8221;off&#8221; button_border_radius__hover_enabled=&#8221;off&#8221; button_one_border_radius__hover_enabled=&#8221;off&#8221; button_two_border_radius__hover_enabled=&#8221;off&#8221; button_letter_spacing__hover_enabled=&#8221;off&#8221; button_one_letter_spacing__hover_enabled=&#8221;off&#8221; button_two_letter_spacing__hover_enabled=&#8221;off&#8221; button_bg_color__hover_enabled=&#8221;off&#8221; button_one_bg_color__hover_enabled=&#8221;off&#8221; button_two_bg_color__hover_enabled=&#8221;off&#8221;][\/et_pb_slide][et_pb_slide _builder_version=&#8221;4.4.5&#8243; background_color=&#8221;#ffffff&#8221; [&hellip;]<\/p>\n","protected":false},"author":1,"featured_media":0,"parent":77,"menu_order":0,"comment_status":"closed","ping_status":"closed","template":"","meta":{"_et_pb_use_builder":"on","_et_pb_old_content":"","_et_gb_content_width":"","footnotes":""},"class_list":["post-653","page","type-page","status-publish","hentry"],"yoast_head":"<!-- This site is optimized with the Yoast SEO plugin v26.8 - https:\/\/yoast.com\/product\/yoast-seo-wordpress\/ -->\n<title>M\u00f8belmaler - Professionel spr\u00f8jtemaling af m\u00f8bler samt lakering<\/title>\n<meta name=\"description\" content=\"Vejby og S\u00f8n har stor erfaring indenfor spr\u00f8jtemaling af alle typer m\u00f8bler. Kontakt os for en uforpligtende snak om din opgave og l\u00e6s mere om vores arbejde her.\" \/>\n<meta name=\"robots\" content=\"index, follow, max-snippet:-1, max-image-preview:large, max-video-preview:-1\" \/>\n<link rel=\"canonical\" href=\"https:\/\/vejbyogson.dk\/?page_id=653\" \/>\n<meta property=\"og:locale\" content=\"da_DK\" \/>\n<meta property=\"og:type\" content=\"article\" \/>\n<meta property=\"og:title\" content=\"M\u00f8belmaler - Professionel spr\u00f8jtemaling af m\u00f8bler samt lakering\" \/>\n<meta property=\"og:description\" content=\"Vejby og S\u00f8n har stor erfaring indenfor spr\u00f8jtemaling af alle typer m\u00f8bler. Kontakt os for en uforpligtende snak om din opgave og l\u00e6s mere om vores arbejde her.\" \/>\n<meta property=\"og:url\" content=\"https:\/\/vejbyogson.dk\/?page_id=653\" \/>\n<meta property=\"og:site_name\" content=\"Malerfirma Kaj Vejby &amp; S\u00f8n\" \/>\n<meta property=\"article:modified_time\" content=\"2020-05-17T19:47:16+00:00\" \/>\n<meta name=\"twitter:card\" content=\"summary_large_image\" \/>\n<meta name=\"twitter:label1\" content=\"Estimeret l\u00e6setid\" \/>\n\t<meta name=\"twitter:data1\" content=\"6 minutter\" \/>\n<script type=\"application\/ld+json\" class=\"yoast-schema-graph\">{\"@context\":\"https:\/\/schema.org\",\"@graph\":[{\"@type\":\"WebPage\",\"@id\":\"https:\/\/vejbyogson.dk\/?page_id=653\",\"url\":\"https:\/\/vejbyogson.dk\/?page_id=653\",\"name\":\"M\u00f8belmaler - Professionel spr\u00f8jtemaling af m\u00f8bler samt lakering\",\"isPartOf\":{\"@id\":\"https:\/\/vejbyogson.dk\/#website\"},\"datePublished\":\"2019-07-02T09:16:26+00:00\",\"dateModified\":\"2020-05-17T19:47:16+00:00\",\"description\":\"Vejby og S\u00f8n har stor erfaring indenfor spr\u00f8jtemaling af alle typer m\u00f8bler. Kontakt os for en uforpligtende snak om din opgave og l\u00e6s mere om vores arbejde her.\",\"breadcrumb\":{\"@id\":\"https:\/\/vejbyogson.dk\/?page_id=653#breadcrumb\"},\"inLanguage\":\"da-DK\",\"potentialAction\":[{\"@type\":\"ReadAction\",\"target\":[\"https:\/\/vejbyogson.dk\/?page_id=653\"]}]},{\"@type\":\"BreadcrumbList\",\"@id\":\"https:\/\/vejbyogson.dk\/?page_id=653#breadcrumb\",\"itemListElement\":[{\"@type\":\"ListItem\",\"position\":1,\"name\":\"Hjem\",\"item\":\"https:\/\/vejbyogson.dk\/\"},{\"@type\":\"ListItem\",\"position\":2,\"name\":\"Vi tilbyder\",\"item\":\"https:\/\/vejbyogson.dk\/?page_id=77\"},{\"@type\":\"ListItem\",\"position\":3,\"name\":\"Spr\u00f8jtemaling af m\u00f8bler\"}]},{\"@type\":\"WebSite\",\"@id\":\"https:\/\/vejbyogson.dk\/#website\",\"url\":\"https:\/\/vejbyogson.dk\/\",\"name\":\"Malerfirma Kaj Vejby &amp; S\u00f8n\",\"description\":\"Malerfirma Kaj Vejby &amp; S\u00f8n\",\"potentialAction\":[{\"@type\":\"SearchAction\",\"target\":{\"@type\":\"EntryPoint\",\"urlTemplate\":\"https:\/\/vejbyogson.dk\/?s={search_term_string}\"},\"query-input\":{\"@type\":\"PropertyValueSpecification\",\"valueRequired\":true,\"valueName\":\"search_term_string\"}}],\"inLanguage\":\"da-DK\"}]}<\/script>\n<!-- \/ Yoast SEO plugin. -->","yoast_head_json":{"title":"M\u00f8belmaler - Professionel spr\u00f8jtemaling af m\u00f8bler samt lakering","description":"Vejby og S\u00f8n har stor erfaring indenfor spr\u00f8jtemaling af alle typer m\u00f8bler. Kontakt os for en uforpligtende snak om din opgave og l\u00e6s mere om vores arbejde her.","robots":{"index":"index","follow":"follow","max-snippet":"max-snippet:-1","max-image-preview":"max-image-preview:large","max-video-preview":"max-video-preview:-1"},"canonical":"https:\/\/vejbyogson.dk\/?page_id=653","og_locale":"da_DK","og_type":"article","og_title":"M\u00f8belmaler - Professionel spr\u00f8jtemaling af m\u00f8bler samt lakering","og_description":"Vejby og S\u00f8n har stor erfaring indenfor spr\u00f8jtemaling af alle typer m\u00f8bler. Kontakt os for en uforpligtende snak om din opgave og l\u00e6s mere om vores arbejde her.","og_url":"https:\/\/vejbyogson.dk\/?page_id=653","og_site_name":"Malerfirma Kaj Vejby &amp; S\u00f8n","article_modified_time":"2020-05-17T19:47:16+00:00","twitter_card":"summary_large_image","twitter_misc":{"Estimeret l\u00e6setid":"6 minutter"},"schema":{"@context":"https:\/\/schema.org","@graph":[{"@type":"WebPage","@id":"https:\/\/vejbyogson.dk\/?page_id=653","url":"https:\/\/vejbyogson.dk\/?page_id=653","name":"M\u00f8belmaler - Professionel spr\u00f8jtemaling af m\u00f8bler samt lakering","isPartOf":{"@id":"https:\/\/vejbyogson.dk\/#website"},"datePublished":"2019-07-02T09:16:26+00:00","dateModified":"2020-05-17T19:47:16+00:00","description":"Vejby og S\u00f8n har stor erfaring indenfor spr\u00f8jtemaling af alle typer m\u00f8bler. Kontakt os for en uforpligtende snak om din opgave og l\u00e6s mere om vores arbejde her.","breadcrumb":{"@id":"https:\/\/vejbyogson.dk\/?page_id=653#breadcrumb"},"inLanguage":"da-DK","potentialAction":[{"@type":"ReadAction","target":["https:\/\/vejbyogson.dk\/?page_id=653"]}]},{"@type":"BreadcrumbList","@id":"https:\/\/vejbyogson.dk\/?page_id=653#breadcrumb","itemListElement":[{"@type":"ListItem","position":1,"name":"Hjem","item":"https:\/\/vejbyogson.dk\/"},{"@type":"ListItem","position":2,"name":"Vi tilbyder","item":"https:\/\/vejbyogson.dk\/?page_id=77"},{"@type":"ListItem","position":3,"name":"Spr\u00f8jtemaling af m\u00f8bler"}]},{"@type":"WebSite","@id":"https:\/\/vejbyogson.dk\/#website","url":"https:\/\/vejbyogson.dk\/","name":"Malerfirma Kaj Vejby &amp; S\u00f8n","description":"Malerfirma Kaj Vejby &amp; S\u00f8n","potentialAction":[{"@type":"SearchAction","target":{"@type":"EntryPoint","urlTemplate":"https:\/\/vejbyogson.dk\/?s={search_term_string}"},"query-input":{"@type":"PropertyValueSpecification","valueRequired":true,"valueName":"search_term_string"}}],"inLanguage":"da-DK"}]}},"_links":{"self":[{"href":"https:\/\/vejbyogson.dk\/index.php?rest_route=\/wp\/v2\/pages\/653","targetHints":{"allow":["GET"]}}],"collection":[{"href":"https:\/\/vejbyogson.dk\/index.php?rest_route=\/wp\/v2\/pages"}],"about":[{"href":"https:\/\/vejbyogson.dk\/index.php?rest_route=\/wp\/v2\/types\/page"}],"author":[{"embeddable":true,"href":"https:\/\/vejbyogson.dk\/index.php?rest_route=\/wp\/v2\/users\/1"}],"replies":[{"embeddable":true,"href":"https:\/\/vejbyogson.dk\/index.php?rest_route=%2Fwp%2Fv2%2Fcomments&post=653"}],"version-history":[{"count":7,"href":"https:\/\/vejbyogson.dk\/index.php?rest_route=\/wp\/v2\/pages\/653\/revisions"}],"predecessor-version":[{"id":879,"href":"https:\/\/vejbyogson.dk\/index.php?rest_route=\/wp\/v2\/pages\/653\/revisions\/879"}],"up":[{"embeddable":true,"href":"https:\/\/vejbyogson.dk\/index.php?rest_route=\/wp\/v2\/pages\/77"}],"wp:attachment":[{"href":"https:\/\/vejbyogson.dk\/index.php?rest_route=%2Fwp%2Fv2%2Fmedia&parent=653"}],"curies":[{"name":"wp","href":"https:\/\/api.w.org\/{rel}","templated":true}]}}