{"id":629,"date":"2019-07-02T08:51:04","date_gmt":"2019-07-02T08:51:04","guid":{"rendered":"https:\/\/vejbyogson.dk\/?page_id=629"},"modified":"2020-08-25T10:58:55","modified_gmt":"2020-08-25T10:58:55","slug":"epoxygulv","status":"publish","type":"page","link":"https:\/\/vejbyogson.dk\/?page_id=629","title":{"rendered":"Epoxygulv"},"content":{"rendered":"<p>[et_pb_section fb_built=&#8221;1&#8243; fullwidth=&#8221;on&#8221; _builder_version=&#8221;3.22.3&#8243;][et_pb_fullwidth_slider _builder_version=&#8221;4.4.5&#8243; background_repeat=&#8221;repeat&#8221; auto=&#8221;on&#8221; button_text_size__hover_enabled=&#8221;off&#8221; button_one_text_size__hover_enabled=&#8221;off&#8221; button_two_text_size__hover_enabled=&#8221;off&#8221; button_text_color__hover_enabled=&#8221;off&#8221; button_one_text_color__hover_enabled=&#8221;off&#8221; button_two_text_color__hover_enabled=&#8221;off&#8221; button_border_width__hover_enabled=&#8221;off&#8221; button_one_border_width__hover_enabled=&#8221;off&#8221; button_two_border_width__hover_enabled=&#8221;off&#8221; button_border_color__hover_enabled=&#8221;off&#8221; button_one_border_color__hover_enabled=&#8221;off&#8221; button_two_border_color__hover_enabled=&#8221;off&#8221; button_border_radius__hover_enabled=&#8221;off&#8221; button_one_border_radius__hover_enabled=&#8221;off&#8221; button_two_border_radius__hover_enabled=&#8221;off&#8221; button_letter_spacing__hover_enabled=&#8221;off&#8221; button_one_letter_spacing__hover_enabled=&#8221;off&#8221; button_two_letter_spacing__hover_enabled=&#8221;off&#8221; button_bg_color__hover_enabled=&#8221;off&#8221; button_one_bg_color__hover_enabled=&#8221;off&#8221; button_two_bg_color__hover_enabled=&#8221;off&#8221;][et_pb_slide _builder_version=&#8221;4.4.5&#8243; background_color=&#8221;#ffffff&#8221; background_image=&#8221;https:\/\/vejbyogson.dk\/wp-content\/uploads\/2020\/05\/Epoxy_Slider.jpg&#8221; background_enable_image=&#8221;on&#8221; button_text_size__hover_enabled=&#8221;off&#8221; button_one_text_size__hover_enabled=&#8221;off&#8221; button_two_text_size__hover_enabled=&#8221;off&#8221; button_text_color__hover_enabled=&#8221;off&#8221; button_one_text_color__hover_enabled=&#8221;off&#8221; button_two_text_color__hover_enabled=&#8221;off&#8221; button_border_width__hover_enabled=&#8221;off&#8221; button_one_border_width__hover_enabled=&#8221;off&#8221; button_two_border_width__hover_enabled=&#8221;off&#8221; button_border_color__hover_enabled=&#8221;off&#8221; button_one_border_color__hover_enabled=&#8221;off&#8221; button_two_border_color__hover_enabled=&#8221;off&#8221; button_border_radius__hover_enabled=&#8221;off&#8221; button_one_border_radius__hover_enabled=&#8221;off&#8221; button_two_border_radius__hover_enabled=&#8221;off&#8221; button_letter_spacing__hover_enabled=&#8221;off&#8221; button_one_letter_spacing__hover_enabled=&#8221;off&#8221; button_two_letter_spacing__hover_enabled=&#8221;off&#8221; button_bg_color__hover_enabled=&#8221;off&#8221; button_one_bg_color__hover_enabled=&#8221;off&#8221; button_two_bg_color__hover_enabled=&#8221;off&#8221;][\/et_pb_slide][\/et_pb_fullwidth_slider][\/et_pb_section][et_pb_section fb_built=&#8221;1&#8243; _builder_version=&#8221;4.5.7&#8243; _module_preset=&#8221;default&#8221; min_height=&#8221;74px&#8221; custom_padding=&#8221;2px||3px|||&#8221; saved_tabs=&#8221;all&#8221; global_module=&#8221;925&#8243;][et_pb_row _builder_version=&#8221;4.5.7&#8243; _module_preset=&#8221;default&#8221;][et_pb_column type=&#8221;4_4&#8243; _builder_version=&#8221;4.5.7&#8243; _module_preset=&#8221;default&#8221;][dipl_breadcrumb breadcrumb_layout=&#8221;layout2&#8243; separator_text=&#8221; \/ &#8221; separator_color=&#8221;#000000&#8243; use_home_link_custom_text=&#8221;on&#8221; _builder_version=&#8221;4.5.7&#8243; _module_preset=&#8221;default&#8221; global_text_settings_text_align=&#8221;left&#8221; hover_enabled=&#8221;0&#8243; text_text_color=&#8221;#000000&#8243; link_text_color=&#8221;#000000&#8243; link_font=&#8221;||||||||&#8221; home_link_text=&#8221;Start&#8221; module_alignment=&#8221;center&#8221;][\/dipl_breadcrumb][\/et_pb_column][\/et_pb_row][\/et_pb_section][et_pb_section fb_built=&#8221;1&#8243; _builder_version=&#8221;3.22.3&#8243; custom_padding=&#8221;5px|||||&#8221;][et_pb_row _builder_version=&#8221;3.25&#8243;][et_pb_column type=&#8221;4_4&#8243; _builder_version=&#8221;3.25&#8243; custom_padding=&#8221;|||&#8221; custom_padding__hover=&#8221;|||&#8221;][et_pb_text _builder_version=&#8221;3.29.3&#8243;]<\/p>\n<h1>P\u00e5l\u00e6gning af Epoxy gulv &#8211; En slidst\u00e6rk l\u00f8sning<\/h1>\n<p>Hos Malerfirma Kaj Vejby og S\u00f8n varetager vi alle former for maler-, gulv- og renoverings-arbejde. Dette inkluderer ogs\u00e5 alle de sp\u00e6ndende former, der er af gulvbehandlinger i s\u00e5vel private hjem som til industri.<\/p>\n<p>Vi byder p\u00e5 st\u00f8rste professionalisme, effektive arbejdsgange og ikke mindst fornuftige priser. Vi tilbyder bl.a.:<\/p>\n<p><strong>&#8211; Epoxy gulv udf\u00f8rt i kvalitets-materialer for optimal slidstyrke<\/strong><\/p>\n<p style=\"text-align: center;\"><strong>Vil du h\u00f8re mere om epoxygulv, og hvad vi kan g\u00f8re for dig?<\/strong><\/p>\n<p style=\"text-align: center;\"><a href=\"tel:+4540583063\" rel=\"nofollow\" class=\"blue-cta\">Ring til os p\u00e5 4058 3063<\/a><\/p>\n<p><span>Vores erfarne team af h\u00e5ndv\u00e6rkere sikrer dig altid h\u00f8jeste kvalitet og et veludf\u00f8rt stykke arbejde. Vi varetager alle opgaver, sm\u00e5 som store, med stor grundighed og sans for detaljen. Du kan altid vide dig sikker p\u00e5 et flot slutresultat, n\u00e5r du g\u00f8r brug af vores kompetencer.<\/span><\/p>\n<p>Vi d\u00e6kker hele malerfaget og tilbyder ydermere alle former for for gulv-, renoverings-arbejde, loftbehandling, bygnings-arbejde samt en lang r\u00e6kke special-opgaver til s\u00e5vel private som virksomheder.<\/p>\n<p style=\"text-align: center;\">\n<p>[\/et_pb_text][\/et_pb_column][\/et_pb_row][et_pb_row _builder_version=&#8221;3.25&#8243;][et_pb_column type=&#8221;4_4&#8243; _builder_version=&#8221;3.25&#8243; custom_padding=&#8221;|||&#8221; custom_padding__hover=&#8221;|||&#8221;][et_pb_gallery gallery_ids=&#8221;813,814,815,816&#8243; gallery_captions=&#8221;,,,,,,&#8221; show_title_and_caption=&#8221;off&#8221; _builder_version=&#8221;4.4.5&#8243;][\/et_pb_gallery][\/et_pb_column][\/et_pb_row][et_pb_row _builder_version=&#8221;3.25&#8243;][et_pb_column type=&#8221;4_4&#8243; _builder_version=&#8221;3.25&#8243; custom_padding=&#8221;|||&#8221; custom_padding__hover=&#8221;|||&#8221;][et_pb_text _builder_version=&#8221;3.29.3&#8243;]<\/p>\n<p><span style=\"color: #333333; font-size: 26px;\">Epoxy gulv i private hjem<\/span><\/p>\n<p>I dag v\u00e6lger mange private ogs\u00e5 at g\u00f8re brug af denne form for gulvbel\u00e6gning, da det er en b\u00e5de flot og slidst\u00e6rk l\u00f8sning. Den er let at reng\u00f8re og byder p\u00e5 mange forskellige typer af udseende, der kan variere afh\u00e6ngigt af dine \u00f8nsker.<\/p>\n<p>Du kan v\u00e6lge at f\u00e5 lagt denne type gulv i flere forskellige rum, der bl.a. kan v\u00e6re Epoxy gulv i badev\u00e6relse, bryggers, k\u00f8kken-alrum, i k\u00e6lder, i garage m.m. En slidst\u00e6rk l\u00f8sning, der holder mange \u00e5r ud i fremtiden.<\/p>\n<p><strong>&#8211; Vi byder p\u00e5 mere end 50 \u00e5rs erfaring i branchen<\/strong><\/p>\n<p>Vi er din garant for stor professionalisme og et veludf\u00f8rt stykke arbejde. Vi str\u00e6ber altid efter det bedste mulige resultat og med effektiviserede arbejdsprocesser og h\u00e5ndv\u00e6rkere med stor ekspertise og know-how, s\u00e5 er du sikret b\u00e5de minimal spildtid og en hurtig og effektiv proces.<\/p>\n<p>Du kan altid vide dig sikker p\u00e5 et flot slutresultat, n\u00e5r du g\u00f8r brug af vores services og kompetencer. Vi er tilmed med til at sikre dig yderligere grundet vores medlemskab af Danske Malermestres Garantiordning samt H\u00e5ndv\u00e6rkernes Anken\u00e6vn.<\/p>\n<h2>Epoxy som industrigulv<\/h2>\n<p>Denne form for behandling af gulve er en ofte benyttet l\u00f8sning i industrien. Slidst\u00e6rkt, let at reng\u00f8re og ikke mindst anvendeligt til mange form\u00e5l.<\/p>\n<p>Denne typer gulv er grundet sin store slidstyrke yderst velegnet til haller, institutioner, v\u00e6rksteder, fabrikker, landbrug og generelt lokaler med stor belastning. Ydermere er denne type gulv resistent overfor bl.a.:<\/p>\n<p>&#8211; Vand, saltvand og spildevand<\/p>\n<p>&#8211; Flere former for syre og lud<\/p>\n<p>&#8211; Flere former for olier og br\u00e6ndstoffer<\/p>\n<p>Gulvet er let at reng\u00f8re og kan tilmed g\u00f8res skridsikkert efter \u00f8nske. Det findes i mange sp\u00e6ndende farver.<\/p>\n<p>&nbsp;<\/p>\n<p>Baseret p\u00e5 areal, valg af materialer og egenskaber samt estimeret timetal p\u00e5 l\u00e6gning, s\u00e5 giver vi gerne en pris p\u00e5 netop din opgave. Ingen opgave er for stor eller for lille til vores professionelle team af h\u00e5ndv\u00e6rkere.<\/p>\n<p>Vi udf\u00f8rer en lang r\u00e6kke h\u00e5ndv\u00e6rksm\u00e6ssige opgaver for s\u00e5vel private som offentlige instanser og ikke mindst for erhvervslivet. Vi vil ogs\u00e5 gerne hj\u00e6lpe dig i m\u00e5l med din opgave. Vi sikrer dig professionelle l\u00f8sninger, h\u00f8j kvalitet og fornuftige priser.<\/p>\n<p style=\"text-align: center;\"><strong>Kontakt os allerede i dag for et uforpligtende tilbud eller en snak om dine mange muligheder.<\/strong><\/p>\n<p style=\"text-align: center;\"><a href=\"mailto:info@vejbyogson.dk\" class=\"blue-cta\">Send os en mail<\/a>\u00a0<a href=\"tel:+4540583063\" rel=\"nofollow\" class=\"blue-cta\">Eller ring p\u00e5 4058 3063<\/a><\/p>\n<p style=\"text-align: center;\"><strong>Vi udf\u00f8rer opgaver i Hj\u00f8rring, Aalborg og resten af Nordjylland.<\/strong><\/p>\n<p>[\/et_pb_text][\/et_pb_column][\/et_pb_row][et_pb_row _builder_version=&#8221;3.25&#8243;][et_pb_column type=&#8221;4_4&#8243; _builder_version=&#8221;3.25&#8243; custom_padding=&#8221;|||&#8221; custom_padding__hover=&#8221;|||&#8221;][et_pb_gallery gallery_ids=&#8221;813,814,815,816&#8243; gallery_captions=&#8221;,,,,,,&#8221; show_title_and_caption=&#8221;off&#8221; _builder_version=&#8221;4.4.5&#8243;][\/et_pb_gallery][\/et_pb_column][\/et_pb_row][\/et_pb_section]<\/p>\n","protected":false},"excerpt":{"rendered":"<p>[et_pb_section fb_built=&#8221;1&#8243; fullwidth=&#8221;on&#8221; _builder_version=&#8221;3.22.3&#8243;][et_pb_fullwidth_slider _builder_version=&#8221;4.4.5&#8243; background_repeat=&#8221;repeat&#8221; auto=&#8221;on&#8221; button_text_size__hover_enabled=&#8221;off&#8221; button_one_text_size__hover_enabled=&#8221;off&#8221; button_two_text_size__hover_enabled=&#8221;off&#8221; button_text_color__hover_enabled=&#8221;off&#8221; button_one_text_color__hover_enabled=&#8221;off&#8221; button_two_text_color__hover_enabled=&#8221;off&#8221; button_border_width__hover_enabled=&#8221;off&#8221; button_one_border_width__hover_enabled=&#8221;off&#8221; button_two_border_width__hover_enabled=&#8221;off&#8221; button_border_color__hover_enabled=&#8221;off&#8221; button_one_border_color__hover_enabled=&#8221;off&#8221; button_two_border_color__hover_enabled=&#8221;off&#8221; button_border_radius__hover_enabled=&#8221;off&#8221; button_one_border_radius__hover_enabled=&#8221;off&#8221; button_two_border_radius__hover_enabled=&#8221;off&#8221; button_letter_spacing__hover_enabled=&#8221;off&#8221; button_one_letter_spacing__hover_enabled=&#8221;off&#8221; button_two_letter_spacing__hover_enabled=&#8221;off&#8221; button_bg_color__hover_enabled=&#8221;off&#8221; button_one_bg_color__hover_enabled=&#8221;off&#8221; button_two_bg_color__hover_enabled=&#8221;off&#8221;][et_pb_slide _builder_version=&#8221;4.4.5&#8243; background_color=&#8221;#ffffff&#8221; background_image=&#8221;https:\/\/vejbyogson.dk\/wp-content\/uploads\/2020\/05\/Epoxy_Slider.jpg&#8221; background_enable_image=&#8221;on&#8221; button_text_size__hover_enabled=&#8221;off&#8221; button_one_text_size__hover_enabled=&#8221;off&#8221; button_two_text_size__hover_enabled=&#8221;off&#8221; button_text_color__hover_enabled=&#8221;off&#8221; button_one_text_color__hover_enabled=&#8221;off&#8221; button_two_text_color__hover_enabled=&#8221;off&#8221; button_border_width__hover_enabled=&#8221;off&#8221; button_one_border_width__hover_enabled=&#8221;off&#8221; button_two_border_width__hover_enabled=&#8221;off&#8221; button_border_color__hover_enabled=&#8221;off&#8221; button_one_border_color__hover_enabled=&#8221;off&#8221; button_two_border_color__hover_enabled=&#8221;off&#8221; button_border_radius__hover_enabled=&#8221;off&#8221; button_one_border_radius__hover_enabled=&#8221;off&#8221; button_two_border_radius__hover_enabled=&#8221;off&#8221; button_letter_spacing__hover_enabled=&#8221;off&#8221; button_one_letter_spacing__hover_enabled=&#8221;off&#8221; button_two_letter_spacing__hover_enabled=&#8221;off&#8221; button_bg_color__hover_enabled=&#8221;off&#8221; button_one_bg_color__hover_enabled=&#8221;off&#8221; button_two_bg_color__hover_enabled=&#8221;off&#8221;][\/et_pb_slide][\/et_pb_fullwidth_slider][\/et_pb_section][et_pb_section fb_built=&#8221;1&#8243; _builder_version=&#8221;4.5.7&#8243; [&hellip;]<\/p>\n","protected":false},"author":1,"featured_media":0,"parent":77,"menu_order":0,"comment_status":"closed","ping_status":"closed","template":"","meta":{"_et_pb_use_builder":"on","_et_pb_old_content":"","_et_gb_content_width":"","footnotes":""},"class_list":["post-629","page","type-page","status-publish","hentry"],"yoast_head":"<!-- This site is optimized with the Yoast SEO plugin v26.8 - https:\/\/yoast.com\/product\/yoast-seo-wordpress\/ -->\n<title>Epoxy gulv i Hj\u00f8rring omegn til b\u00e5de privat og erhverv<\/title>\n<meta name=\"description\" content=\"Vejby og S\u00f8n i Hj\u00f8rring tilbyder professionel p\u00e5l\u00e6gning af Expoxy gulve til erhverv og private hjem - Kontakt os her for en uforpligtende snak om din opgave.\" \/>\n<meta name=\"robots\" content=\"index, follow, max-snippet:-1, max-image-preview:large, max-video-preview:-1\" \/>\n<link rel=\"canonical\" href=\"https:\/\/vejbyogson.dk\/?page_id=629\" \/>\n<meta property=\"og:locale\" content=\"da_DK\" \/>\n<meta property=\"og:type\" content=\"article\" \/>\n<meta property=\"og:title\" content=\"Epoxy gulv i Hj\u00f8rring omegn til b\u00e5de privat og erhverv\" \/>\n<meta property=\"og:description\" content=\"Vejby og S\u00f8n i Hj\u00f8rring tilbyder professionel p\u00e5l\u00e6gning af Expoxy gulve til erhverv og private hjem - Kontakt os her for en uforpligtende snak om din opgave.\" \/>\n<meta property=\"og:url\" content=\"https:\/\/vejbyogson.dk\/?page_id=629\" \/>\n<meta property=\"og:site_name\" content=\"Malerfirma Kaj Vejby &amp; S\u00f8n\" \/>\n<meta property=\"article:modified_time\" content=\"2020-08-25T10:58:55+00:00\" \/>\n<meta name=\"twitter:card\" content=\"summary_large_image\" \/>\n<meta name=\"twitter:label1\" content=\"Estimeret l\u00e6setid\" \/>\n\t<meta name=\"twitter:data1\" content=\"6 minutter\" \/>\n<script type=\"application\/ld+json\" class=\"yoast-schema-graph\">{\"@context\":\"https:\/\/schema.org\",\"@graph\":[{\"@type\":\"WebPage\",\"@id\":\"https:\/\/vejbyogson.dk\/?page_id=629\",\"url\":\"https:\/\/vejbyogson.dk\/?page_id=629\",\"name\":\"Epoxy gulv i Hj\u00f8rring omegn til b\u00e5de privat og erhverv\",\"isPartOf\":{\"@id\":\"https:\/\/vejbyogson.dk\/#website\"},\"datePublished\":\"2019-07-02T08:51:04+00:00\",\"dateModified\":\"2020-08-25T10:58:55+00:00\",\"description\":\"Vejby og S\u00f8n i Hj\u00f8rring tilbyder professionel p\u00e5l\u00e6gning af Expoxy gulve til erhverv og private hjem - Kontakt os her for en uforpligtende snak om din opgave.\",\"breadcrumb\":{\"@id\":\"https:\/\/vejbyogson.dk\/?page_id=629#breadcrumb\"},\"inLanguage\":\"da-DK\",\"potentialAction\":[{\"@type\":\"ReadAction\",\"target\":[\"https:\/\/vejbyogson.dk\/?page_id=629\"]}]},{\"@type\":\"BreadcrumbList\",\"@id\":\"https:\/\/vejbyogson.dk\/?page_id=629#breadcrumb\",\"itemListElement\":[{\"@type\":\"ListItem\",\"position\":1,\"name\":\"Hjem\",\"item\":\"https:\/\/vejbyogson.dk\/\"},{\"@type\":\"ListItem\",\"position\":2,\"name\":\"Vi tilbyder\",\"item\":\"https:\/\/vejbyogson.dk\/?page_id=77\"},{\"@type\":\"ListItem\",\"position\":3,\"name\":\"Epoxygulv\"}]},{\"@type\":\"WebSite\",\"@id\":\"https:\/\/vejbyogson.dk\/#website\",\"url\":\"https:\/\/vejbyogson.dk\/\",\"name\":\"Malerfirma Kaj Vejby &amp; S\u00f8n\",\"description\":\"Malerfirma Kaj Vejby &amp; S\u00f8n\",\"potentialAction\":[{\"@type\":\"SearchAction\",\"target\":{\"@type\":\"EntryPoint\",\"urlTemplate\":\"https:\/\/vejbyogson.dk\/?s={search_term_string}\"},\"query-input\":{\"@type\":\"PropertyValueSpecification\",\"valueRequired\":true,\"valueName\":\"search_term_string\"}}],\"inLanguage\":\"da-DK\"}]}<\/script>\n<!-- \/ Yoast SEO plugin. -->","yoast_head_json":{"title":"Epoxy gulv i Hj\u00f8rring omegn til b\u00e5de privat og erhverv","description":"Vejby og S\u00f8n i Hj\u00f8rring tilbyder professionel p\u00e5l\u00e6gning af Expoxy gulve til erhverv og private hjem - Kontakt os her for en uforpligtende snak om din opgave.","robots":{"index":"index","follow":"follow","max-snippet":"max-snippet:-1","max-image-preview":"max-image-preview:large","max-video-preview":"max-video-preview:-1"},"canonical":"https:\/\/vejbyogson.dk\/?page_id=629","og_locale":"da_DK","og_type":"article","og_title":"Epoxy gulv i Hj\u00f8rring omegn til b\u00e5de privat og erhverv","og_description":"Vejby og S\u00f8n i Hj\u00f8rring tilbyder professionel p\u00e5l\u00e6gning af Expoxy gulve til erhverv og private hjem - Kontakt os her for en uforpligtende snak om din opgave.","og_url":"https:\/\/vejbyogson.dk\/?page_id=629","og_site_name":"Malerfirma Kaj Vejby &amp; S\u00f8n","article_modified_time":"2020-08-25T10:58:55+00:00","twitter_card":"summary_large_image","twitter_misc":{"Estimeret l\u00e6setid":"6 minutter"},"schema":{"@context":"https:\/\/schema.org","@graph":[{"@type":"WebPage","@id":"https:\/\/vejbyogson.dk\/?page_id=629","url":"https:\/\/vejbyogson.dk\/?page_id=629","name":"Epoxy gulv i Hj\u00f8rring omegn til b\u00e5de privat og erhverv","isPartOf":{"@id":"https:\/\/vejbyogson.dk\/#website"},"datePublished":"2019-07-02T08:51:04+00:00","dateModified":"2020-08-25T10:58:55+00:00","description":"Vejby og S\u00f8n i Hj\u00f8rring tilbyder professionel p\u00e5l\u00e6gning af Expoxy gulve til erhverv og private hjem - Kontakt os her for en uforpligtende snak om din opgave.","breadcrumb":{"@id":"https:\/\/vejbyogson.dk\/?page_id=629#breadcrumb"},"inLanguage":"da-DK","potentialAction":[{"@type":"ReadAction","target":["https:\/\/vejbyogson.dk\/?page_id=629"]}]},{"@type":"BreadcrumbList","@id":"https:\/\/vejbyogson.dk\/?page_id=629#breadcrumb","itemListElement":[{"@type":"ListItem","position":1,"name":"Hjem","item":"https:\/\/vejbyogson.dk\/"},{"@type":"ListItem","position":2,"name":"Vi tilbyder","item":"https:\/\/vejbyogson.dk\/?page_id=77"},{"@type":"ListItem","position":3,"name":"Epoxygulv"}]},{"@type":"WebSite","@id":"https:\/\/vejbyogson.dk\/#website","url":"https:\/\/vejbyogson.dk\/","name":"Malerfirma Kaj Vejby &amp; S\u00f8n","description":"Malerfirma Kaj Vejby &amp; S\u00f8n","potentialAction":[{"@type":"SearchAction","target":{"@type":"EntryPoint","urlTemplate":"https:\/\/vejbyogson.dk\/?s={search_term_string}"},"query-input":{"@type":"PropertyValueSpecification","valueRequired":true,"valueName":"search_term_string"}}],"inLanguage":"da-DK"}]}},"_links":{"self":[{"href":"https:\/\/vejbyogson.dk\/index.php?rest_route=\/wp\/v2\/pages\/629","targetHints":{"allow":["GET"]}}],"collection":[{"href":"https:\/\/vejbyogson.dk\/index.php?rest_route=\/wp\/v2\/pages"}],"about":[{"href":"https:\/\/vejbyogson.dk\/index.php?rest_route=\/wp\/v2\/types\/page"}],"author":[{"embeddable":true,"href":"https:\/\/vejbyogson.dk\/index.php?rest_route=\/wp\/v2\/users\/1"}],"replies":[{"embeddable":true,"href":"https:\/\/vejbyogson.dk\/index.php?rest_route=%2Fwp%2Fv2%2Fcomments&post=629"}],"version-history":[{"count":9,"href":"https:\/\/vejbyogson.dk\/index.php?rest_route=\/wp\/v2\/pages\/629\/revisions"}],"predecessor-version":[{"id":931,"href":"https:\/\/vejbyogson.dk\/index.php?rest_route=\/wp\/v2\/pages\/629\/revisions\/931"}],"up":[{"embeddable":true,"href":"https:\/\/vejbyogson.dk\/index.php?rest_route=\/wp\/v2\/pages\/77"}],"wp:attachment":[{"href":"https:\/\/vejbyogson.dk\/index.php?rest_route=%2Fwp%2Fv2%2Fmedia&parent=629"}],"curies":[{"name":"wp","href":"https:\/\/api.w.org\/{rel}","templated":true}]}}