{"id":443,"date":"2018-06-11T21:52:27","date_gmt":"2018-06-11T21:52:27","guid":{"rendered":"https:\/\/vejbyogson.dk\/?page_id=443"},"modified":"2020-05-17T19:36:36","modified_gmt":"2020-05-17T19:36:36","slug":"bladguld-2","status":"publish","type":"page","link":"https:\/\/vejbyogson.dk\/?page_id=443","title":{"rendered":"Bladguld"},"content":{"rendered":"<p>[et_pb_section fb_built=&#8221;1&#8243; fullwidth=&#8221;on&#8221; _builder_version=&#8221;3.22.3&#8243;][et_pb_fullwidth_slider _builder_version=&#8221;4.4.5&#8243; background_repeat=&#8221;repeat&#8221; button_text_size__hover_enabled=&#8221;off&#8221; button_one_text_size__hover_enabled=&#8221;off&#8221; button_two_text_size__hover_enabled=&#8221;off&#8221; button_text_color__hover_enabled=&#8221;off&#8221; button_one_text_color__hover_enabled=&#8221;off&#8221; button_two_text_color__hover_enabled=&#8221;off&#8221; button_border_width__hover_enabled=&#8221;off&#8221; button_one_border_width__hover_enabled=&#8221;off&#8221; button_two_border_width__hover_enabled=&#8221;off&#8221; button_border_color__hover_enabled=&#8221;off&#8221; button_one_border_color__hover_enabled=&#8221;off&#8221; button_two_border_color__hover_enabled=&#8221;off&#8221; button_border_radius__hover_enabled=&#8221;off&#8221; button_one_border_radius__hover_enabled=&#8221;off&#8221; button_two_border_radius__hover_enabled=&#8221;off&#8221; button_letter_spacing__hover_enabled=&#8221;off&#8221; button_one_letter_spacing__hover_enabled=&#8221;off&#8221; button_two_letter_spacing__hover_enabled=&#8221;off&#8221; button_bg_color__hover_enabled=&#8221;off&#8221; button_one_bg_color__hover_enabled=&#8221;off&#8221; button_two_bg_color__hover_enabled=&#8221;off&#8221;][et_pb_slide _builder_version=&#8221;3.16&#8243; background_color=&#8221;#ffffff&#8221; background_image=&#8221;https:\/\/vejbyogson.dk\/wp-content\/uploads\/2018\/06\/Bladguld-Teaser.jpg&#8221; button_text_size__hover_enabled=&#8221;off&#8221; button_one_text_size__hover_enabled=&#8221;off&#8221; button_two_text_size__hover_enabled=&#8221;off&#8221; button_text_color__hover_enabled=&#8221;off&#8221; button_one_text_color__hover_enabled=&#8221;off&#8221; button_two_text_color__hover_enabled=&#8221;off&#8221; button_border_width__hover_enabled=&#8221;off&#8221; button_one_border_width__hover_enabled=&#8221;off&#8221; button_two_border_width__hover_enabled=&#8221;off&#8221; button_border_color__hover_enabled=&#8221;off&#8221; button_one_border_color__hover_enabled=&#8221;off&#8221; button_two_border_color__hover_enabled=&#8221;off&#8221; button_border_radius__hover_enabled=&#8221;off&#8221; button_one_border_radius__hover_enabled=&#8221;off&#8221; button_two_border_radius__hover_enabled=&#8221;off&#8221; button_letter_spacing__hover_enabled=&#8221;off&#8221; button_one_letter_spacing__hover_enabled=&#8221;off&#8221; button_two_letter_spacing__hover_enabled=&#8221;off&#8221; button_bg_color__hover_enabled=&#8221;off&#8221; button_one_bg_color__hover_enabled=&#8221;off&#8221; button_two_bg_color__hover_enabled=&#8221;off&#8221;][\/et_pb_slide][\/et_pb_fullwidth_slider][\/et_pb_section][et_pb_section fb_built=&#8221;1&#8243; _builder_version=&#8221;3.22.3&#8243;][et_pb_row _builder_version=&#8221;3.25&#8243;][et_pb_column type=&#8221;4_4&#8243; _builder_version=&#8221;3.25&#8243; custom_padding=&#8221;|||&#8221; custom_padding__hover=&#8221;|||&#8221;][et_pb_text _builder_version=&#8221;3.27.4&#8243;]<\/p>\n<h1>P\u00e5l\u00e6gning af bladguld &#8211; Professionelt og billigt<\/h1>\n<p>Vi udf\u00f8rer alle former for malerarbejde hos Malerfirma Kaj Vejby og S\u00f8n &#8211; ogs\u00e5 special-opgaver som p\u00e5f\u00f8ring af bladguld. Her kan du til hver en opgave vide dig sikker p\u00e5 professionelt udf\u00f8rt arbejde og en stor ekspertise p\u00e5 omr\u00e5det.<\/p>\n<p><strong>&#8211; Vi udf\u00f8rer alle typer opgaver billigt og professionelt<\/strong><\/p>\n<p style=\"text-align: center;\"><strong>Vil du h\u00f8re mere om vores arbejde, og hvad vi kan g\u00f8re for dig?<\/strong><\/p>\n<p style=\"text-align: center;\"><a href=\"tel:+4540583063\" rel=\"nofollow\" class=\"blue-cta\">Ring til os p\u00e5 4058 3063<\/a><\/p>\n<p>Vi kan tilbyde fornuftige priser af flere \u00e5rsager. Vi byder p\u00e5 intet mindre end 50 \u00e5rs erfaring. Dette har gjort os i stand til at forfine vores teknikker, effektivisere vores arbejdsgange og h\u00f8jne vores kompetencer p\u00e5 alle n\u00f8dvendige omr\u00e5der. Derfor finder du altid et erfarent og effektivt team af h\u00e5ndv\u00e6rkere p\u00e5 hver en opgave.<\/p>\n<p>Vi tilbyder bl.a. p\u00e5f\u00f8ring af dette eksklusive materiale p\u00e5 m\u00f8bler, p\u00e5 kunstv\u00e6rker eller ved renovering af bevaringsv\u00e6rdige bygninger eller i vores arbejde med restaurering af kirker. Vi udf\u00f8rer med base i Hj\u00f8rring opgaver i hele Nordjylland.<span style=\"font-size: 14px; text-align: center;\"><\/span><\/p>\n<p>[\/et_pb_text][\/et_pb_column][\/et_pb_row][et_pb_row _builder_version=&#8221;3.25&#8243;][et_pb_column type=&#8221;4_4&#8243; _builder_version=&#8221;3.25&#8243; custom_padding=&#8221;|||&#8221; custom_padding__hover=&#8221;|||&#8221;][et_pb_gallery gallery_ids=&#8221;821,822,445,446&#8243; gallery_captions=&#8221;,,,,,,,,,&#8221; show_title_and_caption=&#8221;off&#8221; _builder_version=&#8221;4.4.5&#8243;][\/et_pb_gallery][\/et_pb_column][\/et_pb_row][et_pb_row _builder_version=&#8221;3.25&#8243;][et_pb_column type=&#8221;4_4&#8243; _builder_version=&#8221;3.25&#8243; custom_padding=&#8221;|||&#8221; custom_padding__hover=&#8221;|||&#8221;][et_pb_text _builder_version=&#8221;3.27.4&#8243;]<\/p>\n<h2>Forgyldning &#8211; Vi byder p\u00e5 \u00e5rtiers erfaring<\/h2>\n<p>Vi har eksisteret siden 1964 og byder p\u00e5 h\u00f8jt specialiserede processer i alle former for p\u00e5l\u00e6gning og malerarbejde. \u00c5rtiers \u00f8velse har gjort os til eksperter p\u00e5 omr\u00e5det, og du kan derfor vide dig sikker p\u00e5 flot kvalitet p\u00e5 alle udf\u00f8rte opgaver.<\/p>\n<h2>Alt i forgyldning &#8211; Med fokus p\u00e5 flot finish<\/h2>\n<p>Det er de sm\u00e5 detaljer, der g\u00f8r hele forskellen &#8211; derfor kan du forvente flot finish, n\u00e5r du samarbejder med vores erfarne h\u00e5ndv\u00e6rkere. Vi byder p\u00e5 ensartede overflader, fokus p\u00e5 de sm\u00e5 detaljer og veludf\u00f8rt h\u00e5ndv\u00e6rk. Vi er din garanti for et veludf\u00f8rt stykke arbejde. For at sikre dette er vi bl.a.:<\/p>\n<p>&#8211; Medlem af H\u00e5ndv\u00e6rkernes Anken\u00e6vn<br \/> &#8211; Medlem af Danske Malermestres Garantiordning<\/p>\n<p>Vi er f\u00f8rst tilfredse, n\u00e5r slutresultatet er perfekt. Du kan roligt indg\u00e5 et samarbejde med vores erfarne team. Et smukt slutresultat er en del af vores altid gode service.<\/p>\n<h2>Flot forgyldning af m\u00f8bler &#8211; Lang levetid<\/h2>\n<p>Vi tilbyder endvidere renovering af m\u00f8bler. Vi maler, lakerer, spr\u00f8jter, renoverer og vedligeholder for s\u00e5vel private som erhverv og offentlige instanser.<\/p>\n<p>Vi vil ogs\u00e5 gerne l\u00f8se din opgave. Vi kan sikre dig smuk behandling af m\u00f8bler med kvalitets-materialer, der \u00f8ger levetiden.<\/p>\n<h2>Forgyldning af kunstv\u00e6rker<\/h2>\n<p>Vi vurderer hver enkelt opgave vi f\u00e5r &#8211; ogs\u00e5 p\u00e5s\u00e6tning af bladguld p\u00e5 kunstv\u00e6rker. Baseret p\u00e5 estimeret antal arbejdstimer, materialeforbrug, krav til kompetencer m.m. vurderer vi fra gang til gang den bedste pris og ikke mindst en fornuftig tidshorisont til dig som kunde.<\/p>\n<p><strong>Kontakt os allerede i dag for et uforpligtende tilbud eller en snak om dine mange muligheder.<\/strong><\/p>\n<p><a href=\"mailto:info@vejbyogson.dk\" class=\"blue-cta\">Skriv til os<\/a>\u00a0<a href=\"tel:+4540583063\" rel=\"nofollow\" class=\"blue-cta\">Eller ring p\u00e5 4058 3063<\/a><\/p>\n<p style=\"text-align: center;\">\n<p>[\/et_pb_text][\/et_pb_column][\/et_pb_row][et_pb_row _builder_version=&#8221;3.25&#8243;][et_pb_column type=&#8221;4_4&#8243; _builder_version=&#8221;3.25&#8243; custom_padding=&#8221;|||&#8221; custom_padding__hover=&#8221;|||&#8221;][et_pb_gallery gallery_ids=&#8221;821,822,445,446&#8243; gallery_captions=&#8221;,,,,,,,,,&#8221; show_title_and_caption=&#8221;off&#8221; _builder_version=&#8221;4.4.5&#8243;][\/et_pb_gallery][\/et_pb_column][\/et_pb_row][\/et_pb_section]<\/p>\n","protected":false},"excerpt":{"rendered":"<p>[et_pb_section fb_built=&#8221;1&#8243; fullwidth=&#8221;on&#8221; _builder_version=&#8221;3.22.3&#8243;][et_pb_fullwidth_slider _builder_version=&#8221;4.4.5&#8243; background_repeat=&#8221;repeat&#8221; button_text_size__hover_enabled=&#8221;off&#8221; button_one_text_size__hover_enabled=&#8221;off&#8221; button_two_text_size__hover_enabled=&#8221;off&#8221; button_text_color__hover_enabled=&#8221;off&#8221; button_one_text_color__hover_enabled=&#8221;off&#8221; button_two_text_color__hover_enabled=&#8221;off&#8221; button_border_width__hover_enabled=&#8221;off&#8221; button_one_border_width__hover_enabled=&#8221;off&#8221; button_two_border_width__hover_enabled=&#8221;off&#8221; button_border_color__hover_enabled=&#8221;off&#8221; button_one_border_color__hover_enabled=&#8221;off&#8221; button_two_border_color__hover_enabled=&#8221;off&#8221; button_border_radius__hover_enabled=&#8221;off&#8221; button_one_border_radius__hover_enabled=&#8221;off&#8221; button_two_border_radius__hover_enabled=&#8221;off&#8221; button_letter_spacing__hover_enabled=&#8221;off&#8221; button_one_letter_spacing__hover_enabled=&#8221;off&#8221; button_two_letter_spacing__hover_enabled=&#8221;off&#8221; button_bg_color__hover_enabled=&#8221;off&#8221; button_one_bg_color__hover_enabled=&#8221;off&#8221; button_two_bg_color__hover_enabled=&#8221;off&#8221;][et_pb_slide _builder_version=&#8221;3.16&#8243; background_color=&#8221;#ffffff&#8221; background_image=&#8221;https:\/\/vejbyogson.dk\/wp-content\/uploads\/2018\/06\/Bladguld-Teaser.jpg&#8221; button_text_size__hover_enabled=&#8221;off&#8221; button_one_text_size__hover_enabled=&#8221;off&#8221; button_two_text_size__hover_enabled=&#8221;off&#8221; button_text_color__hover_enabled=&#8221;off&#8221; button_one_text_color__hover_enabled=&#8221;off&#8221; button_two_text_color__hover_enabled=&#8221;off&#8221; button_border_width__hover_enabled=&#8221;off&#8221; button_one_border_width__hover_enabled=&#8221;off&#8221; button_two_border_width__hover_enabled=&#8221;off&#8221; button_border_color__hover_enabled=&#8221;off&#8221; button_one_border_color__hover_enabled=&#8221;off&#8221; button_two_border_color__hover_enabled=&#8221;off&#8221; button_border_radius__hover_enabled=&#8221;off&#8221; button_one_border_radius__hover_enabled=&#8221;off&#8221; button_two_border_radius__hover_enabled=&#8221;off&#8221; button_letter_spacing__hover_enabled=&#8221;off&#8221; button_one_letter_spacing__hover_enabled=&#8221;off&#8221; button_two_letter_spacing__hover_enabled=&#8221;off&#8221; button_bg_color__hover_enabled=&#8221;off&#8221; button_one_bg_color__hover_enabled=&#8221;off&#8221; button_two_bg_color__hover_enabled=&#8221;off&#8221;][\/et_pb_slide][\/et_pb_fullwidth_slider][\/et_pb_section][et_pb_section fb_built=&#8221;1&#8243; _builder_version=&#8221;3.22.3&#8243;][et_pb_row _builder_version=&#8221;3.25&#8243;][et_pb_column type=&#8221;4_4&#8243; [&hellip;]<\/p>\n","protected":false},"author":1,"featured_media":0,"parent":145,"menu_order":0,"comment_status":"closed","ping_status":"closed","template":"","meta":{"_et_pb_use_builder":"on","_et_pb_old_content":"","_et_gb_content_width":"","footnotes":""},"class_list":["post-443","page","type-page","status-publish","hentry"],"yoast_head":"<!-- This site is optimized with the Yoast SEO plugin v26.8 - https:\/\/yoast.com\/product\/yoast-seo-wordpress\/ -->\n<title>Bladguld - P\u00e5l\u00e6gning af bladguld p\u00e5 m\u00f8bler og kunstv\u00e6rker<\/title>\n<meta name=\"description\" content=\"Giv m\u00f8bler og kunstv\u00e6rker med professionel forgyldning. Vi har stor erfaring med p\u00e5l\u00e6gning af bladgulv og du kan l\u00e6se mere om vores arbejde her.\" \/>\n<meta name=\"robots\" content=\"index, follow, max-snippet:-1, max-image-preview:large, max-video-preview:-1\" \/>\n<link rel=\"canonical\" href=\"https:\/\/vejbyogson.dk\/?page_id=443\" \/>\n<meta property=\"og:locale\" content=\"da_DK\" \/>\n<meta property=\"og:type\" content=\"article\" \/>\n<meta property=\"og:title\" content=\"Bladguld - P\u00e5l\u00e6gning af bladguld p\u00e5 m\u00f8bler og kunstv\u00e6rker\" \/>\n<meta property=\"og:description\" content=\"Giv m\u00f8bler og kunstv\u00e6rker med professionel forgyldning. Vi har stor erfaring med p\u00e5l\u00e6gning af bladgulv og du kan l\u00e6se mere om vores arbejde her.\" \/>\n<meta property=\"og:url\" content=\"https:\/\/vejbyogson.dk\/?page_id=443\" \/>\n<meta property=\"og:site_name\" content=\"Malerfirma Kaj Vejby &amp; S\u00f8n\" \/>\n<meta property=\"article:modified_time\" content=\"2020-05-17T19:36:36+00:00\" \/>\n<meta name=\"twitter:card\" content=\"summary_large_image\" \/>\n<meta name=\"twitter:label1\" content=\"Estimeret l\u00e6setid\" \/>\n\t<meta name=\"twitter:data1\" content=\"5 minutter\" \/>\n<script type=\"application\/ld+json\" class=\"yoast-schema-graph\">{\"@context\":\"https:\/\/schema.org\",\"@graph\":[{\"@type\":\"WebPage\",\"@id\":\"https:\/\/vejbyogson.dk\/?page_id=443\",\"url\":\"https:\/\/vejbyogson.dk\/?page_id=443\",\"name\":\"Bladguld - P\u00e5l\u00e6gning af bladguld p\u00e5 m\u00f8bler og kunstv\u00e6rker\",\"isPartOf\":{\"@id\":\"https:\/\/vejbyogson.dk\/#website\"},\"datePublished\":\"2018-06-11T21:52:27+00:00\",\"dateModified\":\"2020-05-17T19:36:36+00:00\",\"description\":\"Giv m\u00f8bler og kunstv\u00e6rker med professionel forgyldning. Vi har stor erfaring med p\u00e5l\u00e6gning af bladgulv og du kan l\u00e6se mere om vores arbejde her.\",\"breadcrumb\":{\"@id\":\"https:\/\/vejbyogson.dk\/?page_id=443#breadcrumb\"},\"inLanguage\":\"da-DK\",\"potentialAction\":[{\"@type\":\"ReadAction\",\"target\":[\"https:\/\/vejbyogson.dk\/?page_id=443\"]}]},{\"@type\":\"BreadcrumbList\",\"@id\":\"https:\/\/vejbyogson.dk\/?page_id=443#breadcrumb\",\"itemListElement\":[{\"@type\":\"ListItem\",\"position\":1,\"name\":\"Hjem\",\"item\":\"https:\/\/vejbyogson.dk\/\"},{\"@type\":\"ListItem\",\"position\":2,\"name\":\"Vi tilbyder\",\"item\":\"https:\/\/vejbyogson.dk\/?page_id=77\"},{\"@type\":\"ListItem\",\"position\":3,\"name\":\"Special opgaver\",\"item\":\"https:\/\/vejbyogson.dk\/?page_id=145\"},{\"@type\":\"ListItem\",\"position\":4,\"name\":\"Bladguld\"}]},{\"@type\":\"WebSite\",\"@id\":\"https:\/\/vejbyogson.dk\/#website\",\"url\":\"https:\/\/vejbyogson.dk\/\",\"name\":\"Malerfirma Kaj Vejby &amp; S\u00f8n\",\"description\":\"Malerfirma Kaj Vejby &amp; S\u00f8n\",\"potentialAction\":[{\"@type\":\"SearchAction\",\"target\":{\"@type\":\"EntryPoint\",\"urlTemplate\":\"https:\/\/vejbyogson.dk\/?s={search_term_string}\"},\"query-input\":{\"@type\":\"PropertyValueSpecification\",\"valueRequired\":true,\"valueName\":\"search_term_string\"}}],\"inLanguage\":\"da-DK\"}]}<\/script>\n<!-- \/ Yoast SEO plugin. -->","yoast_head_json":{"title":"Bladguld - P\u00e5l\u00e6gning af bladguld p\u00e5 m\u00f8bler og kunstv\u00e6rker","description":"Giv m\u00f8bler og kunstv\u00e6rker med professionel forgyldning. Vi har stor erfaring med p\u00e5l\u00e6gning af bladgulv og du kan l\u00e6se mere om vores arbejde her.","robots":{"index":"index","follow":"follow","max-snippet":"max-snippet:-1","max-image-preview":"max-image-preview:large","max-video-preview":"max-video-preview:-1"},"canonical":"https:\/\/vejbyogson.dk\/?page_id=443","og_locale":"da_DK","og_type":"article","og_title":"Bladguld - P\u00e5l\u00e6gning af bladguld p\u00e5 m\u00f8bler og kunstv\u00e6rker","og_description":"Giv m\u00f8bler og kunstv\u00e6rker med professionel forgyldning. Vi har stor erfaring med p\u00e5l\u00e6gning af bladgulv og du kan l\u00e6se mere om vores arbejde her.","og_url":"https:\/\/vejbyogson.dk\/?page_id=443","og_site_name":"Malerfirma Kaj Vejby &amp; S\u00f8n","article_modified_time":"2020-05-17T19:36:36+00:00","twitter_card":"summary_large_image","twitter_misc":{"Estimeret l\u00e6setid":"5 minutter"},"schema":{"@context":"https:\/\/schema.org","@graph":[{"@type":"WebPage","@id":"https:\/\/vejbyogson.dk\/?page_id=443","url":"https:\/\/vejbyogson.dk\/?page_id=443","name":"Bladguld - P\u00e5l\u00e6gning af bladguld p\u00e5 m\u00f8bler og kunstv\u00e6rker","isPartOf":{"@id":"https:\/\/vejbyogson.dk\/#website"},"datePublished":"2018-06-11T21:52:27+00:00","dateModified":"2020-05-17T19:36:36+00:00","description":"Giv m\u00f8bler og kunstv\u00e6rker med professionel forgyldning. Vi har stor erfaring med p\u00e5l\u00e6gning af bladgulv og du kan l\u00e6se mere om vores arbejde her.","breadcrumb":{"@id":"https:\/\/vejbyogson.dk\/?page_id=443#breadcrumb"},"inLanguage":"da-DK","potentialAction":[{"@type":"ReadAction","target":["https:\/\/vejbyogson.dk\/?page_id=443"]}]},{"@type":"BreadcrumbList","@id":"https:\/\/vejbyogson.dk\/?page_id=443#breadcrumb","itemListElement":[{"@type":"ListItem","position":1,"name":"Hjem","item":"https:\/\/vejbyogson.dk\/"},{"@type":"ListItem","position":2,"name":"Vi tilbyder","item":"https:\/\/vejbyogson.dk\/?page_id=77"},{"@type":"ListItem","position":3,"name":"Special opgaver","item":"https:\/\/vejbyogson.dk\/?page_id=145"},{"@type":"ListItem","position":4,"name":"Bladguld"}]},{"@type":"WebSite","@id":"https:\/\/vejbyogson.dk\/#website","url":"https:\/\/vejbyogson.dk\/","name":"Malerfirma Kaj Vejby &amp; S\u00f8n","description":"Malerfirma Kaj Vejby &amp; S\u00f8n","potentialAction":[{"@type":"SearchAction","target":{"@type":"EntryPoint","urlTemplate":"https:\/\/vejbyogson.dk\/?s={search_term_string}"},"query-input":{"@type":"PropertyValueSpecification","valueRequired":true,"valueName":"search_term_string"}}],"inLanguage":"da-DK"}]}},"_links":{"self":[{"href":"https:\/\/vejbyogson.dk\/index.php?rest_route=\/wp\/v2\/pages\/443","targetHints":{"allow":["GET"]}}],"collection":[{"href":"https:\/\/vejbyogson.dk\/index.php?rest_route=\/wp\/v2\/pages"}],"about":[{"href":"https:\/\/vejbyogson.dk\/index.php?rest_route=\/wp\/v2\/types\/page"}],"author":[{"embeddable":true,"href":"https:\/\/vejbyogson.dk\/index.php?rest_route=\/wp\/v2\/users\/1"}],"replies":[{"embeddable":true,"href":"https:\/\/vejbyogson.dk\/index.php?rest_route=%2Fwp%2Fv2%2Fcomments&post=443"}],"version-history":[{"count":11,"href":"https:\/\/vejbyogson.dk\/index.php?rest_route=\/wp\/v2\/pages\/443\/revisions"}],"predecessor-version":[{"id":873,"href":"https:\/\/vejbyogson.dk\/index.php?rest_route=\/wp\/v2\/pages\/443\/revisions\/873"}],"up":[{"embeddable":true,"href":"https:\/\/vejbyogson.dk\/index.php?rest_route=\/wp\/v2\/pages\/145"}],"wp:attachment":[{"href":"https:\/\/vejbyogson.dk\/index.php?rest_route=%2Fwp%2Fv2%2Fmedia&parent=443"}],"curies":[{"name":"wp","href":"https:\/\/api.w.org\/{rel}","templated":true}]}}