{"id":41,"date":"2018-02-28T15:09:50","date_gmt":"2018-02-28T15:09:50","guid":{"rendered":"https:\/\/vejbyogson.dk\/?page_id=41"},"modified":"2023-12-14T10:47:43","modified_gmt":"2023-12-14T10:47:43","slug":"kaj-vejby-soen","status":"publish","type":"page","link":"https:\/\/vejbyogson.dk\/","title":{"rendered":"Kaj Vejby &#038; S\u00f8n"},"content":{"rendered":"<p>[et_pb_section fb_built=&#8221;1&#8243; fullwidth=&#8221;on&#8221; _builder_version=&#8221;3.22.3&#8243;][et_pb_fullwidth_slider _builder_version=&#8221;3.16&#8243; header_font=&#8221;||||||||&#8221; body_font=&#8221;||||||||&#8221; button_text_size__hover_enabled=&#8221;off&#8221; button_one_text_size__hover_enabled=&#8221;off&#8221; button_two_text_size__hover_enabled=&#8221;off&#8221; button_text_color__hover_enabled=&#8221;off&#8221; button_one_text_color__hover_enabled=&#8221;off&#8221; button_two_text_color__hover_enabled=&#8221;off&#8221; button_border_width__hover_enabled=&#8221;off&#8221; button_one_border_width__hover_enabled=&#8221;off&#8221; button_two_border_width__hover_enabled=&#8221;off&#8221; button_border_color__hover_enabled=&#8221;off&#8221; button_one_border_color__hover_enabled=&#8221;off&#8221; button_two_border_color__hover_enabled=&#8221;off&#8221; button_border_radius__hover_enabled=&#8221;off&#8221; button_one_border_radius__hover_enabled=&#8221;off&#8221; button_two_border_radius__hover_enabled=&#8221;off&#8221; button_letter_spacing__hover_enabled=&#8221;off&#8221; button_one_letter_spacing__hover_enabled=&#8221;off&#8221; button_two_letter_spacing__hover_enabled=&#8221;off&#8221; button_bg_color__hover_enabled=&#8221;off&#8221; button_one_bg_color__hover_enabled=&#8221;off&#8221; button_two_bg_color__hover_enabled=&#8221;off&#8221;][et_pb_slide heading=&#8221;Velkommen til Kaj Vejby &#038; S\u00f8n&#8221; use_bg_overlay=&#8221;on&#8221; bg_overlay_color=&#8221;rgba(12,113,195,0.35)&#8221; use_text_overlay=&#8221;on&#8221; _builder_version=&#8221;3.16&#8243; background_color=&#8221;#ffffff&#8221; background_image=&#8221;https:\/\/vejbyogson.dk\/wp-content\/uploads\/2018\/08\/P8040302-Kopi.jpg&#8221; button_text_size__hover_enabled=&#8221;off&#8221; button_one_text_size__hover_enabled=&#8221;off&#8221; button_two_text_size__hover_enabled=&#8221;off&#8221; button_text_color__hover_enabled=&#8221;off&#8221; button_one_text_color__hover_enabled=&#8221;off&#8221; button_two_text_color__hover_enabled=&#8221;off&#8221; button_border_width__hover_enabled=&#8221;off&#8221; button_one_border_width__hover_enabled=&#8221;off&#8221; button_two_border_width__hover_enabled=&#8221;off&#8221; button_border_color__hover_enabled=&#8221;off&#8221; button_one_border_color__hover_enabled=&#8221;off&#8221; button_two_border_color__hover_enabled=&#8221;off&#8221; button_border_radius__hover_enabled=&#8221;off&#8221; button_one_border_radius__hover_enabled=&#8221;off&#8221; button_two_border_radius__hover_enabled=&#8221;off&#8221; button_letter_spacing__hover_enabled=&#8221;off&#8221; button_one_letter_spacing__hover_enabled=&#8221;off&#8221; button_two_letter_spacing__hover_enabled=&#8221;off&#8221; button_bg_color__hover_enabled=&#8221;off&#8221; button_one_bg_color__hover_enabled=&#8221;off&#8221; button_two_bg_color__hover_enabled=&#8221;off&#8221;]<\/p>\n<p>Malerfirma Kaj Vejby &amp; S\u00f8n fra Hj\u00f8rring er et kvalitetsbevidst malerfirma med over 60 \u00e5rs erfaring indenfor alle typer maleropgaver!<\/p>\n<p>[\/et_pb_slide][\/et_pb_fullwidth_slider][\/et_pb_section][et_pb_section fb_built=&#8221;1&#8243; _builder_version=&#8221;3.22.3&#8243; custom_padding=&#8221;3px|0px|5px|0px&#8221;][et_pb_row _builder_version=&#8221;3.25&#8243;][et_pb_column type=&#8221;4_4&#8243; _builder_version=&#8221;3.25&#8243; custom_padding=&#8221;|||&#8221; custom_padding__hover=&#8221;|||&#8221;][et_pb_text _builder_version=&#8221;3.27.4&#8243; custom_padding=&#8221;||0px|||&#8221;]<\/p>\n<h1>Hurtigt og effektivt malerfirma til fornuftige priser<\/h1>\n<p>Hos Kaj Vejby &amp; S\u00f8n finder du kvalitet i s\u00e6rklasse &#8211; vi udf\u00f8rer nemlig alle former for malings-opgaver med st\u00f8rste ekspertise og ikke mindst med brug af kvalitets-materialer. Vi d\u00e6kker bredt og kan tilbyde dig ekspertise indenfor en lang r\u00e6kke omr\u00e5der. Vi byder desuden p\u00e5:<\/p>\n<p>&#8211; Hurtig og effektivt malerarbejde<\/p>\n<p>&#8211; Opgaver klaret p\u00e5 ingen tid<\/p>\n<p>&#8211; Erfarne h\u00e5ndv\u00e6rkere<\/p>\n<p>&#8211; Kvalitet i vores arbejde<\/p>\n<p>Vores erfarne team byder p\u00e5 mange \u00e5rs erfaring og arbejder med gennemt\u00e6nkte l\u00f8sninger, s\u00e5 du kan sikre dig godt h\u00e5ndv\u00e6rk, der r\u00e6kker langt ud i fremtiden.<\/p>\n<p style=\"text-align: center;\"><strong>Tag en uforpligtende snak med os om din opgave<\/strong><\/p>\n<p style=\"text-align: center;\"><a class=\"blue-cta\" href=\"tel:+4540583063\" rel=\"nofollow\">Ring p\u00e5 tlf. 4058 3063<\/a> \u00a0 <a class=\"blue-cta\" href=\"mailto:info@vejbyogson.dk\" rel=\"nofollow\">Skriv til os<\/a><\/p>\n<p style=\"text-align: center;\">\n<p>[\/et_pb_text][\/et_pb_column][\/et_pb_row][et_pb_row column_structure=&#8221;1_4,1_4,1_4,1_4&#8243; _builder_version=&#8221;3.25&#8243;][et_pb_column type=&#8221;1_4&#8243; _builder_version=&#8221;3.25&#8243; custom_padding=&#8221;|||&#8221; custom_padding__hover=&#8221;|||&#8221;][et_pb_image src=&#8221;https:\/\/vejbyogson.dk\/wp-content\/uploads\/2018\/05\/Gulv-Behandling_Teaser.jpg&#8221; url=&#8221;https:\/\/vejbyogson.dk\/vi-tilbyder\/gulvbehandling\/&#8221; align_tablet=&#8221;center&#8221; align_phone=&#8221;&#8221; align_last_edited=&#8221;on|desktop&#8221; _builder_version=&#8221;3.23&#8243;][\/et_pb_image][et_pb_blurb title=&#8221;Gulvbehandling&#8221; _builder_version=&#8221;3.2.2&#8243;] Behandling af alle typer gulve. Slibning, oliering, lakering eller s\u00e6bebehandling udf\u00f8res, vi behandler ogs\u00e5 industri gulve med f.eks. Epoxy maling. [\/et_pb_blurb][\/et_pb_column][et_pb_column type=&#8221;1_4&#8243; _builder_version=&#8221;3.25&#8243; custom_padding=&#8221;|||&#8221; custom_padding__hover=&#8221;|||&#8221;][et_pb_image src=&#8221;https:\/\/vejbyogson.dk\/wp-content\/uploads\/2018\/05\/Sproetelakering_teaser.jpg&#8221; url=&#8221;https:\/\/vejbyogson.dk\/vi-tilbyder\/sproejtemaling\/&#8221; align_tablet=&#8221;center&#8221; align_phone=&#8221;&#8221; align_last_edited=&#8221;on|desktop&#8221; _builder_version=&#8221;4.4.8&#8243;][\/et_pb_image][et_pb_blurb title=&#8221;Spr\u00f8jtelakering&#8221; _builder_version=&#8221;3.0.106&#8243;] P\u00e5 vores spr\u00f8jtev\u00e6rksted udf\u00f8rer vi alt fra renovering fra m\u00f8bler og inventar til industrilakering af diverse st\u00e5l emner. [\/et_pb_blurb][\/et_pb_column][et_pb_column type=&#8221;1_4&#8243; _builder_version=&#8221;3.25&#8243; custom_padding=&#8221;|||&#8221; custom_padding__hover=&#8221;|||&#8221;][et_pb_image src=&#8221;https:\/\/vejbyogson.dk\/wp-content\/uploads\/2018\/05\/Facade_Teaser.jpg&#8221; url=&#8221;https:\/\/vejbyogson.dk\/vi-tilbyder\/bygningsarbejde\/&#8221; align_tablet=&#8221;center&#8221; align_phone=&#8221;&#8221; align_last_edited=&#8221;on|desktop&#8221; _builder_version=&#8221;3.23&#8243;][\/et_pb_image][et_pb_blurb title=&#8221;Facaderenovering&#8221; _builder_version=&#8221;3.2.2&#8243;] Er facaden p\u00e5 dit hus ikke l\u00e6ngere intakt? Vi har blandt andet erfaring med udvendig isolering med produkter fra Rockidan, Keim&#8217;s holdbare og mineralske produkter. [\/et_pb_blurb][\/et_pb_column][et_pb_column type=&#8221;1_4&#8243; _builder_version=&#8221;3.25&#8243; custom_padding=&#8221;|||&#8221; custom_padding__hover=&#8221;|||&#8221;][et_pb_image src=&#8221;https:\/\/vejbyogson.dk\/wp-content\/uploads\/2018\/05\/Bevaringsvaerdig_Teaser.jpg&#8221; url=&#8221;https:\/\/vejbyogson.dk\/vi-tilbyder\/bavaringsvaerdige-bygninger\/&#8221; align_tablet=&#8221;center&#8221; align_phone=&#8221;&#8221; align_last_edited=&#8221;on|desktop&#8221; _builder_version=&#8221;3.23&#8243;][\/et_pb_image][et_pb_blurb title=&#8221;Bevaringsv\u00e6rdige Bygninger&#8221; _builder_version=&#8221;3.2.2&#8243;] Vi udf\u00f8rer ofte renovering af kirker og fredede bygninger, hvor kvalitetsh\u00e5ndv\u00e6rk og valg af de rigtige materialer, bliver v\u00e6gtet h\u00f8jt. [\/et_pb_blurb][\/et_pb_column][\/et_pb_row][et_pb_row _builder_version=&#8221;4.4.6&#8243;][et_pb_column type=&#8221;4_4&#8243; _builder_version=&#8221;4.4.6&#8243;][et_pb_text _builder_version=&#8221;4.4.8&#8243;]<\/p>\n<p style=\"text-align: left;\"><span style=\"color: #333333; font-size: 26px; text-align: left;\">Erfarent malerfirma i Hj\u00f8rring<\/span><\/p>\n<p>Vi har mange \u00e5rs erfaring at byde p\u00e5, hvilket giver dig en ekspertise, der er lidt ud over det s\u00e6dvanlige. Vi har eksisteret siden 1964, hvor vi gennem \u00e5rene har finpudset, justeret og ikke mindst effektiviseret alle arbejdsprocesser, s\u00e5ledes, at du altid f\u00e5r b\u00e5de erfarne og effektive h\u00e5ndv\u00e6rkere, der kan spare dig for b\u00e5de tid og penge.<\/p>\n<p>Malerfirma Kaj Vejby &amp; S\u00f8n byder p\u00e5 mere end 60 \u00e5rs erfaring<\/p>\n<p>Vi udf\u00f8rer et v\u00e6ld af opgaver for s\u00e5vel private som virksomheder. Vi giver dig alt i \u00e9n l\u00f8sning til h\u00f8jeste kvalitet<\/p>\n<h2>Malerarbejde i ordentlig kvalitet<\/h2>\n<p>Du kan altid vide dig sikker p\u00e5 godt h\u00e5ndv\u00e6rk, n\u00e5r du g\u00f8r brug af Malerfirma Kaj Vejby &amp; S\u00f8n. Vi er altid med til at sikre dig veludf\u00f8rt arbejde. Vi er nemlig:<\/p>\n<p>&#8211; Medlem af Danske Malermestres Garantiordning<\/p>\n<p>&#8211; Medlem af H\u00e5ndv\u00e6rkernes Anken\u00e6vn<\/p>\n<p>Den store erfaring og ekspertise, som vi byder p\u00e5, kommer naturligvis dig til gode, s\u00e5 du til hver en tid kan sikre dig godt udf\u00f8rt h\u00e5ndv\u00e6rk med lang levetid grundet n\u00f8je udf\u00f8rt arbejde samt brug af kvalitets-materialer.<\/p>\n<h2>Vi udf\u00f8rer alle maleropgaver samt special-opgaver<\/h2>\n<p>Vi byder p\u00e5 alle former for maleropgaver. Her finder du veludf\u00f8rt h\u00e5ndv\u00e6rk i mange sp\u00e6ndende varianter. Vi byder bl.a. p\u00e5 stor ekspertise indenfor f\u00f8lgende omr\u00e5der:<\/p>\n<p>&#8211; <a href=\"https:\/\/vejbyogson.dk\/vi-tilbyder\/bygningsarbejde\/\">Facaderenovering<\/a><\/p>\n<p>&#8211; <a href=\"https:\/\/vejbyogson.dk\/vi-tilbyder\/sproejtelakering\/\">Spr\u00f8jtelakering<\/a><\/p>\n<p>&#8211; <a href=\"https:\/\/vejbyogson.dk\/vi-tilbyder\/gulvbehandling\/\">Gulvbehandling<\/a><\/p>\n<p>&#8211; <a href=\"https:\/\/vejbyogson.dk\/vi-tilbyder\/special-opgaver\/akustiklofter\/\">Behandling af lofter<\/a><\/p>\n<p>&#8211; <a href=\"https:\/\/vejbyogson.dk\/vi-tilbyder\/special-opgaver\/brandhaemmende-maling\/\">Brandh\u00e6mmende maling og anden v\u00e6gmaling<\/a><\/p>\n<p>&#8211; <a href=\"https:\/\/vejbyogson.dk\/vi-tilbyder\/special-opgaver\/bladguld-2\/\">Bladguld<\/a><\/p>\n<p>Dertil kommer vores store ekspertise indenfor en lang r\u00e6kke special-opgaver som eksempelvis ops\u00e6tning og efterbehandling af akustiklofter, opgaver med brandh\u00e6mmende maling og meget mere.<\/p>\n<h2>Malermester i Hj\u00f8rring og resten af Nordjylland<\/h2>\n<p>Er du p\u00e5 udkig efter en ordentlig maler og ikke mindst et professionelt malerfirma i Hj\u00f8rring og omegn, s\u00e5 er Malerfirma Kaj Vejby &amp; S\u00f8n den perfekte l\u00f8sning.<\/p>\n<p>Du finder os p\u00e5 Vandv\u00e6rksvej 23 i Hj\u00f8rring. F\u00e5 et gratis og uforpligtende tilbud. Vi kan kontaktes p\u00e5 <a href=\"tel:+4540583063\">tlf.: 4058 3063<\/a><\/p>\n<p style=\"text-align: center;\"><a class=\"blue-cta\" href=\"tel:+4540583063\" rel=\"nofollow\">Ring p\u00e5 tlf. 4058 3063<\/a> \u00a0 <a class=\"blue-cta\" href=\"mailto:info@vejbyogson.dk\" rel=\"nofollow\">Skriv til os<\/a><\/p>\n<p>[\/et_pb_text][\/et_pb_column][\/et_pb_row][et_pb_row column_structure=&#8221;1_4,1_4,1_4,1_4&#8243; _builder_version=&#8221;3.25&#8243;][et_pb_column type=&#8221;1_4&#8243; _builder_version=&#8221;3.25&#8243; custom_padding=&#8221;|||&#8221; custom_padding__hover=&#8221;|||&#8221;][et_pb_image src=&#8221;https:\/\/vejbyogson.dk\/wp-content\/uploads\/2018\/05\/Gulv-Behandling_Teaser.jpg&#8221; url=&#8221;https:\/\/vejbyogson.dk\/vi-tilbyder\/gulvbehandling\/&#8221; align_tablet=&#8221;center&#8221; align_phone=&#8221;&#8221; align_last_edited=&#8221;on|desktop&#8221; _builder_version=&#8221;3.23&#8243;][\/et_pb_image][et_pb_blurb title=&#8221;Gulvbehandling&#8221; _builder_version=&#8221;3.2.2&#8243;] Behandling af alle typer gulve. Slibning, oliering, lakering eller s\u00e6bebehandling udf\u00f8res, vi behandler ogs\u00e5 industri gulve med f.eks. Epoxy maling. [\/et_pb_blurb][\/et_pb_column][et_pb_column type=&#8221;1_4&#8243; _builder_version=&#8221;3.25&#8243; custom_padding=&#8221;|||&#8221; custom_padding__hover=&#8221;|||&#8221;][et_pb_image src=&#8221;https:\/\/vejbyogson.dk\/wp-content\/uploads\/2018\/05\/Sproetelakering_teaser.jpg&#8221; url=&#8221;https:\/\/vejbyogson.dk\/vi-tilbyder\/sproejtelakering\/&#8221; align_tablet=&#8221;center&#8221; align_phone=&#8221;&#8221; align_last_edited=&#8221;on|desktop&#8221; _builder_version=&#8221;3.23&#8243;][\/et_pb_image][et_pb_blurb title=&#8221;Spr\u00f8jtelakering&#8221; _builder_version=&#8221;3.0.106&#8243;] P\u00e5 vores spr\u00f8jtev\u00e6rksted udf\u00f8rer vi alt fra renovering fra m\u00f8bler og inventar til industrilakering af diverse st\u00e5l emner. [\/et_pb_blurb][\/et_pb_column][et_pb_column type=&#8221;1_4&#8243; _builder_version=&#8221;3.25&#8243; custom_padding=&#8221;|||&#8221; custom_padding__hover=&#8221;|||&#8221;][et_pb_image src=&#8221;https:\/\/vejbyogson.dk\/wp-content\/uploads\/2018\/05\/Facade_Teaser.jpg&#8221; url=&#8221;https:\/\/vejbyogson.dk\/vi-tilbyder\/bygningsarbejde\/&#8221; align_tablet=&#8221;center&#8221; align_phone=&#8221;&#8221; align_last_edited=&#8221;on|desktop&#8221; _builder_version=&#8221;3.23&#8243;][\/et_pb_image][et_pb_blurb title=&#8221;Facaderenovering&#8221; _builder_version=&#8221;3.2.2&#8243;] Er facaden p\u00e5 dit hus ikke l\u00e6ngere intakt? Vi har blandt andet erfaring med udvendig isolering med produkter fra Rockidan, Keim&#8217;s holdbare og mineralske produkter. [\/et_pb_blurb][\/et_pb_column][et_pb_column type=&#8221;1_4&#8243; _builder_version=&#8221;3.25&#8243; custom_padding=&#8221;|||&#8221; custom_padding__hover=&#8221;|||&#8221;][et_pb_image src=&#8221;https:\/\/vejbyogson.dk\/wp-content\/uploads\/2018\/05\/Bevaringsvaerdig_Teaser.jpg&#8221; url=&#8221;https:\/\/vejbyogson.dk\/vi-tilbyder\/bavaringsvaerdige-bygninger\/&#8221; align_tablet=&#8221;center&#8221; align_phone=&#8221;&#8221; align_last_edited=&#8221;on|desktop&#8221; _builder_version=&#8221;3.23&#8243;][\/et_pb_image][et_pb_blurb title=&#8221;Bevaringsv\u00e6rdige Bygninger&#8221; _builder_version=&#8221;3.2.2&#8243;] Vi udf\u00f8rer ofte renovering af kirker og fredede bygninger, hvor kvalitetsh\u00e5ndv\u00e6rk og valg af de rigtige materialer, bliver v\u00e6gtet h\u00f8jt. [\/et_pb_blurb][\/et_pb_column][\/et_pb_row][\/et_pb_section]<\/p>\n","protected":false},"excerpt":{"rendered":"<p>[et_pb_section fb_built=&#8221;1&#8243; fullwidth=&#8221;on&#8221; _builder_version=&#8221;3.22.3&#8243;][et_pb_fullwidth_slider _builder_version=&#8221;3.16&#8243; header_font=&#8221;||||||||&#8221; body_font=&#8221;||||||||&#8221; button_text_size__hover_enabled=&#8221;off&#8221; button_one_text_size__hover_enabled=&#8221;off&#8221; button_two_text_size__hover_enabled=&#8221;off&#8221; button_text_color__hover_enabled=&#8221;off&#8221; button_one_text_color__hover_enabled=&#8221;off&#8221; button_two_text_color__hover_enabled=&#8221;off&#8221; button_border_width__hover_enabled=&#8221;off&#8221; button_one_border_width__hover_enabled=&#8221;off&#8221; button_two_border_width__hover_enabled=&#8221;off&#8221; button_border_color__hover_enabled=&#8221;off&#8221; button_one_border_color__hover_enabled=&#8221;off&#8221; button_two_border_color__hover_enabled=&#8221;off&#8221; button_border_radius__hover_enabled=&#8221;off&#8221; button_one_border_radius__hover_enabled=&#8221;off&#8221; button_two_border_radius__hover_enabled=&#8221;off&#8221; button_letter_spacing__hover_enabled=&#8221;off&#8221; button_one_letter_spacing__hover_enabled=&#8221;off&#8221; button_two_letter_spacing__hover_enabled=&#8221;off&#8221; button_bg_color__hover_enabled=&#8221;off&#8221; button_one_bg_color__hover_enabled=&#8221;off&#8221; button_two_bg_color__hover_enabled=&#8221;off&#8221;][et_pb_slide heading=&#8221;Velkommen til Kaj Vejby &#038; S\u00f8n&#8221; use_bg_overlay=&#8221;on&#8221; bg_overlay_color=&#8221;rgba(12,113,195,0.35)&#8221; use_text_overlay=&#8221;on&#8221; _builder_version=&#8221;3.16&#8243; background_color=&#8221;#ffffff&#8221; background_image=&#8221;https:\/\/vejbyogson.dk\/wp-content\/uploads\/2018\/08\/P8040302-Kopi.jpg&#8221; button_text_size__hover_enabled=&#8221;off&#8221; button_one_text_size__hover_enabled=&#8221;off&#8221; button_two_text_size__hover_enabled=&#8221;off&#8221; button_text_color__hover_enabled=&#8221;off&#8221; button_one_text_color__hover_enabled=&#8221;off&#8221; button_two_text_color__hover_enabled=&#8221;off&#8221; button_border_width__hover_enabled=&#8221;off&#8221; button_one_border_width__hover_enabled=&#8221;off&#8221; button_two_border_width__hover_enabled=&#8221;off&#8221; button_border_color__hover_enabled=&#8221;off&#8221; button_one_border_color__hover_enabled=&#8221;off&#8221; button_two_border_color__hover_enabled=&#8221;off&#8221; button_border_radius__hover_enabled=&#8221;off&#8221; button_one_border_radius__hover_enabled=&#8221;off&#8221; button_two_border_radius__hover_enabled=&#8221;off&#8221; [&hellip;]<\/p>\n","protected":false},"author":1,"featured_media":0,"parent":0,"menu_order":0,"comment_status":"closed","ping_status":"closed","template":"","meta":{"_et_pb_use_builder":"on","_et_pb_old_content":"","_et_gb_content_width":"","footnotes":""},"class_list":["post-41","page","type-page","status-publish","hentry"],"yoast_head":"<!-- This site is optimized with the Yoast SEO plugin v26.8 - https:\/\/yoast.com\/product\/yoast-seo-wordpress\/ -->\n<title>Malerfirma i Hj\u00f8rring - Professionel malerarbejde til gode priser<\/title>\n<meta name=\"description\" content=\"Vejby og S\u00f8n er et professionelt malerfirma for b\u00e5de private og erhverv. L\u00e6s mere om vores opgaver her og kontakt os for en uforpligtende snak.\" \/>\n<meta name=\"robots\" content=\"index, follow, max-snippet:-1, max-image-preview:large, max-video-preview:-1\" \/>\n<link rel=\"canonical\" href=\"https:\/\/vejbyogson.dk\/\" \/>\n<meta property=\"og:locale\" content=\"da_DK\" \/>\n<meta property=\"og:type\" content=\"article\" \/>\n<meta property=\"og:title\" content=\"Malerfirma i Hj\u00f8rring - Professionel malerarbejde til gode priser\" \/>\n<meta property=\"og:description\" content=\"Vejby og S\u00f8n er et professionelt malerfirma for b\u00e5de private og erhverv. L\u00e6s mere om vores opgaver her og kontakt os for en uforpligtende snak.\" \/>\n<meta property=\"og:url\" content=\"https:\/\/vejbyogson.dk\/\" \/>\n<meta property=\"og:site_name\" content=\"Malerfirma Kaj Vejby &amp; S\u00f8n\" \/>\n<meta property=\"article:modified_time\" content=\"2023-12-14T10:47:43+00:00\" \/>\n<meta name=\"twitter:card\" content=\"summary_large_image\" \/>\n<meta name=\"twitter:label1\" content=\"Estimeret l\u00e6setid\" \/>\n\t<meta name=\"twitter:data1\" content=\"8 minutter\" \/>\n<script type=\"application\/ld+json\" class=\"yoast-schema-graph\">{\"@context\":\"https:\/\/schema.org\",\"@graph\":[{\"@type\":\"WebPage\",\"@id\":\"https:\/\/vejbyogson.dk\/\",\"url\":\"https:\/\/vejbyogson.dk\/\",\"name\":\"Malerfirma i Hj\u00f8rring - Professionel malerarbejde til gode priser\",\"isPartOf\":{\"@id\":\"https:\/\/vejbyogson.dk\/#website\"},\"datePublished\":\"2018-02-28T15:09:50+00:00\",\"dateModified\":\"2023-12-14T10:47:43+00:00\",\"description\":\"Vejby og S\u00f8n er et professionelt malerfirma for b\u00e5de private og erhverv. L\u00e6s mere om vores opgaver her og kontakt os for en uforpligtende snak.\",\"breadcrumb\":{\"@id\":\"https:\/\/vejbyogson.dk\/#breadcrumb\"},\"inLanguage\":\"da-DK\",\"potentialAction\":[{\"@type\":\"ReadAction\",\"target\":[\"https:\/\/vejbyogson.dk\/\"]}]},{\"@type\":\"BreadcrumbList\",\"@id\":\"https:\/\/vejbyogson.dk\/#breadcrumb\",\"itemListElement\":[{\"@type\":\"ListItem\",\"position\":1,\"name\":\"Hjem\",\"item\":\"https:\/\/vejbyogson.dk\/\"},{\"@type\":\"ListItem\",\"position\":2,\"name\":\"Kaj Vejby &#038; S\u00f8n\"}]},{\"@type\":\"WebSite\",\"@id\":\"https:\/\/vejbyogson.dk\/#website\",\"url\":\"https:\/\/vejbyogson.dk\/\",\"name\":\"Malerfirma Kaj Vejby &amp; S\u00f8n\",\"description\":\"Malerfirma Kaj Vejby &amp; S\u00f8n\",\"potentialAction\":[{\"@type\":\"SearchAction\",\"target\":{\"@type\":\"EntryPoint\",\"urlTemplate\":\"https:\/\/vejbyogson.dk\/?s={search_term_string}\"},\"query-input\":{\"@type\":\"PropertyValueSpecification\",\"valueRequired\":true,\"valueName\":\"search_term_string\"}}],\"inLanguage\":\"da-DK\"}]}<\/script>\n<!-- \/ Yoast SEO plugin. -->","yoast_head_json":{"title":"Malerfirma i Hj\u00f8rring - Professionel malerarbejde til gode priser","description":"Vejby og S\u00f8n er et professionelt malerfirma for b\u00e5de private og erhverv. L\u00e6s mere om vores opgaver her og kontakt os for en uforpligtende snak.","robots":{"index":"index","follow":"follow","max-snippet":"max-snippet:-1","max-image-preview":"max-image-preview:large","max-video-preview":"max-video-preview:-1"},"canonical":"https:\/\/vejbyogson.dk\/","og_locale":"da_DK","og_type":"article","og_title":"Malerfirma i Hj\u00f8rring - Professionel malerarbejde til gode priser","og_description":"Vejby og S\u00f8n er et professionelt malerfirma for b\u00e5de private og erhverv. L\u00e6s mere om vores opgaver her og kontakt os for en uforpligtende snak.","og_url":"https:\/\/vejbyogson.dk\/","og_site_name":"Malerfirma Kaj Vejby &amp; S\u00f8n","article_modified_time":"2023-12-14T10:47:43+00:00","twitter_card":"summary_large_image","twitter_misc":{"Estimeret l\u00e6setid":"8 minutter"},"schema":{"@context":"https:\/\/schema.org","@graph":[{"@type":"WebPage","@id":"https:\/\/vejbyogson.dk\/","url":"https:\/\/vejbyogson.dk\/","name":"Malerfirma i Hj\u00f8rring - Professionel malerarbejde til gode priser","isPartOf":{"@id":"https:\/\/vejbyogson.dk\/#website"},"datePublished":"2018-02-28T15:09:50+00:00","dateModified":"2023-12-14T10:47:43+00:00","description":"Vejby og S\u00f8n er et professionelt malerfirma for b\u00e5de private og erhverv. L\u00e6s mere om vores opgaver her og kontakt os for en uforpligtende snak.","breadcrumb":{"@id":"https:\/\/vejbyogson.dk\/#breadcrumb"},"inLanguage":"da-DK","potentialAction":[{"@type":"ReadAction","target":["https:\/\/vejbyogson.dk\/"]}]},{"@type":"BreadcrumbList","@id":"https:\/\/vejbyogson.dk\/#breadcrumb","itemListElement":[{"@type":"ListItem","position":1,"name":"Hjem","item":"https:\/\/vejbyogson.dk\/"},{"@type":"ListItem","position":2,"name":"Kaj Vejby &#038; S\u00f8n"}]},{"@type":"WebSite","@id":"https:\/\/vejbyogson.dk\/#website","url":"https:\/\/vejbyogson.dk\/","name":"Malerfirma Kaj Vejby &amp; S\u00f8n","description":"Malerfirma Kaj Vejby &amp; S\u00f8n","potentialAction":[{"@type":"SearchAction","target":{"@type":"EntryPoint","urlTemplate":"https:\/\/vejbyogson.dk\/?s={search_term_string}"},"query-input":{"@type":"PropertyValueSpecification","valueRequired":true,"valueName":"search_term_string"}}],"inLanguage":"da-DK"}]}},"_links":{"self":[{"href":"https:\/\/vejbyogson.dk\/index.php?rest_route=\/wp\/v2\/pages\/41","targetHints":{"allow":["GET"]}}],"collection":[{"href":"https:\/\/vejbyogson.dk\/index.php?rest_route=\/wp\/v2\/pages"}],"about":[{"href":"https:\/\/vejbyogson.dk\/index.php?rest_route=\/wp\/v2\/types\/page"}],"author":[{"embeddable":true,"href":"https:\/\/vejbyogson.dk\/index.php?rest_route=\/wp\/v2\/users\/1"}],"replies":[{"embeddable":true,"href":"https:\/\/vejbyogson.dk\/index.php?rest_route=%2Fwp%2Fv2%2Fcomments&post=41"}],"version-history":[{"count":69,"href":"https:\/\/vejbyogson.dk\/index.php?rest_route=\/wp\/v2\/pages\/41\/revisions"}],"predecessor-version":[{"id":941,"href":"https:\/\/vejbyogson.dk\/index.php?rest_route=\/wp\/v2\/pages\/41\/revisions\/941"}],"wp:attachment":[{"href":"https:\/\/vejbyogson.dk\/index.php?rest_route=%2Fwp%2Fv2%2Fmedia&parent=41"}],"curies":[{"name":"wp","href":"https:\/\/api.w.org\/{rel}","templated":true}]}}