{"id":369,"date":"2018-05-21T06:38:51","date_gmt":"2018-05-21T06:38:51","guid":{"rendered":"https:\/\/vejbyogson.dk\/?page_id=369"},"modified":"2020-01-27T12:42:44","modified_gmt":"2020-01-27T12:42:44","slug":"brandhaemmende-maling","status":"publish","type":"page","link":"https:\/\/vejbyogson.dk\/?page_id=369","title":{"rendered":"Brandh\u00e6mmende Maling"},"content":{"rendered":"<p>[et_pb_section fb_built=&#8221;1&#8243; fullwidth=&#8221;on&#8221; _builder_version=&#8221;3.22.3&#8243;][et_pb_fullwidth_slider _builder_version=&#8221;3.16&#8243; background_repeat=&#8221;repeat&#8221; auto=&#8221;on&#8221; button_text_size__hover_enabled=&#8221;off&#8221; button_one_text_size__hover_enabled=&#8221;off&#8221; button_two_text_size__hover_enabled=&#8221;off&#8221; button_text_color__hover_enabled=&#8221;off&#8221; button_one_text_color__hover_enabled=&#8221;off&#8221; button_two_text_color__hover_enabled=&#8221;off&#8221; button_border_width__hover_enabled=&#8221;off&#8221; button_one_border_width__hover_enabled=&#8221;off&#8221; button_two_border_width__hover_enabled=&#8221;off&#8221; button_border_color__hover_enabled=&#8221;off&#8221; button_one_border_color__hover_enabled=&#8221;off&#8221; button_two_border_color__hover_enabled=&#8221;off&#8221; button_border_radius__hover_enabled=&#8221;off&#8221; button_one_border_radius__hover_enabled=&#8221;off&#8221; button_two_border_radius__hover_enabled=&#8221;off&#8221; button_letter_spacing__hover_enabled=&#8221;off&#8221; button_one_letter_spacing__hover_enabled=&#8221;off&#8221; button_two_letter_spacing__hover_enabled=&#8221;off&#8221; button_bg_color__hover_enabled=&#8221;off&#8221; button_one_bg_color__hover_enabled=&#8221;off&#8221; button_two_bg_color__hover_enabled=&#8221;off&#8221;][et_pb_slide _builder_version=&#8221;3.16&#8243; background_color=&#8221;#ffffff&#8221; background_image=&#8221;https:\/\/vejbyogson.dk\/wp-content\/uploads\/2018\/06\/Brand-haemmende_02.jpg&#8221; button_text_size__hover_enabled=&#8221;off&#8221; button_one_text_size__hover_enabled=&#8221;off&#8221; button_two_text_size__hover_enabled=&#8221;off&#8221; button_text_color__hover_enabled=&#8221;off&#8221; button_one_text_color__hover_enabled=&#8221;off&#8221; button_two_text_color__hover_enabled=&#8221;off&#8221; button_border_width__hover_enabled=&#8221;off&#8221; button_one_border_width__hover_enabled=&#8221;off&#8221; button_two_border_width__hover_enabled=&#8221;off&#8221; button_border_color__hover_enabled=&#8221;off&#8221; button_one_border_color__hover_enabled=&#8221;off&#8221; button_two_border_color__hover_enabled=&#8221;off&#8221; button_border_radius__hover_enabled=&#8221;off&#8221; button_one_border_radius__hover_enabled=&#8221;off&#8221; button_two_border_radius__hover_enabled=&#8221;off&#8221; button_letter_spacing__hover_enabled=&#8221;off&#8221; button_one_letter_spacing__hover_enabled=&#8221;off&#8221; button_two_letter_spacing__hover_enabled=&#8221;off&#8221; button_bg_color__hover_enabled=&#8221;off&#8221; button_one_bg_color__hover_enabled=&#8221;off&#8221; button_two_bg_color__hover_enabled=&#8221;off&#8221;][\/et_pb_slide][\/et_pb_fullwidth_slider][\/et_pb_section][et_pb_section fb_built=&#8221;1&#8243; _builder_version=&#8221;3.22.3&#8243;][et_pb_row _builder_version=&#8221;3.25&#8243;][et_pb_column type=&#8221;4_4&#8243; _builder_version=&#8221;3.25&#8243; custom_padding=&#8221;|||&#8221; custom_padding__hover=&#8221;|||&#8221;][et_pb_text _builder_version=&#8221;3.26.6&#8243;]<\/p>\n<h1>Brandh\u00e6mmende maling &#8211; S\u00e5dan sikrer du dig bedst muligt mod brandudbredelse<\/h1>\n<p><strong><\/strong><\/p>\n<p>Hos Malerfirma Kaj Vejby og S\u00f8n udf\u00f8rer vi alle former for malerarbejde &#8211; ogs\u00e5 malerarbejde, der har til form\u00e5l at sikre mod brandudbredelse. Vi udf\u00f8rer altid et professionelt stykke arbejde, der inkluderer materialer i h\u00f8jeste kvalitet.<\/p>\n<p><strong>&#8211; Brandsikker maling p\u00e5f\u00f8res efter alle regler af velkvalificerede h\u00e5ndv\u00e6rkere<\/strong><\/p>\n<p>Vi d\u00e6kker hele malerfaget og har stor ekspertise p\u00e5 alle omr\u00e5der &#8211; ogs\u00e5 dette sp\u00e6ndende omr\u00e5de, hvor den rette behandling af materialet kan f\u00e5 stor betydning i tilf\u00e6lde af brand.<\/p>\n<p>Vi har flere \u00e5rtiers erfaring p\u00e5 bagen og byder p\u00e5 intet mindre end 50 \u00e5rs erfaring og et effektivt team af h\u00e5ndv\u00e6rkere, der st\u00e5r klar til at udf\u00f8re alle former for opgaver &#8211; store som sm\u00e5.<\/p>\n<p style=\"text-align: center;\"><strong>Vil du h\u00f8re mere om hvordan vi kan sikre dig mod brandudbredelse?<\/strong><\/p>\n<p style=\"text-align: center;\"><a href=\"tel:+4540583063\" rel=\"nofollow\" class=\"blue-cta\">Ring til os p\u00e5 4058 3063<\/a><\/p>\n<p>&nbsp;<\/p>\n<h2>Professionel p\u00e5f\u00f8relse af brandh\u00e6mmende maling<\/h2>\n<p>Vi har naturligvis certifikat p\u00e5 vores kompetencer indenfor netop dette special-omr\u00e5de s\u00e5ledes, at du er sikret veludf\u00f8rt h\u00e5ndv\u00e6rk og en ensartet kvalitet. Vi byder p\u00e5 veludf\u00f8rt h\u00e5ndv\u00e6rk, hvilket du bl.a. er sikret, da vi er:<\/p>\n<p>&#8211; Medlemmer af Danske Malermestres Garantiordning<\/p>\n<p>&#8211; Medlemmer af H\u00e5ndv\u00e6rkernes Anken\u00e6vn<\/p>\n<p>Brandh\u00e6mmende maling kr\u00e6ver en s\u00e6rlig form for overfladebehandling &#8211; vi har naturligvis dokumenterne i orden p\u00e5 vores faglige kunnen, s\u00e5 du trygt kan overlade opgaven til os.<\/p>\n<p>Denne form for maling kan v\u00e6re med til at sikre mod brand p\u00e5 udvalgte steder. Der bruges eksempelvis ofte denne type maling p\u00e5 b\u00e6rende st\u00e5lkonstruktioner, hvor der stilles byggetekniske krav til b\u00e6reevne ved h\u00f8je temperaturer.<\/p>\n<p>De mange special-opgaver, som vi udf\u00f8rer her hos Kaj Vejby og S\u00f8n, kan variere i b\u00e5de m\u00e6ngde, tidsforbrug og de kompetencer, der skal g\u00f8res brug af &#8211; derfor vurderes hver enkelt opgave fra gang til gang, s\u00e5ledes at vi sikrer dig ikke alene h\u00f8j kvalitet og veludf\u00f8rt arbejde, men ogs\u00e5 en fornuftig pris og en overskuelig tidshorisont.<\/p>\n<p>Vi udf\u00f8rer prim\u00e6rt arbejdsopgaver i og omkring Hj\u00f8rring, men har ogs\u00e5 en del opgaver i det resterende Nordjylland, hvor vi p\u00e5tager os opgaver indenfor bl.a. alle former for bygnings-arbejde, renoverings-arbejde, isolring, spr\u00f8jtemaling, gulvbehandling og ops\u00e6tning af eksempelvis akustikloft.<\/p>\n<p style=\"text-align: center;\"><strong>Kontakt os allerede i dag for et uforpligtende tilbud eller blot en snak om dine muligheder.<\/strong><\/p>\n<p style=\"text-align: center;\"><a href=\"mailto:info@vejbyogson.dk\" class=\"blue-cta\">Skriv til os<\/a>&nbsp;<a href=\"tel:+4540583063\" rel=\"nofollow\" class=\"blue-cta\">Eller ring p\u00e5 4058 3063<\/a><\/p>\n<p>[\/et_pb_text][\/et_pb_column][\/et_pb_row][et_pb_row _builder_version=&#8221;3.25&#8243;][et_pb_column type=&#8221;4_4&#8243; _builder_version=&#8221;3.25&#8243; custom_padding=&#8221;|||&#8221; custom_padding__hover=&#8221;|||&#8221;][\/et_pb_column][\/et_pb_row][\/et_pb_section]<\/p>\n","protected":false},"excerpt":{"rendered":"<p>[et_pb_section fb_built=&#8221;1&#8243; fullwidth=&#8221;on&#8221; _builder_version=&#8221;3.22.3&#8243;][et_pb_fullwidth_slider _builder_version=&#8221;3.16&#8243; background_repeat=&#8221;repeat&#8221; auto=&#8221;on&#8221; button_text_size__hover_enabled=&#8221;off&#8221; button_one_text_size__hover_enabled=&#8221;off&#8221; button_two_text_size__hover_enabled=&#8221;off&#8221; button_text_color__hover_enabled=&#8221;off&#8221; button_one_text_color__hover_enabled=&#8221;off&#8221; button_two_text_color__hover_enabled=&#8221;off&#8221; button_border_width__hover_enabled=&#8221;off&#8221; button_one_border_width__hover_enabled=&#8221;off&#8221; button_two_border_width__hover_enabled=&#8221;off&#8221; button_border_color__hover_enabled=&#8221;off&#8221; button_one_border_color__hover_enabled=&#8221;off&#8221; button_two_border_color__hover_enabled=&#8221;off&#8221; button_border_radius__hover_enabled=&#8221;off&#8221; button_one_border_radius__hover_enabled=&#8221;off&#8221; button_two_border_radius__hover_enabled=&#8221;off&#8221; button_letter_spacing__hover_enabled=&#8221;off&#8221; button_one_letter_spacing__hover_enabled=&#8221;off&#8221; button_two_letter_spacing__hover_enabled=&#8221;off&#8221; button_bg_color__hover_enabled=&#8221;off&#8221; button_one_bg_color__hover_enabled=&#8221;off&#8221; button_two_bg_color__hover_enabled=&#8221;off&#8221;][et_pb_slide _builder_version=&#8221;3.16&#8243; background_color=&#8221;#ffffff&#8221; background_image=&#8221;https:\/\/vejbyogson.dk\/wp-content\/uploads\/2018\/06\/Brand-haemmende_02.jpg&#8221; button_text_size__hover_enabled=&#8221;off&#8221; button_one_text_size__hover_enabled=&#8221;off&#8221; button_two_text_size__hover_enabled=&#8221;off&#8221; button_text_color__hover_enabled=&#8221;off&#8221; button_one_text_color__hover_enabled=&#8221;off&#8221; button_two_text_color__hover_enabled=&#8221;off&#8221; button_border_width__hover_enabled=&#8221;off&#8221; button_one_border_width__hover_enabled=&#8221;off&#8221; button_two_border_width__hover_enabled=&#8221;off&#8221; button_border_color__hover_enabled=&#8221;off&#8221; button_one_border_color__hover_enabled=&#8221;off&#8221; button_two_border_color__hover_enabled=&#8221;off&#8221; button_border_radius__hover_enabled=&#8221;off&#8221; button_one_border_radius__hover_enabled=&#8221;off&#8221; button_two_border_radius__hover_enabled=&#8221;off&#8221; button_letter_spacing__hover_enabled=&#8221;off&#8221; button_one_letter_spacing__hover_enabled=&#8221;off&#8221; button_two_letter_spacing__hover_enabled=&#8221;off&#8221; button_bg_color__hover_enabled=&#8221;off&#8221; button_one_bg_color__hover_enabled=&#8221;off&#8221; button_two_bg_color__hover_enabled=&#8221;off&#8221;][\/et_pb_slide][\/et_pb_fullwidth_slider][\/et_pb_section][et_pb_section fb_built=&#8221;1&#8243; _builder_version=&#8221;3.22.3&#8243;][et_pb_row _builder_version=&#8221;3.25&#8243;][et_pb_column [&hellip;]<\/p>\n","protected":false},"author":1,"featured_media":0,"parent":145,"menu_order":0,"comment_status":"closed","ping_status":"closed","template":"","meta":{"_et_pb_use_builder":"on","_et_pb_old_content":"","_et_gb_content_width":"","footnotes":""},"class_list":["post-369","page","type-page","status-publish","hentry"],"yoast_head":"<!-- This site is optimized with the Yoast SEO plugin v26.8 - https:\/\/yoast.com\/product\/yoast-seo-wordpress\/ -->\n<title>Brandh\u00e6mmende maling - Effektiv sikring mod brandudbredelse<\/title>\n<meta name=\"description\" content=\"Vi udf\u00f8rer malerarbejde med brandh\u00e6mmende maling, der har til form\u00e5l at sikre mod brandudbredelse. L\u00e6s mere om vores arbejde og kontakt os for at h\u00f8re mere her.\" \/>\n<meta name=\"robots\" content=\"index, follow, max-snippet:-1, max-image-preview:large, max-video-preview:-1\" \/>\n<link rel=\"canonical\" href=\"https:\/\/vejbyogson.dk\/?page_id=369\" \/>\n<meta property=\"og:locale\" content=\"da_DK\" \/>\n<meta property=\"og:type\" content=\"article\" \/>\n<meta property=\"og:title\" content=\"Brandh\u00e6mmende maling - Effektiv sikring mod brandudbredelse\" \/>\n<meta property=\"og:description\" content=\"Vi udf\u00f8rer malerarbejde med brandh\u00e6mmende maling, der har til form\u00e5l at sikre mod brandudbredelse. L\u00e6s mere om vores arbejde og kontakt os for at h\u00f8re mere her.\" \/>\n<meta property=\"og:url\" content=\"https:\/\/vejbyogson.dk\/?page_id=369\" \/>\n<meta property=\"og:site_name\" content=\"Malerfirma Kaj Vejby &amp; S\u00f8n\" \/>\n<meta property=\"article:modified_time\" content=\"2020-01-27T12:42:44+00:00\" \/>\n<meta name=\"twitter:card\" content=\"summary_large_image\" \/>\n<meta name=\"twitter:label1\" content=\"Estimeret l\u00e6setid\" \/>\n\t<meta name=\"twitter:data1\" content=\"4 minutter\" \/>\n<script type=\"application\/ld+json\" class=\"yoast-schema-graph\">{\"@context\":\"https:\/\/schema.org\",\"@graph\":[{\"@type\":\"WebPage\",\"@id\":\"https:\/\/vejbyogson.dk\/?page_id=369\",\"url\":\"https:\/\/vejbyogson.dk\/?page_id=369\",\"name\":\"Brandh\u00e6mmende maling - Effektiv sikring mod brandudbredelse\",\"isPartOf\":{\"@id\":\"https:\/\/vejbyogson.dk\/#website\"},\"datePublished\":\"2018-05-21T06:38:51+00:00\",\"dateModified\":\"2020-01-27T12:42:44+00:00\",\"description\":\"Vi udf\u00f8rer malerarbejde med brandh\u00e6mmende maling, der har til form\u00e5l at sikre mod brandudbredelse. L\u00e6s mere om vores arbejde og kontakt os for at h\u00f8re mere her.\",\"breadcrumb\":{\"@id\":\"https:\/\/vejbyogson.dk\/?page_id=369#breadcrumb\"},\"inLanguage\":\"da-DK\",\"potentialAction\":[{\"@type\":\"ReadAction\",\"target\":[\"https:\/\/vejbyogson.dk\/?page_id=369\"]}]},{\"@type\":\"BreadcrumbList\",\"@id\":\"https:\/\/vejbyogson.dk\/?page_id=369#breadcrumb\",\"itemListElement\":[{\"@type\":\"ListItem\",\"position\":1,\"name\":\"Hjem\",\"item\":\"https:\/\/vejbyogson.dk\/\"},{\"@type\":\"ListItem\",\"position\":2,\"name\":\"Vi tilbyder\",\"item\":\"https:\/\/vejbyogson.dk\/?page_id=77\"},{\"@type\":\"ListItem\",\"position\":3,\"name\":\"Special opgaver\",\"item\":\"https:\/\/vejbyogson.dk\/?page_id=145\"},{\"@type\":\"ListItem\",\"position\":4,\"name\":\"Brandh\u00e6mmende Maling\"}]},{\"@type\":\"WebSite\",\"@id\":\"https:\/\/vejbyogson.dk\/#website\",\"url\":\"https:\/\/vejbyogson.dk\/\",\"name\":\"Malerfirma Kaj Vejby &amp; S\u00f8n\",\"description\":\"Malerfirma Kaj Vejby &amp; S\u00f8n\",\"potentialAction\":[{\"@type\":\"SearchAction\",\"target\":{\"@type\":\"EntryPoint\",\"urlTemplate\":\"https:\/\/vejbyogson.dk\/?s={search_term_string}\"},\"query-input\":{\"@type\":\"PropertyValueSpecification\",\"valueRequired\":true,\"valueName\":\"search_term_string\"}}],\"inLanguage\":\"da-DK\"}]}<\/script>\n<!-- \/ Yoast SEO plugin. -->","yoast_head_json":{"title":"Brandh\u00e6mmende maling - Effektiv sikring mod brandudbredelse","description":"Vi udf\u00f8rer malerarbejde med brandh\u00e6mmende maling, der har til form\u00e5l at sikre mod brandudbredelse. L\u00e6s mere om vores arbejde og kontakt os for at h\u00f8re mere her.","robots":{"index":"index","follow":"follow","max-snippet":"max-snippet:-1","max-image-preview":"max-image-preview:large","max-video-preview":"max-video-preview:-1"},"canonical":"https:\/\/vejbyogson.dk\/?page_id=369","og_locale":"da_DK","og_type":"article","og_title":"Brandh\u00e6mmende maling - Effektiv sikring mod brandudbredelse","og_description":"Vi udf\u00f8rer malerarbejde med brandh\u00e6mmende maling, der har til form\u00e5l at sikre mod brandudbredelse. L\u00e6s mere om vores arbejde og kontakt os for at h\u00f8re mere her.","og_url":"https:\/\/vejbyogson.dk\/?page_id=369","og_site_name":"Malerfirma Kaj Vejby &amp; S\u00f8n","article_modified_time":"2020-01-27T12:42:44+00:00","twitter_card":"summary_large_image","twitter_misc":{"Estimeret l\u00e6setid":"4 minutter"},"schema":{"@context":"https:\/\/schema.org","@graph":[{"@type":"WebPage","@id":"https:\/\/vejbyogson.dk\/?page_id=369","url":"https:\/\/vejbyogson.dk\/?page_id=369","name":"Brandh\u00e6mmende maling - Effektiv sikring mod brandudbredelse","isPartOf":{"@id":"https:\/\/vejbyogson.dk\/#website"},"datePublished":"2018-05-21T06:38:51+00:00","dateModified":"2020-01-27T12:42:44+00:00","description":"Vi udf\u00f8rer malerarbejde med brandh\u00e6mmende maling, der har til form\u00e5l at sikre mod brandudbredelse. L\u00e6s mere om vores arbejde og kontakt os for at h\u00f8re mere her.","breadcrumb":{"@id":"https:\/\/vejbyogson.dk\/?page_id=369#breadcrumb"},"inLanguage":"da-DK","potentialAction":[{"@type":"ReadAction","target":["https:\/\/vejbyogson.dk\/?page_id=369"]}]},{"@type":"BreadcrumbList","@id":"https:\/\/vejbyogson.dk\/?page_id=369#breadcrumb","itemListElement":[{"@type":"ListItem","position":1,"name":"Hjem","item":"https:\/\/vejbyogson.dk\/"},{"@type":"ListItem","position":2,"name":"Vi tilbyder","item":"https:\/\/vejbyogson.dk\/?page_id=77"},{"@type":"ListItem","position":3,"name":"Special opgaver","item":"https:\/\/vejbyogson.dk\/?page_id=145"},{"@type":"ListItem","position":4,"name":"Brandh\u00e6mmende Maling"}]},{"@type":"WebSite","@id":"https:\/\/vejbyogson.dk\/#website","url":"https:\/\/vejbyogson.dk\/","name":"Malerfirma Kaj Vejby &amp; S\u00f8n","description":"Malerfirma Kaj Vejby &amp; S\u00f8n","potentialAction":[{"@type":"SearchAction","target":{"@type":"EntryPoint","urlTemplate":"https:\/\/vejbyogson.dk\/?s={search_term_string}"},"query-input":{"@type":"PropertyValueSpecification","valueRequired":true,"valueName":"search_term_string"}}],"inLanguage":"da-DK"}]}},"_links":{"self":[{"href":"https:\/\/vejbyogson.dk\/index.php?rest_route=\/wp\/v2\/pages\/369","targetHints":{"allow":["GET"]}}],"collection":[{"href":"https:\/\/vejbyogson.dk\/index.php?rest_route=\/wp\/v2\/pages"}],"about":[{"href":"https:\/\/vejbyogson.dk\/index.php?rest_route=\/wp\/v2\/types\/page"}],"author":[{"embeddable":true,"href":"https:\/\/vejbyogson.dk\/index.php?rest_route=\/wp\/v2\/users\/1"}],"replies":[{"embeddable":true,"href":"https:\/\/vejbyogson.dk\/index.php?rest_route=%2Fwp%2Fv2%2Fcomments&post=369"}],"version-history":[{"count":12,"href":"https:\/\/vejbyogson.dk\/index.php?rest_route=\/wp\/v2\/pages\/369\/revisions"}],"predecessor-version":[{"id":755,"href":"https:\/\/vejbyogson.dk\/index.php?rest_route=\/wp\/v2\/pages\/369\/revisions\/755"}],"up":[{"embeddable":true,"href":"https:\/\/vejbyogson.dk\/index.php?rest_route=\/wp\/v2\/pages\/145"}],"wp:attachment":[{"href":"https:\/\/vejbyogson.dk\/index.php?rest_route=%2Fwp%2Fv2%2Fmedia&parent=369"}],"curies":[{"name":"wp","href":"https:\/\/api.w.org\/{rel}","templated":true}]}}