{"id":360,"date":"2018-05-21T06:32:13","date_gmt":"2018-05-21T06:32:13","guid":{"rendered":"https:\/\/vejbyogson.dk\/?page_id=360"},"modified":"2020-05-17T19:32:08","modified_gmt":"2020-05-17T19:32:08","slug":"akustiklofter","status":"publish","type":"page","link":"https:\/\/vejbyogson.dk\/?page_id=360","title":{"rendered":"Akustiklofter"},"content":{"rendered":"<p>[et_pb_section fb_built=&#8221;1&#8243; fullwidth=&#8221;on&#8221; _builder_version=&#8221;3.22.3&#8243;][et_pb_fullwidth_slider _builder_version=&#8221;3.16&#8243; background_repeat=&#8221;repeat&#8221; button_text_size__hover_enabled=&#8221;off&#8221; button_one_text_size__hover_enabled=&#8221;off&#8221; button_two_text_size__hover_enabled=&#8221;off&#8221; button_text_color__hover_enabled=&#8221;off&#8221; button_one_text_color__hover_enabled=&#8221;off&#8221; button_two_text_color__hover_enabled=&#8221;off&#8221; button_border_width__hover_enabled=&#8221;off&#8221; button_one_border_width__hover_enabled=&#8221;off&#8221; button_two_border_width__hover_enabled=&#8221;off&#8221; button_border_color__hover_enabled=&#8221;off&#8221; button_one_border_color__hover_enabled=&#8221;off&#8221; button_two_border_color__hover_enabled=&#8221;off&#8221; button_border_radius__hover_enabled=&#8221;off&#8221; button_one_border_radius__hover_enabled=&#8221;off&#8221; button_two_border_radius__hover_enabled=&#8221;off&#8221; button_letter_spacing__hover_enabled=&#8221;off&#8221; button_one_letter_spacing__hover_enabled=&#8221;off&#8221; button_two_letter_spacing__hover_enabled=&#8221;off&#8221; button_bg_color__hover_enabled=&#8221;off&#8221; button_one_bg_color__hover_enabled=&#8221;off&#8221; button_two_bg_color__hover_enabled=&#8221;off&#8221;][et_pb_slide _builder_version=&#8221;3.16&#8243; background_color=&#8221;#ffffff&#8221; background_image=&#8221;https:\/\/vejbyogson.dk\/wp-content\/uploads\/2018\/05\/2017-05-02-14.36.32.jpg&#8221; button_text_size__hover_enabled=&#8221;off&#8221; button_one_text_size__hover_enabled=&#8221;off&#8221; button_two_text_size__hover_enabled=&#8221;off&#8221; button_text_color__hover_enabled=&#8221;off&#8221; button_one_text_color__hover_enabled=&#8221;off&#8221; button_two_text_color__hover_enabled=&#8221;off&#8221; button_border_width__hover_enabled=&#8221;off&#8221; button_one_border_width__hover_enabled=&#8221;off&#8221; button_two_border_width__hover_enabled=&#8221;off&#8221; button_border_color__hover_enabled=&#8221;off&#8221; button_one_border_color__hover_enabled=&#8221;off&#8221; button_two_border_color__hover_enabled=&#8221;off&#8221; button_border_radius__hover_enabled=&#8221;off&#8221; button_one_border_radius__hover_enabled=&#8221;off&#8221; button_two_border_radius__hover_enabled=&#8221;off&#8221; button_letter_spacing__hover_enabled=&#8221;off&#8221; button_one_letter_spacing__hover_enabled=&#8221;off&#8221; button_two_letter_spacing__hover_enabled=&#8221;off&#8221; button_bg_color__hover_enabled=&#8221;off&#8221; button_one_bg_color__hover_enabled=&#8221;off&#8221; button_two_bg_color__hover_enabled=&#8221;off&#8221;][\/et_pb_slide][\/et_pb_fullwidth_slider][\/et_pb_section][et_pb_section fb_built=&#8221;1&#8243; _builder_version=&#8221;3.22.3&#8243;][et_pb_row _builder_version=&#8221;3.25&#8243;][et_pb_column type=&#8221;4_4&#8243; _builder_version=&#8221;3.25&#8243; custom_padding=&#8221;|||&#8221; custom_padding__hover=&#8221;|||&#8221;][et_pb_text _builder_version=&#8221;3.27.4&#8243;]<\/p>\n<h1>Akustiklofter &#8211; S\u00e5 let f\u00e5r du styr p\u00e5 lydniveauet i dit hjem<\/h1>\n<p>Hos Malerfirma Kaj Vejby &amp; S\u00f8n kan vi langt mere end at male &#8211; vi kan ogs\u00e5 hj\u00e6lpe dig med at give dit hjem en langt bedre akustik. Med et loft med lydabsorbering kan du i langt h\u00f8jere grad d\u00e6mpe lydniveauet i dit hjem og sikre en mere behagelig atmosf\u00e6re uden ubehagelig efterklang fra hverdagens mange g\u00f8rem\u00e5l. Vi tilbyder:<\/p>\n<p>&#8211; Let og effektiv lydd\u00e6mpning med akustiklofter<\/p>\n<p>Denne l\u00f8sning giver dig ikke alene smukke og dekorative lofter, men kan ogs\u00e5 d\u00e6mpe st\u00f8j-niveauet i v\u00e6sentlig grad.<\/p>\n<p>Grundet en special-designet overflade p\u00e5 denne form for lydloft, s\u00e5 fanger strukturen i pladerne mange af dagligdagens lyde, og du vil opleve et rum med b\u00e5de snak, barne-latter og klirren med tallerkener, som er langt mere harmonisk i sin lyd og efterklang.<\/p>\n<p style=\"text-align: center;\"><strong>Vil du h\u00f8re mere om vores arbejde, og hvad vi kan g\u00f8re for dig?<\/strong><\/p>\n<p style=\"text-align: center;\"><a href=\"tel:+4540583063\" rel=\"nofollow\" class=\"blue-cta\">Ring til os p\u00e5 4058 3063<\/a><\/p>\n<p style=\"text-align: center;\">\n<p>[\/et_pb_text][\/et_pb_column][\/et_pb_row][et_pb_row _builder_version=&#8221;3.25&#8243;][et_pb_column type=&#8221;4_4&#8243; _builder_version=&#8221;3.25&#8243; custom_padding=&#8221;|||&#8221; custom_padding__hover=&#8221;|||&#8221;][et_pb_gallery gallery_ids=&#8221;325,326,327,328,329,330,331,332,333&#8243; gallery_captions=&#8221;,,,,,,,,,&#8221; show_title_and_caption=&#8221;off&#8221; _builder_version=&#8221;3.6&#8243;][\/et_pb_gallery][\/et_pb_column][\/et_pb_row][et_pb_row _builder_version=&#8221;3.25&#8243;][et_pb_column type=&#8221;4_4&#8243; _builder_version=&#8221;3.25&#8243; custom_padding=&#8221;|||&#8221; custom_padding__hover=&#8221;|||&#8221;][et_pb_text _builder_version=&#8221;3.27.4&#8243;]<\/p>\n<p style=\"text-align: left;\"><span style=\"color: #333333; font-size: 26px; text-align: left;\">D\u00e6mp lyden med akustiklofter<\/span><\/p>\n<p>Det lyder m\u00e5ske som et stort projekt, men med specialiserede h\u00e5ndv\u00e6rkere er det ingen sag. Denne type loft kan l\u00e6gges p\u00e5 et eksisterende loft og med let og hurtig efterbehandling, s\u00e5 har du p\u00e5 ingen tid styr p\u00e5 b\u00e5de lydniveauet og tilmed f\u00e5et et smukt loft. Der er mange fordele ved denne type lofts-bekl\u00e6dning.<\/p>\n<p>&#8211; En mere harmonisk klang og efterlyd i dit rum<\/p>\n<p>&#8211; Smukke lofter<\/p>\n<p>&#8211; Let vedligehold<\/p>\n<p>Med den efterf\u00f8lgende overfladebehandling af lofterne har du smukke lofter mange \u00e5r ud i fremtiden. Vi er leveringsdygtige i produkter og efterbehandlinger med lang levetid &#8211; vi er nemlig din garant for godt h\u00e5ndv\u00e6rk.<\/p>\n<p>Vi d\u00e6kker hele malerfaget og er s\u00e5vel medlem af Danske Malermestres Garantiordning samt H\u00e5ndv\u00e6rkernes Anken\u00e6vn &#8211; din garanti for altid godt h\u00e5ndv\u00e6rk.<\/p>\n<h2>Effektiv lydd\u00e6mpning til fornuftige priser<\/h2>\n<p>Ops\u00e6tning, efterbehandling og vedligehold er langt lettere, end du m\u00e5ske tror. Vi byder p\u00e5 intet mindre end 50 \u00e5rs erfaring, stor ekspertise indenfor mange former for specialopgaver og ikke mindst fornuftige priser, s\u00e5 du til hver en tid kan forsk\u00f8nnne dit hjem p\u00e5 overskuelig vis. Vi byder p\u00e5:<\/p>\n<p>&#8211; Hurtig og effektiv ops\u00e6tning<\/p>\n<p>&#8211; Specialopgaver til fornuftige priser<\/p>\n<p>&#8211; H\u00e5ndv\u00e6rkere med stor erfaring p\u00e5 omr\u00e5det<\/p>\n<p>Kontakt os allerede i dag for en gratis og uforpligtende snak om jeres mange muligheder. Sammen finder vi helt sikkert en l\u00f8sning, der matcher jeres behov.<\/p>\n<p>Du finder Malerfirma Kaj Vejby &amp; S\u00f8n p\u00e5 Vandv\u00e6rksvej 23 i Hj\u00f8rring, hvorfra vi udf\u00f8rer alle former for maleropgaver og specialopgaver i s\u00e5vel lokalomr\u00e5det som i resten af Nordjylland.<\/p>\n<p style=\"text-align: center;\"><strong>Kontakt os allerede i dag for et uforpligtende tilbud eller en snak om dine mange muligheder.<\/strong><\/p>\n<p style=\"text-align: center;\"><a href=\"mailto:info@vejbyogson.dk\" class=\"blue-cta\">Skriv til os<\/a>\u00a0<a href=\"tel:+4540583063\" rel=\"nofollow\" class=\"blue-cta\">Eller ring p\u00e5 4058 3063<\/a><\/p>\n<p>[\/et_pb_text][\/et_pb_column][\/et_pb_row][et_pb_row _builder_version=&#8221;3.25&#8243;][et_pb_column type=&#8221;4_4&#8243; _builder_version=&#8221;3.25&#8243; custom_padding=&#8221;|||&#8221; custom_padding__hover=&#8221;|||&#8221;][et_pb_gallery gallery_ids=&#8221;325,326,327,328,329,330,331,332,333&#8243; gallery_captions=&#8221;,,,,,,,,,&#8221; show_title_and_caption=&#8221;off&#8221; _builder_version=&#8221;3.6&#8243;][\/et_pb_gallery][\/et_pb_column][\/et_pb_row][\/et_pb_section]<\/p>\n","protected":false},"excerpt":{"rendered":"<p>[et_pb_section fb_built=&#8221;1&#8243; fullwidth=&#8221;on&#8221; _builder_version=&#8221;3.22.3&#8243;][et_pb_fullwidth_slider _builder_version=&#8221;3.16&#8243; background_repeat=&#8221;repeat&#8221; button_text_size__hover_enabled=&#8221;off&#8221; button_one_text_size__hover_enabled=&#8221;off&#8221; button_two_text_size__hover_enabled=&#8221;off&#8221; button_text_color__hover_enabled=&#8221;off&#8221; button_one_text_color__hover_enabled=&#8221;off&#8221; button_two_text_color__hover_enabled=&#8221;off&#8221; button_border_width__hover_enabled=&#8221;off&#8221; button_one_border_width__hover_enabled=&#8221;off&#8221; button_two_border_width__hover_enabled=&#8221;off&#8221; button_border_color__hover_enabled=&#8221;off&#8221; button_one_border_color__hover_enabled=&#8221;off&#8221; button_two_border_color__hover_enabled=&#8221;off&#8221; button_border_radius__hover_enabled=&#8221;off&#8221; button_one_border_radius__hover_enabled=&#8221;off&#8221; button_two_border_radius__hover_enabled=&#8221;off&#8221; button_letter_spacing__hover_enabled=&#8221;off&#8221; button_one_letter_spacing__hover_enabled=&#8221;off&#8221; button_two_letter_spacing__hover_enabled=&#8221;off&#8221; button_bg_color__hover_enabled=&#8221;off&#8221; button_one_bg_color__hover_enabled=&#8221;off&#8221; button_two_bg_color__hover_enabled=&#8221;off&#8221;][et_pb_slide _builder_version=&#8221;3.16&#8243; background_color=&#8221;#ffffff&#8221; background_image=&#8221;https:\/\/vejbyogson.dk\/wp-content\/uploads\/2018\/05\/2017-05-02-14.36.32.jpg&#8221; button_text_size__hover_enabled=&#8221;off&#8221; button_one_text_size__hover_enabled=&#8221;off&#8221; button_two_text_size__hover_enabled=&#8221;off&#8221; button_text_color__hover_enabled=&#8221;off&#8221; button_one_text_color__hover_enabled=&#8221;off&#8221; button_two_text_color__hover_enabled=&#8221;off&#8221; button_border_width__hover_enabled=&#8221;off&#8221; button_one_border_width__hover_enabled=&#8221;off&#8221; button_two_border_width__hover_enabled=&#8221;off&#8221; button_border_color__hover_enabled=&#8221;off&#8221; button_one_border_color__hover_enabled=&#8221;off&#8221; button_two_border_color__hover_enabled=&#8221;off&#8221; button_border_radius__hover_enabled=&#8221;off&#8221; button_one_border_radius__hover_enabled=&#8221;off&#8221; button_two_border_radius__hover_enabled=&#8221;off&#8221; button_letter_spacing__hover_enabled=&#8221;off&#8221; button_one_letter_spacing__hover_enabled=&#8221;off&#8221; button_two_letter_spacing__hover_enabled=&#8221;off&#8221; button_bg_color__hover_enabled=&#8221;off&#8221; button_one_bg_color__hover_enabled=&#8221;off&#8221; button_two_bg_color__hover_enabled=&#8221;off&#8221;][\/et_pb_slide][\/et_pb_fullwidth_slider][\/et_pb_section][et_pb_section fb_built=&#8221;1&#8243; _builder_version=&#8221;3.22.3&#8243;][et_pb_row _builder_version=&#8221;3.25&#8243;][et_pb_column type=&#8221;4_4&#8243; [&hellip;]<\/p>\n","protected":false},"author":1,"featured_media":0,"parent":145,"menu_order":0,"comment_status":"closed","ping_status":"closed","template":"","meta":{"_et_pb_use_builder":"on","_et_pb_old_content":"","_et_gb_content_width":"","footnotes":""},"class_list":["post-360","page","type-page","status-publish","hentry"],"yoast_head":"<!-- This site is optimized with the Yoast SEO plugin v26.8 - https:\/\/yoast.com\/product\/yoast-seo-wordpress\/ -->\n<title>Akustiklofter og lydd\u00e6mpning - Behageligt og roligt milj\u00f8 i huset<\/title>\n<meta name=\"description\" content=\"Vi udf\u00f8rer effektiv lydd\u00e6mpning med akustiklofter til alle rum. Et lydd\u00e6mpende hjem vil skabe et bedre indeklima og mere velv\u00e6re. L\u00e6s mere og kontakt os her.\" \/>\n<meta name=\"robots\" content=\"index, follow, max-snippet:-1, max-image-preview:large, max-video-preview:-1\" \/>\n<link rel=\"canonical\" href=\"https:\/\/vejbyogson.dk\/?page_id=360\" \/>\n<meta property=\"og:locale\" content=\"da_DK\" \/>\n<meta property=\"og:type\" content=\"article\" \/>\n<meta property=\"og:title\" content=\"Akustiklofter og lydd\u00e6mpning - Behageligt og roligt milj\u00f8 i huset\" \/>\n<meta property=\"og:description\" content=\"Vi udf\u00f8rer effektiv lydd\u00e6mpning med akustiklofter til alle rum. Et lydd\u00e6mpende hjem vil skabe et bedre indeklima og mere velv\u00e6re. L\u00e6s mere og kontakt os her.\" \/>\n<meta property=\"og:url\" content=\"https:\/\/vejbyogson.dk\/?page_id=360\" \/>\n<meta property=\"og:site_name\" content=\"Malerfirma Kaj Vejby &amp; S\u00f8n\" \/>\n<meta property=\"article:modified_time\" content=\"2020-05-17T19:32:08+00:00\" \/>\n<meta name=\"twitter:card\" content=\"summary_large_image\" \/>\n<meta name=\"twitter:label1\" content=\"Estimeret l\u00e6setid\" \/>\n\t<meta name=\"twitter:data1\" content=\"5 minutter\" \/>\n<script type=\"application\/ld+json\" class=\"yoast-schema-graph\">{\"@context\":\"https:\/\/schema.org\",\"@graph\":[{\"@type\":\"WebPage\",\"@id\":\"https:\/\/vejbyogson.dk\/?page_id=360\",\"url\":\"https:\/\/vejbyogson.dk\/?page_id=360\",\"name\":\"Akustiklofter og lydd\u00e6mpning - Behageligt og roligt milj\u00f8 i huset\",\"isPartOf\":{\"@id\":\"https:\/\/vejbyogson.dk\/#website\"},\"datePublished\":\"2018-05-21T06:32:13+00:00\",\"dateModified\":\"2020-05-17T19:32:08+00:00\",\"description\":\"Vi udf\u00f8rer effektiv lydd\u00e6mpning med akustiklofter til alle rum. Et lydd\u00e6mpende hjem vil skabe et bedre indeklima og mere velv\u00e6re. L\u00e6s mere og kontakt os her.\",\"breadcrumb\":{\"@id\":\"https:\/\/vejbyogson.dk\/?page_id=360#breadcrumb\"},\"inLanguage\":\"da-DK\",\"potentialAction\":[{\"@type\":\"ReadAction\",\"target\":[\"https:\/\/vejbyogson.dk\/?page_id=360\"]}]},{\"@type\":\"BreadcrumbList\",\"@id\":\"https:\/\/vejbyogson.dk\/?page_id=360#breadcrumb\",\"itemListElement\":[{\"@type\":\"ListItem\",\"position\":1,\"name\":\"Hjem\",\"item\":\"https:\/\/vejbyogson.dk\/\"},{\"@type\":\"ListItem\",\"position\":2,\"name\":\"Vi tilbyder\",\"item\":\"https:\/\/vejbyogson.dk\/?page_id=77\"},{\"@type\":\"ListItem\",\"position\":3,\"name\":\"Special opgaver\",\"item\":\"https:\/\/vejbyogson.dk\/?page_id=145\"},{\"@type\":\"ListItem\",\"position\":4,\"name\":\"Akustiklofter\"}]},{\"@type\":\"WebSite\",\"@id\":\"https:\/\/vejbyogson.dk\/#website\",\"url\":\"https:\/\/vejbyogson.dk\/\",\"name\":\"Malerfirma Kaj Vejby &amp; S\u00f8n\",\"description\":\"Malerfirma Kaj Vejby &amp; S\u00f8n\",\"potentialAction\":[{\"@type\":\"SearchAction\",\"target\":{\"@type\":\"EntryPoint\",\"urlTemplate\":\"https:\/\/vejbyogson.dk\/?s={search_term_string}\"},\"query-input\":{\"@type\":\"PropertyValueSpecification\",\"valueRequired\":true,\"valueName\":\"search_term_string\"}}],\"inLanguage\":\"da-DK\"}]}<\/script>\n<!-- \/ Yoast SEO plugin. -->","yoast_head_json":{"title":"Akustiklofter og lydd\u00e6mpning - Behageligt og roligt milj\u00f8 i huset","description":"Vi udf\u00f8rer effektiv lydd\u00e6mpning med akustiklofter til alle rum. Et lydd\u00e6mpende hjem vil skabe et bedre indeklima og mere velv\u00e6re. L\u00e6s mere og kontakt os her.","robots":{"index":"index","follow":"follow","max-snippet":"max-snippet:-1","max-image-preview":"max-image-preview:large","max-video-preview":"max-video-preview:-1"},"canonical":"https:\/\/vejbyogson.dk\/?page_id=360","og_locale":"da_DK","og_type":"article","og_title":"Akustiklofter og lydd\u00e6mpning - Behageligt og roligt milj\u00f8 i huset","og_description":"Vi udf\u00f8rer effektiv lydd\u00e6mpning med akustiklofter til alle rum. Et lydd\u00e6mpende hjem vil skabe et bedre indeklima og mere velv\u00e6re. L\u00e6s mere og kontakt os her.","og_url":"https:\/\/vejbyogson.dk\/?page_id=360","og_site_name":"Malerfirma Kaj Vejby &amp; S\u00f8n","article_modified_time":"2020-05-17T19:32:08+00:00","twitter_card":"summary_large_image","twitter_misc":{"Estimeret l\u00e6setid":"5 minutter"},"schema":{"@context":"https:\/\/schema.org","@graph":[{"@type":"WebPage","@id":"https:\/\/vejbyogson.dk\/?page_id=360","url":"https:\/\/vejbyogson.dk\/?page_id=360","name":"Akustiklofter og lydd\u00e6mpning - Behageligt og roligt milj\u00f8 i huset","isPartOf":{"@id":"https:\/\/vejbyogson.dk\/#website"},"datePublished":"2018-05-21T06:32:13+00:00","dateModified":"2020-05-17T19:32:08+00:00","description":"Vi udf\u00f8rer effektiv lydd\u00e6mpning med akustiklofter til alle rum. Et lydd\u00e6mpende hjem vil skabe et bedre indeklima og mere velv\u00e6re. L\u00e6s mere og kontakt os her.","breadcrumb":{"@id":"https:\/\/vejbyogson.dk\/?page_id=360#breadcrumb"},"inLanguage":"da-DK","potentialAction":[{"@type":"ReadAction","target":["https:\/\/vejbyogson.dk\/?page_id=360"]}]},{"@type":"BreadcrumbList","@id":"https:\/\/vejbyogson.dk\/?page_id=360#breadcrumb","itemListElement":[{"@type":"ListItem","position":1,"name":"Hjem","item":"https:\/\/vejbyogson.dk\/"},{"@type":"ListItem","position":2,"name":"Vi tilbyder","item":"https:\/\/vejbyogson.dk\/?page_id=77"},{"@type":"ListItem","position":3,"name":"Special opgaver","item":"https:\/\/vejbyogson.dk\/?page_id=145"},{"@type":"ListItem","position":4,"name":"Akustiklofter"}]},{"@type":"WebSite","@id":"https:\/\/vejbyogson.dk\/#website","url":"https:\/\/vejbyogson.dk\/","name":"Malerfirma Kaj Vejby &amp; S\u00f8n","description":"Malerfirma Kaj Vejby &amp; S\u00f8n","potentialAction":[{"@type":"SearchAction","target":{"@type":"EntryPoint","urlTemplate":"https:\/\/vejbyogson.dk\/?s={search_term_string}"},"query-input":{"@type":"PropertyValueSpecification","valueRequired":true,"valueName":"search_term_string"}}],"inLanguage":"da-DK"}]}},"_links":{"self":[{"href":"https:\/\/vejbyogson.dk\/index.php?rest_route=\/wp\/v2\/pages\/360","targetHints":{"allow":["GET"]}}],"collection":[{"href":"https:\/\/vejbyogson.dk\/index.php?rest_route=\/wp\/v2\/pages"}],"about":[{"href":"https:\/\/vejbyogson.dk\/index.php?rest_route=\/wp\/v2\/types\/page"}],"author":[{"embeddable":true,"href":"https:\/\/vejbyogson.dk\/index.php?rest_route=\/wp\/v2\/users\/1"}],"replies":[{"embeddable":true,"href":"https:\/\/vejbyogson.dk\/index.php?rest_route=%2Fwp%2Fv2%2Fcomments&post=360"}],"version-history":[{"count":12,"href":"https:\/\/vejbyogson.dk\/index.php?rest_route=\/wp\/v2\/pages\/360\/revisions"}],"predecessor-version":[{"id":871,"href":"https:\/\/vejbyogson.dk\/index.php?rest_route=\/wp\/v2\/pages\/360\/revisions\/871"}],"up":[{"embeddable":true,"href":"https:\/\/vejbyogson.dk\/index.php?rest_route=\/wp\/v2\/pages\/145"}],"wp:attachment":[{"href":"https:\/\/vejbyogson.dk\/index.php?rest_route=%2Fwp%2Fv2%2Fmedia&parent=360"}],"curies":[{"name":"wp","href":"https:\/\/api.w.org\/{rel}","templated":true}]}}