{"id":152,"date":"2018-04-19T10:23:20","date_gmt":"2018-04-19T10:23:20","guid":{"rendered":"https:\/\/vejbyogson.dk\/?page_id=152"},"modified":"2020-05-17T19:01:46","modified_gmt":"2020-05-17T19:01:46","slug":"bavaringsvaerdige-bygninger","status":"publish","type":"page","link":"https:\/\/vejbyogson.dk\/?page_id=152","title":{"rendered":"Bevaringsv\u00e6rdige Bygninger"},"content":{"rendered":"<p>[et_pb_section fb_built=&#8221;1&#8243; fullwidth=&#8221;on&#8221; _builder_version=&#8221;3.22.3&#8243;][et_pb_fullwidth_slider _builder_version=&#8221;3.16&#8243; background_repeat=&#8221;repeat&#8221; button_text_size__hover_enabled=&#8221;off&#8221; button_one_text_size__hover_enabled=&#8221;off&#8221; button_two_text_size__hover_enabled=&#8221;off&#8221; button_text_color__hover_enabled=&#8221;off&#8221; button_one_text_color__hover_enabled=&#8221;off&#8221; button_two_text_color__hover_enabled=&#8221;off&#8221; button_border_width__hover_enabled=&#8221;off&#8221; button_one_border_width__hover_enabled=&#8221;off&#8221; button_two_border_width__hover_enabled=&#8221;off&#8221; button_border_color__hover_enabled=&#8221;off&#8221; button_one_border_color__hover_enabled=&#8221;off&#8221; button_two_border_color__hover_enabled=&#8221;off&#8221; button_border_radius__hover_enabled=&#8221;off&#8221; button_one_border_radius__hover_enabled=&#8221;off&#8221; button_two_border_radius__hover_enabled=&#8221;off&#8221; button_letter_spacing__hover_enabled=&#8221;off&#8221; button_one_letter_spacing__hover_enabled=&#8221;off&#8221; button_two_letter_spacing__hover_enabled=&#8221;off&#8221; button_bg_color__hover_enabled=&#8221;off&#8221; button_one_bg_color__hover_enabled=&#8221;off&#8221; button_two_bg_color__hover_enabled=&#8221;off&#8221;][et_pb_slide _builder_version=&#8221;3.16&#8243; background_color=&#8221;#ffffff&#8221; background_image=&#8221;https:\/\/vejbyogson.dk\/wp-content\/uploads\/2018\/05\/Bevaringsvaerdig_Slider1.jpg&#8221; button_text_size__hover_enabled=&#8221;off&#8221; button_one_text_size__hover_enabled=&#8221;off&#8221; button_two_text_size__hover_enabled=&#8221;off&#8221; button_text_color__hover_enabled=&#8221;off&#8221; button_one_text_color__hover_enabled=&#8221;off&#8221; button_two_text_color__hover_enabled=&#8221;off&#8221; button_border_width__hover_enabled=&#8221;off&#8221; button_one_border_width__hover_enabled=&#8221;off&#8221; button_two_border_width__hover_enabled=&#8221;off&#8221; button_border_color__hover_enabled=&#8221;off&#8221; button_one_border_color__hover_enabled=&#8221;off&#8221; button_two_border_color__hover_enabled=&#8221;off&#8221; button_border_radius__hover_enabled=&#8221;off&#8221; button_one_border_radius__hover_enabled=&#8221;off&#8221; button_two_border_radius__hover_enabled=&#8221;off&#8221; button_letter_spacing__hover_enabled=&#8221;off&#8221; button_one_letter_spacing__hover_enabled=&#8221;off&#8221; button_two_letter_spacing__hover_enabled=&#8221;off&#8221; button_bg_color__hover_enabled=&#8221;off&#8221; button_one_bg_color__hover_enabled=&#8221;off&#8221; button_two_bg_color__hover_enabled=&#8221;off&#8221;][\/et_pb_slide][\/et_pb_fullwidth_slider][\/et_pb_section][et_pb_section fb_built=&#8221;1&#8243; _builder_version=&#8221;3.22.3&#8243;][et_pb_row _builder_version=&#8221;3.25&#8243;][et_pb_column type=&#8221;4_4&#8243; _builder_version=&#8221;3.25&#8243; custom_padding=&#8221;|||&#8221; custom_padding__hover=&#8221;|||&#8221;][et_pb_text _builder_version=&#8221;3.27.4&#8243;]<\/p>\n<h1>Restaureringsh\u00e5ndv\u00e6rker p\u00e5 Bevaringsv\u00e6rdige Bygninger<\/h1>\n<p>Er du p\u00e5 udkig efter en professionel og l\u00f8snings-orienteret restaureringsh\u00e5ndv\u00e6rker, der p\u00e5 n\u00e6nsom og ikke mindst effektiv vis kan l\u00f8se en opgave for dig af st\u00f8rre eller mindre karakter, s\u00e5 er \u00e9n af de mange erfarne og professionelle h\u00e5ndv\u00e6rkere hos Malerfirma Kaj Vejby &amp; S\u00f8n den helt rette l\u00f8sning for dig.<\/p>\n<p><strong>Professionelt udf\u00f8rte opgaver &#8211; store som sm\u00e5.\u00a0Vi udf\u00f8rer alle former for maler- og renoverings-arbejde.<\/strong><\/p>\n<p>P\u00e5l\u00e6gning af bladguld er ofte en del af renoveringen p\u00e5 bevaringsv\u00e6rdige bygninger, som vi ogs\u00e5 hj\u00e6lper tilbyder. L\u00e6s mere om vores <a href=\"https:\/\/vejbyogson.dk\/vi-tilbyder\/special-opgaver\/bladguld-2\/\">Bladguld<\/a> opgaver her.<\/p>\n<p><a href=\"https:\/\/vejbyogson.dk\/kontakt-os\/\">Kontakt os<\/a> endelig, hvis du \u00f8nsker professionel hj\u00e6lp til renovering eller vedligehold af bevaringsv\u00e6rdige bygninger.<\/p>\n<p style=\"text-align: center;\"><a href=\"tel:+4540583063\" rel=\"nofollow\" class=\"blue-cta\">Ring til os p\u00e5 4058 3063<\/a><\/p>\n<p style=\"text-align: center;\"><strong><\/strong><\/p>\n<p style=\"text-align: center;\">\n<p>[\/et_pb_text][\/et_pb_column][\/et_pb_row][et_pb_row _builder_version=&#8221;3.25&#8243;][et_pb_column type=&#8221;4_4&#8243; _builder_version=&#8221;3.25&#8243; custom_padding=&#8221;|||&#8221; custom_padding__hover=&#8221;|||&#8221;][et_pb_gallery gallery_ids=&#8221;311,312,318,320,321,322,323,184&#8243; gallery_captions=&#8221;,,,,,,,,,&#8221; show_title_and_caption=&#8221;off&#8221; _builder_version=&#8221;3.6&#8243;][\/et_pb_gallery][\/et_pb_column][\/et_pb_row][et_pb_row _builder_version=&#8221;4.4.6&#8243;][et_pb_column _builder_version=&#8221;4.4.6&#8243; type=&#8221;4_4&#8243;][et_pb_text _builder_version=&#8221;3.27.4&#8243;]<\/p>\n<p style=\"text-align: left;\"><span style=\"color: #333333; font-size: 26px; text-align: left;\">Flot og langtidsholdbar restaureringsh\u00e5ndv\u00e6rk af kirker<\/span><\/p>\n<p>Malerfirma Kaj Vejby &amp; S\u00f8n har eksisteret siden 1964. Det betyder ogs\u00e5, at vi gennem \u00e5rene har opn\u00e5et stor ekspertise p\u00e5 en lang r\u00e6kke omr\u00e5der &#8211; herunder ogs\u00e5 special-opgaver som kirkeopgaver. Vi byder p\u00e5:<\/p>\n<p>&#8211; Over 50 \u00e5rs erfaring i branchen<\/p>\n<p>&#8211; Et team af dygtige og effektive h\u00e5ndv\u00e6rkere<\/p>\n<p>&#8211; Gennemt\u00e6nkte l\u00f8sninger med fokus p\u00e5 flot finish<\/p>\n<p>&#8211; Brug af kvalitets-materialer til alle projekter<\/p>\n<p>Ingen opgave er for stor eller for lille. Vi g\u00e5r til alle opgaver med en b\u00e5de n\u00e6nsom og effektiv tilgang og ikke mindst med stor professionalisme.<\/p>\n<h2>Restaureringsh\u00e5ndv\u00e6rk af bevaringsv\u00e6rdige bygninger<\/h2>\n<p>Vi har stor interesse i alle de opgaver vi udf\u00f8rer &#8211; uanset om det drejer sig om fredede bygninger eller andre opgaver, hvor der er stor fokus p\u00e5 b\u00e5de finish og respekt for den eksisterende bygning.<\/p>\n<h2>Restaureringsh\u00e5ndv\u00e6rk til fornuftige priser<\/h2>\n<p>Vi er medlem af H\u00e5ndv\u00e6rkernes Anken\u00e6vn samt Danske Malermestres Garantiordning. Det er din garanti for godt h\u00e5ndv\u00e6rk &#8211; vi byder tilmed p\u00e5 fornuftige priser og s\u00e6tter en \u00e6re i at levere til aftalt tid.<\/p>\n<p>Malerfirma Kaj Vejby &amp; S\u00f8n giver dig h\u00f8j kvalitet til fornuftige priser<\/p>\n<p>Vi udf\u00f8rer s\u00e5vel opgaver i Hj\u00f8rring og omegn som i hele Nordjylland.<\/p>\n<p style=\"text-align: center;\"><strong>Kontakt os for et uforpligtende tilbud<\/strong><\/p>\n<p style=\"text-align: center;\"><strong><a href=\"tel:+4540583063\" rel=\"nofollow\" class=\"blue-cta\">Ring til os p\u00e5 4058 3063<\/a><\/strong><\/p>\n<p>[\/et_pb_text][\/et_pb_column][\/et_pb_row][et_pb_row _builder_version=&#8221;3.25&#8243;][et_pb_column type=&#8221;4_4&#8243; _builder_version=&#8221;3.25&#8243; custom_padding=&#8221;|||&#8221; custom_padding__hover=&#8221;|||&#8221;][et_pb_gallery gallery_ids=&#8221;311,312,318,320,321,322,323,184&#8243; gallery_captions=&#8221;,,,,,,,,,&#8221; show_title_and_caption=&#8221;off&#8221; _builder_version=&#8221;3.6&#8243;][\/et_pb_gallery][\/et_pb_column][\/et_pb_row][\/et_pb_section]<\/p>\n","protected":false},"excerpt":{"rendered":"<p>[et_pb_section fb_built=&#8221;1&#8243; fullwidth=&#8221;on&#8221; _builder_version=&#8221;3.22.3&#8243;][et_pb_fullwidth_slider _builder_version=&#8221;3.16&#8243; background_repeat=&#8221;repeat&#8221; button_text_size__hover_enabled=&#8221;off&#8221; button_one_text_size__hover_enabled=&#8221;off&#8221; button_two_text_size__hover_enabled=&#8221;off&#8221; button_text_color__hover_enabled=&#8221;off&#8221; button_one_text_color__hover_enabled=&#8221;off&#8221; button_two_text_color__hover_enabled=&#8221;off&#8221; button_border_width__hover_enabled=&#8221;off&#8221; button_one_border_width__hover_enabled=&#8221;off&#8221; button_two_border_width__hover_enabled=&#8221;off&#8221; button_border_color__hover_enabled=&#8221;off&#8221; button_one_border_color__hover_enabled=&#8221;off&#8221; button_two_border_color__hover_enabled=&#8221;off&#8221; button_border_radius__hover_enabled=&#8221;off&#8221; button_one_border_radius__hover_enabled=&#8221;off&#8221; button_two_border_radius__hover_enabled=&#8221;off&#8221; button_letter_spacing__hover_enabled=&#8221;off&#8221; button_one_letter_spacing__hover_enabled=&#8221;off&#8221; button_two_letter_spacing__hover_enabled=&#8221;off&#8221; button_bg_color__hover_enabled=&#8221;off&#8221; button_one_bg_color__hover_enabled=&#8221;off&#8221; button_two_bg_color__hover_enabled=&#8221;off&#8221;][et_pb_slide _builder_version=&#8221;3.16&#8243; background_color=&#8221;#ffffff&#8221; background_image=&#8221;https:\/\/vejbyogson.dk\/wp-content\/uploads\/2018\/05\/Bevaringsvaerdig_Slider1.jpg&#8221; button_text_size__hover_enabled=&#8221;off&#8221; button_one_text_size__hover_enabled=&#8221;off&#8221; button_two_text_size__hover_enabled=&#8221;off&#8221; button_text_color__hover_enabled=&#8221;off&#8221; button_one_text_color__hover_enabled=&#8221;off&#8221; button_two_text_color__hover_enabled=&#8221;off&#8221; button_border_width__hover_enabled=&#8221;off&#8221; button_one_border_width__hover_enabled=&#8221;off&#8221; button_two_border_width__hover_enabled=&#8221;off&#8221; button_border_color__hover_enabled=&#8221;off&#8221; button_one_border_color__hover_enabled=&#8221;off&#8221; button_two_border_color__hover_enabled=&#8221;off&#8221; button_border_radius__hover_enabled=&#8221;off&#8221; button_one_border_radius__hover_enabled=&#8221;off&#8221; button_two_border_radius__hover_enabled=&#8221;off&#8221; button_letter_spacing__hover_enabled=&#8221;off&#8221; button_one_letter_spacing__hover_enabled=&#8221;off&#8221; button_two_letter_spacing__hover_enabled=&#8221;off&#8221; button_bg_color__hover_enabled=&#8221;off&#8221; button_one_bg_color__hover_enabled=&#8221;off&#8221; button_two_bg_color__hover_enabled=&#8221;off&#8221;][\/et_pb_slide][\/et_pb_fullwidth_slider][\/et_pb_section][et_pb_section fb_built=&#8221;1&#8243; _builder_version=&#8221;3.22.3&#8243;][et_pb_row _builder_version=&#8221;3.25&#8243;][et_pb_column type=&#8221;4_4&#8243; [&hellip;]<\/p>\n","protected":false},"author":1,"featured_media":0,"parent":77,"menu_order":0,"comment_status":"closed","ping_status":"closed","template":"","meta":{"_et_pb_use_builder":"on","_et_pb_old_content":"","_et_gb_content_width":"","footnotes":""},"class_list":["post-152","page","type-page","status-publish","hentry"],"yoast_head":"<!-- This site is optimized with the Yoast SEO plugin v26.8 - https:\/\/yoast.com\/product\/yoast-seo-wordpress\/ -->\n<title>Restaureringsh\u00e5ndv\u00e6rker - Renovering af historiske bygninger<\/title>\n<meta name=\"description\" content=\"Vi har stor erfaring indenfor restaurering af kirker og andre historiske bygninger. Vi har stor respekt for bygningerne og du kan l\u00e6se mere om vores arbejde her\" \/>\n<meta name=\"robots\" content=\"index, follow, max-snippet:-1, max-image-preview:large, max-video-preview:-1\" \/>\n<link rel=\"canonical\" href=\"https:\/\/vejbyogson.dk\/?page_id=152\" \/>\n<meta property=\"og:locale\" content=\"da_DK\" \/>\n<meta property=\"og:type\" content=\"article\" \/>\n<meta property=\"og:title\" content=\"Restaureringsh\u00e5ndv\u00e6rker - Renovering af historiske bygninger\" \/>\n<meta property=\"og:description\" content=\"Vi har stor erfaring indenfor restaurering af kirker og andre historiske bygninger. Vi har stor respekt for bygningerne og du kan l\u00e6se mere om vores arbejde her\" \/>\n<meta property=\"og:url\" content=\"https:\/\/vejbyogson.dk\/?page_id=152\" \/>\n<meta property=\"og:site_name\" content=\"Malerfirma Kaj Vejby &amp; S\u00f8n\" \/>\n<meta property=\"article:modified_time\" content=\"2020-05-17T19:01:46+00:00\" \/>\n<meta name=\"twitter:card\" content=\"summary_large_image\" \/>\n<meta name=\"twitter:label1\" content=\"Estimeret l\u00e6setid\" \/>\n\t<meta name=\"twitter:data1\" content=\"4 minutter\" \/>\n<script type=\"application\/ld+json\" class=\"yoast-schema-graph\">{\"@context\":\"https:\/\/schema.org\",\"@graph\":[{\"@type\":\"WebPage\",\"@id\":\"https:\/\/vejbyogson.dk\/?page_id=152\",\"url\":\"https:\/\/vejbyogson.dk\/?page_id=152\",\"name\":\"Restaureringsh\u00e5ndv\u00e6rker - Renovering af historiske bygninger\",\"isPartOf\":{\"@id\":\"https:\/\/vejbyogson.dk\/#website\"},\"datePublished\":\"2018-04-19T10:23:20+00:00\",\"dateModified\":\"2020-05-17T19:01:46+00:00\",\"description\":\"Vi har stor erfaring indenfor restaurering af kirker og andre historiske bygninger. Vi har stor respekt for bygningerne og du kan l\u00e6se mere om vores arbejde her\",\"breadcrumb\":{\"@id\":\"https:\/\/vejbyogson.dk\/?page_id=152#breadcrumb\"},\"inLanguage\":\"da-DK\",\"potentialAction\":[{\"@type\":\"ReadAction\",\"target\":[\"https:\/\/vejbyogson.dk\/?page_id=152\"]}]},{\"@type\":\"BreadcrumbList\",\"@id\":\"https:\/\/vejbyogson.dk\/?page_id=152#breadcrumb\",\"itemListElement\":[{\"@type\":\"ListItem\",\"position\":1,\"name\":\"Hjem\",\"item\":\"https:\/\/vejbyogson.dk\/\"},{\"@type\":\"ListItem\",\"position\":2,\"name\":\"Vi tilbyder\",\"item\":\"https:\/\/vejbyogson.dk\/?page_id=77\"},{\"@type\":\"ListItem\",\"position\":3,\"name\":\"Bevaringsv\u00e6rdige Bygninger\"}]},{\"@type\":\"WebSite\",\"@id\":\"https:\/\/vejbyogson.dk\/#website\",\"url\":\"https:\/\/vejbyogson.dk\/\",\"name\":\"Malerfirma Kaj Vejby &amp; S\u00f8n\",\"description\":\"Malerfirma Kaj Vejby &amp; S\u00f8n\",\"potentialAction\":[{\"@type\":\"SearchAction\",\"target\":{\"@type\":\"EntryPoint\",\"urlTemplate\":\"https:\/\/vejbyogson.dk\/?s={search_term_string}\"},\"query-input\":{\"@type\":\"PropertyValueSpecification\",\"valueRequired\":true,\"valueName\":\"search_term_string\"}}],\"inLanguage\":\"da-DK\"}]}<\/script>\n<!-- \/ Yoast SEO plugin. -->","yoast_head_json":{"title":"Restaureringsh\u00e5ndv\u00e6rker - Renovering af historiske bygninger","description":"Vi har stor erfaring indenfor restaurering af kirker og andre historiske bygninger. Vi har stor respekt for bygningerne og du kan l\u00e6se mere om vores arbejde her","robots":{"index":"index","follow":"follow","max-snippet":"max-snippet:-1","max-image-preview":"max-image-preview:large","max-video-preview":"max-video-preview:-1"},"canonical":"https:\/\/vejbyogson.dk\/?page_id=152","og_locale":"da_DK","og_type":"article","og_title":"Restaureringsh\u00e5ndv\u00e6rker - Renovering af historiske bygninger","og_description":"Vi har stor erfaring indenfor restaurering af kirker og andre historiske bygninger. Vi har stor respekt for bygningerne og du kan l\u00e6se mere om vores arbejde her","og_url":"https:\/\/vejbyogson.dk\/?page_id=152","og_site_name":"Malerfirma Kaj Vejby &amp; S\u00f8n","article_modified_time":"2020-05-17T19:01:46+00:00","twitter_card":"summary_large_image","twitter_misc":{"Estimeret l\u00e6setid":"4 minutter"},"schema":{"@context":"https:\/\/schema.org","@graph":[{"@type":"WebPage","@id":"https:\/\/vejbyogson.dk\/?page_id=152","url":"https:\/\/vejbyogson.dk\/?page_id=152","name":"Restaureringsh\u00e5ndv\u00e6rker - Renovering af historiske bygninger","isPartOf":{"@id":"https:\/\/vejbyogson.dk\/#website"},"datePublished":"2018-04-19T10:23:20+00:00","dateModified":"2020-05-17T19:01:46+00:00","description":"Vi har stor erfaring indenfor restaurering af kirker og andre historiske bygninger. Vi har stor respekt for bygningerne og du kan l\u00e6se mere om vores arbejde her","breadcrumb":{"@id":"https:\/\/vejbyogson.dk\/?page_id=152#breadcrumb"},"inLanguage":"da-DK","potentialAction":[{"@type":"ReadAction","target":["https:\/\/vejbyogson.dk\/?page_id=152"]}]},{"@type":"BreadcrumbList","@id":"https:\/\/vejbyogson.dk\/?page_id=152#breadcrumb","itemListElement":[{"@type":"ListItem","position":1,"name":"Hjem","item":"https:\/\/vejbyogson.dk\/"},{"@type":"ListItem","position":2,"name":"Vi tilbyder","item":"https:\/\/vejbyogson.dk\/?page_id=77"},{"@type":"ListItem","position":3,"name":"Bevaringsv\u00e6rdige Bygninger"}]},{"@type":"WebSite","@id":"https:\/\/vejbyogson.dk\/#website","url":"https:\/\/vejbyogson.dk\/","name":"Malerfirma Kaj Vejby &amp; S\u00f8n","description":"Malerfirma Kaj Vejby &amp; S\u00f8n","potentialAction":[{"@type":"SearchAction","target":{"@type":"EntryPoint","urlTemplate":"https:\/\/vejbyogson.dk\/?s={search_term_string}"},"query-input":{"@type":"PropertyValueSpecification","valueRequired":true,"valueName":"search_term_string"}}],"inLanguage":"da-DK"}]}},"_links":{"self":[{"href":"https:\/\/vejbyogson.dk\/index.php?rest_route=\/wp\/v2\/pages\/152","targetHints":{"allow":["GET"]}}],"collection":[{"href":"https:\/\/vejbyogson.dk\/index.php?rest_route=\/wp\/v2\/pages"}],"about":[{"href":"https:\/\/vejbyogson.dk\/index.php?rest_route=\/wp\/v2\/types\/page"}],"author":[{"embeddable":true,"href":"https:\/\/vejbyogson.dk\/index.php?rest_route=\/wp\/v2\/users\/1"}],"replies":[{"embeddable":true,"href":"https:\/\/vejbyogson.dk\/index.php?rest_route=%2Fwp%2Fv2%2Fcomments&post=152"}],"version-history":[{"count":19,"href":"https:\/\/vejbyogson.dk\/index.php?rest_route=\/wp\/v2\/pages\/152\/revisions"}],"predecessor-version":[{"id":858,"href":"https:\/\/vejbyogson.dk\/index.php?rest_route=\/wp\/v2\/pages\/152\/revisions\/858"}],"up":[{"embeddable":true,"href":"https:\/\/vejbyogson.dk\/index.php?rest_route=\/wp\/v2\/pages\/77"}],"wp:attachment":[{"href":"https:\/\/vejbyogson.dk\/index.php?rest_route=%2Fwp%2Fv2%2Fmedia&parent=152"}],"curies":[{"name":"wp","href":"https:\/\/api.w.org\/{rel}","templated":true}]}}