{"id":147,"date":"2018-04-19T10:22:30","date_gmt":"2018-04-19T10:22:30","guid":{"rendered":"https:\/\/vejbyogson.dk\/?page_id=147"},"modified":"2020-05-17T19:07:25","modified_gmt":"2020-05-17T19:07:25","slug":"bygningsarbejde","status":"publish","type":"page","link":"https:\/\/vejbyogson.dk\/?page_id=147","title":{"rendered":"Bygningsarbejde"},"content":{"rendered":"<p>[et_pb_section fb_built=&#8221;1&#8243; fullwidth=&#8221;on&#8221; _builder_version=&#8221;3.22&#8243;][et_pb_fullwidth_slider _builder_version=&#8221;3.16&#8243; background_repeat=&#8221;repeat&#8221; auto=&#8221;on&#8221; button_text_size__hover_enabled=&#8221;off&#8221; button_one_text_size__hover_enabled=&#8221;off&#8221; button_two_text_size__hover_enabled=&#8221;off&#8221; button_text_color__hover_enabled=&#8221;off&#8221; button_one_text_color__hover_enabled=&#8221;off&#8221; button_two_text_color__hover_enabled=&#8221;off&#8221; button_border_width__hover_enabled=&#8221;off&#8221; button_one_border_width__hover_enabled=&#8221;off&#8221; button_two_border_width__hover_enabled=&#8221;off&#8221; button_border_color__hover_enabled=&#8221;off&#8221; button_one_border_color__hover_enabled=&#8221;off&#8221; button_two_border_color__hover_enabled=&#8221;off&#8221; button_border_radius__hover_enabled=&#8221;off&#8221; button_one_border_radius__hover_enabled=&#8221;off&#8221; button_two_border_radius__hover_enabled=&#8221;off&#8221; button_letter_spacing__hover_enabled=&#8221;off&#8221; button_one_letter_spacing__hover_enabled=&#8221;off&#8221; button_two_letter_spacing__hover_enabled=&#8221;off&#8221; button_bg_color__hover_enabled=&#8221;off&#8221; button_one_bg_color__hover_enabled=&#8221;off&#8221; button_two_bg_color__hover_enabled=&#8221;off&#8221;][et_pb_slide _builder_version=&#8221;3.16&#8243; background_color=&#8221;#ffffff&#8221; background_image=&#8221;https:\/\/vejbyogson.dk\/wp-content\/uploads\/2018\/05\/Facade-2.jpg&#8221; button_text_size__hover_enabled=&#8221;off&#8221; button_one_text_size__hover_enabled=&#8221;off&#8221; button_two_text_size__hover_enabled=&#8221;off&#8221; button_text_color__hover_enabled=&#8221;off&#8221; button_one_text_color__hover_enabled=&#8221;off&#8221; button_two_text_color__hover_enabled=&#8221;off&#8221; button_border_width__hover_enabled=&#8221;off&#8221; button_one_border_width__hover_enabled=&#8221;off&#8221; button_two_border_width__hover_enabled=&#8221;off&#8221; button_border_color__hover_enabled=&#8221;off&#8221; button_one_border_color__hover_enabled=&#8221;off&#8221; button_two_border_color__hover_enabled=&#8221;off&#8221; button_border_radius__hover_enabled=&#8221;off&#8221; button_one_border_radius__hover_enabled=&#8221;off&#8221; button_two_border_radius__hover_enabled=&#8221;off&#8221; button_letter_spacing__hover_enabled=&#8221;off&#8221; button_one_letter_spacing__hover_enabled=&#8221;off&#8221; button_two_letter_spacing__hover_enabled=&#8221;off&#8221; button_bg_color__hover_enabled=&#8221;off&#8221; button_one_bg_color__hover_enabled=&#8221;off&#8221; button_two_bg_color__hover_enabled=&#8221;off&#8221;][\/et_pb_slide][et_pb_slide _builder_version=&#8221;3.16&#8243; background_color=&#8221;#ffffff&#8221; background_image=&#8221;https:\/\/vejbyogson.dk\/wp-content\/uploads\/2018\/05\/Facade-4.jpg&#8221; button_text_size__hover_enabled=&#8221;off&#8221; button_one_text_size__hover_enabled=&#8221;off&#8221; button_two_text_size__hover_enabled=&#8221;off&#8221; button_text_color__hover_enabled=&#8221;off&#8221; button_one_text_color__hover_enabled=&#8221;off&#8221; button_two_text_color__hover_enabled=&#8221;off&#8221; button_border_width__hover_enabled=&#8221;off&#8221; button_one_border_width__hover_enabled=&#8221;off&#8221; button_two_border_width__hover_enabled=&#8221;off&#8221; button_border_color__hover_enabled=&#8221;off&#8221; button_one_border_color__hover_enabled=&#8221;off&#8221; button_two_border_color__hover_enabled=&#8221;off&#8221; button_border_radius__hover_enabled=&#8221;off&#8221; button_one_border_radius__hover_enabled=&#8221;off&#8221; button_two_border_radius__hover_enabled=&#8221;off&#8221; button_letter_spacing__hover_enabled=&#8221;off&#8221; button_one_letter_spacing__hover_enabled=&#8221;off&#8221; button_two_letter_spacing__hover_enabled=&#8221;off&#8221; button_bg_color__hover_enabled=&#8221;off&#8221; button_one_bg_color__hover_enabled=&#8221;off&#8221; button_two_bg_color__hover_enabled=&#8221;off&#8221;][\/et_pb_slide][et_pb_slide _builder_version=&#8221;3.16&#8243; background_color=&#8221;#ffffff&#8221; background_image=&#8221;https:\/\/vejbyogson.dk\/wp-content\/uploads\/2018\/05\/Facade-5.jpg&#8221; button_text_size__hover_enabled=&#8221;off&#8221; button_one_text_size__hover_enabled=&#8221;off&#8221; button_two_text_size__hover_enabled=&#8221;off&#8221; button_text_color__hover_enabled=&#8221;off&#8221; button_one_text_color__hover_enabled=&#8221;off&#8221; button_two_text_color__hover_enabled=&#8221;off&#8221; button_border_width__hover_enabled=&#8221;off&#8221; button_one_border_width__hover_enabled=&#8221;off&#8221; button_two_border_width__hover_enabled=&#8221;off&#8221; button_border_color__hover_enabled=&#8221;off&#8221; button_one_border_color__hover_enabled=&#8221;off&#8221; button_two_border_color__hover_enabled=&#8221;off&#8221; button_border_radius__hover_enabled=&#8221;off&#8221; button_one_border_radius__hover_enabled=&#8221;off&#8221; button_two_border_radius__hover_enabled=&#8221;off&#8221; button_letter_spacing__hover_enabled=&#8221;off&#8221; button_one_letter_spacing__hover_enabled=&#8221;off&#8221; button_two_letter_spacing__hover_enabled=&#8221;off&#8221; button_bg_color__hover_enabled=&#8221;off&#8221; button_one_bg_color__hover_enabled=&#8221;off&#8221; button_two_bg_color__hover_enabled=&#8221;off&#8221;][\/et_pb_slide][\/et_pb_fullwidth_slider][\/et_pb_section][et_pb_section fb_built=&#8221;1&#8243; _builder_version=&#8221;3.22&#8243;][et_pb_row _builder_version=&#8221;4.4.6&#8243;][et_pb_column _builder_version=&#8221;4.4.6&#8243; type=&#8221;4_4&#8243;][et_pb_text _builder_version=&#8221;4.4.6&#8243; hover_enabled=&#8221;0&#8243;]<\/p>\n<h1>Facaderenovering og \u00f8vrigt bygningsarbejde til fornuftige priser<\/h1>\n<p>Hos Malerfirma Kaj Vejby &amp; S\u00f8n udf\u00f8rer vi alle former for facaderenovering. Ingen opgave er for stor eller for lille, og vi udf\u00f8rer alle former for opgaver fra sokkel til kvist med den st\u00f8rste effektivitet, ekspertise og ikke mindst med kvalitet-materialer.<\/p>\n<p><strong>Hurtig og effektiv renovering af facade med kvalitets-materialer.<\/strong><\/p>\n<p>Du finder alle vores veludf\u00f8rte maler-, pudse- og renoverings-opgaver udf\u00f8rt med gennemt\u00e6nkte l\u00f8sninger med lang levetid &#8211; vi byder nemlig p\u00e5 veludf\u00f8rt h\u00e5ndv\u00e6rk til fornuftige priser.<\/p>\n<p><strong>Tag en uforpligtende snak med os om din opgave<\/strong><\/p>\n<p style=\"text-align: center;\"><a href=\"tel:+4540583063\" rel=\"nofollow\" class=\"blue-cta\">Ring til os p\u00e5 4058 3063 <\/a><\/p>\n<p>[\/et_pb_text][\/et_pb_column][\/et_pb_row][et_pb_row _builder_version=&#8221;3.25&#8243;][et_pb_column type=&#8221;4_4&#8243; _builder_version=&#8221;3.25&#8243; custom_padding=&#8221;|||&#8221; custom_padding__hover=&#8221;|||&#8221;][et_pb_gallery gallery_ids=&#8221;764,765,179,180,196,195,185,183,181,182,184,188,762,763&#8243; gallery_captions=&#8221;,,,,,,,,,&#8221; show_title_and_caption=&#8221;off&#8221; _builder_version=&#8221;4.4.5&#8243;][\/et_pb_gallery][\/et_pb_column][\/et_pb_row][et_pb_row column_structure=&#8221;1_4,1_2,1_4&#8243; _builder_version=&#8221;3.25&#8243;][et_pb_column type=&#8221;1_4&#8243; _builder_version=&#8221;3.25&#8243; custom_padding=&#8221;|||&#8221; custom_padding__hover=&#8221;|||&#8221;][et_pb_image src=&#8221;https:\/\/vejbyogson.dk\/wp-content\/uploads\/2018\/06\/Keim-Vejbyogson-e1528751082484.png&#8221; align_tablet=&#8221;center&#8221; align_phone=&#8221;&#8221; align_last_edited=&#8221;on|desktop&#8221; _builder_version=&#8221;3.23&#8243;][\/et_pb_image][\/et_pb_column][et_pb_column type=&#8221;1_2&#8243; _builder_version=&#8221;3.25&#8243; custom_padding=&#8221;|||&#8221; custom_padding__hover=&#8221;|||&#8221;][et_pb_blurb _builder_version=&#8221;3.26.6&#8243;]<\/p>\n<h2>Facadepuds til s\u00e5vel private som virksomheder<\/h2>\n<p>Er facaden p\u00e5 dit hus ikke l\u00e6ngere intakt?<\/p>\n<p>Kaj Vejby og S\u00f8n kan bidrage med forskellige muligheder til at f\u00e5 repareret eller opfrisket din facade.<\/p>\n<p>Til facader bruger vi blandt andet kvalitets produkter fra KEIM. KEIM&#8217;s produkter er unikke bl.a. fordi de er UV-modstandsdygtige og ikke blegner i l\u00f8bet af \u00e5rene.<\/p>\n<p>Vi har blandt andet stor erfaring med udvendig isolering med produkter fra Rockidan, der b\u00e5de f\u00e5r dit hus til at fremst\u00e5 flot og kan give besparelser p\u00e5 varmeregningen.<\/p>\n<p><strong>Vil du h\u00f8re mere om vores arbejde, og hvad vi kan g\u00f8re for dig?<\/strong><\/p>\n<p style=\"text-align: center;\"><a href=\"tel:+4540583063\" rel=\"nofollow\" class=\"blue-cta\">Ring til os p\u00e5 4058 3063<\/a><\/p>\n<p>Vores mange\u00e5rige virke har gjort os til eksperter p\u00e5 en lang r\u00e6kke omr\u00e5der &#8211; ekspertise, der kan komme dig til gode med effektive og l\u00f8snings-orienterede h\u00e5ndv\u00e6rkere, der besk\u00e6ftiger sig med alle former for opgaver fra sokkel til kvist. Vi byder p\u00e5:<\/p>\n<p><strong>&#8211; 50 \u00e5rs erfaring indenfor maler- og renoverings-branchen<\/strong><\/p>\n<p><strong>&#8211; Hurtige og effektive h\u00e5ndv\u00e6rkere<\/strong><\/p>\n<p><strong>&#8211; Pudsning af hus hos private<\/strong><\/p>\n<p><strong>&#8211; Pudset facade til virksomheder<\/strong><\/p>\n<p>Vi udf\u00f8rer alle former for opgaver indenfor malerfaget. Dertil kommer vores garanti til dig for altid veludf\u00f8rt arbejde. Dette g\u00f8r vi bl.a. med at v\u00e6re:<\/p>\n<p><strong>&#8211; Medlem af Danske Malermestres Garantiordning<\/strong><\/p>\n<p><strong>&#8211; Medlem af H\u00e5ndv\u00e6rkernes Anken\u00e6vn<\/strong><\/p>\n<p>Du kan altid vide dig sikker p\u00e5 veludf\u00f8rt arbejde, n\u00e5r du g\u00f8r brug af Malerfirma Kaj Vejby &amp; S\u00f8n. Vi s\u00e6tter en stor \u00e6re i et godt stykke arbejde og har stor fokus p\u00e5 s\u00e5vel store som sm\u00e5 detaljer.<\/p>\n<p style=\"text-align: center;\"><a href=\"mailto:info@vejbyogson.dk\" class=\"blue-cta\">Skriv til os<\/a><\/p>\n<h2 style=\"text-align: left;\">Facadeisolering med kvalitets-materialer<\/h2>\n<p>Vi g\u00f8r altid brug af den bedste kvalitet. Vi g\u00e5r aldrig p\u00e5 kompromis med kvaliteten og s\u00e6tter en stor \u00e6re i den perfekte finish. Dette g\u00f8res bl.a. med brug af de rette materialer &#8211; materialer i h\u00f8jeste kvalitet.<\/p>\n<p><strong>&#8211; Malerfirma Kaj Vejby &amp; S\u00f8n g\u00f8r kun brug af materialer i h\u00f8j kvalitet.<\/strong><\/p>\n<p>Vi reparerer, finpudser og opfrisker. Vi kan p\u00e5 ingen tid sikre dig det perfekte slutresultat &#8211; ogs\u00e5, n\u00e5r det g\u00e6lder god og effektiv isolering. Vi g\u00f8r bl.a. brug af kvalitetsm\u00e6rker som Keim og Rockidan.<\/p>\n<h2>Alt i facaderenovering &#8211; Sm\u00e5 som store opgaver<\/h2>\n<p>Vi g\u00e5r til alle opgaver med den st\u00f8rste ekspertise. Ingen opgave er for stor eller for lille. Uanset om det drejer sig om bevaringsv\u00e6rdige eller fredede bygninger, en enkelt endegavl p\u00e5 et hus eller renovering af en kirke eller st\u00f8rre virksomhed, s\u00e5 st\u00e5r vores team af professionelle h\u00e5ndv\u00e6rkere klar til at udf\u00f8re opgaven.<\/p>\n<p style=\"text-align: center;\"><strong>Kontakt os for et godt og uforpligtende tilbud.<\/strong><br \/><a href=\"tel:+4540583063\" rel=\"nofollow\" class=\"blue-cta\">Ring til os p\u00e5 4058 3063<\/a><\/p>\n<p>[\/et_pb_blurb][\/et_pb_column][et_pb_column type=&#8221;1_4&#8243; _builder_version=&#8221;3.25&#8243; custom_padding=&#8221;|||&#8221; custom_padding__hover=&#8221;|||&#8221;][et_pb_image src=&#8221;https:\/\/vejbyogson.dk\/wp-content\/uploads\/2018\/05\/rockidan.jpg&#8221; align_tablet=&#8221;center&#8221; align_phone=&#8221;&#8221; align_last_edited=&#8221;on|desktop&#8221; _builder_version=&#8221;3.23&#8243;][\/et_pb_image][\/et_pb_column][\/et_pb_row][et_pb_row _builder_version=&#8221;3.25&#8243;][et_pb_column type=&#8221;4_4&#8243; _builder_version=&#8221;3.25&#8243; custom_padding=&#8221;|||&#8221; custom_padding__hover=&#8221;|||&#8221;][et_pb_gallery gallery_ids=&#8221;764,765,179,180,196,195,185,183,181,182,184,188,762,763&#8243; gallery_captions=&#8221;,,,,,,,,,&#8221; show_title_and_caption=&#8221;off&#8221; _builder_version=&#8221;4.4.5&#8243;][\/et_pb_gallery][\/et_pb_column][\/et_pb_row][\/et_pb_section]<\/p>\n","protected":false},"excerpt":{"rendered":"<p>[et_pb_section fb_built=&#8221;1&#8243; fullwidth=&#8221;on&#8221; _builder_version=&#8221;3.22&#8243;][et_pb_fullwidth_slider _builder_version=&#8221;3.16&#8243; background_repeat=&#8221;repeat&#8221; auto=&#8221;on&#8221; button_text_size__hover_enabled=&#8221;off&#8221; button_one_text_size__hover_enabled=&#8221;off&#8221; button_two_text_size__hover_enabled=&#8221;off&#8221; button_text_color__hover_enabled=&#8221;off&#8221; button_one_text_color__hover_enabled=&#8221;off&#8221; button_two_text_color__hover_enabled=&#8221;off&#8221; button_border_width__hover_enabled=&#8221;off&#8221; button_one_border_width__hover_enabled=&#8221;off&#8221; button_two_border_width__hover_enabled=&#8221;off&#8221; button_border_color__hover_enabled=&#8221;off&#8221; button_one_border_color__hover_enabled=&#8221;off&#8221; button_two_border_color__hover_enabled=&#8221;off&#8221; button_border_radius__hover_enabled=&#8221;off&#8221; button_one_border_radius__hover_enabled=&#8221;off&#8221; button_two_border_radius__hover_enabled=&#8221;off&#8221; button_letter_spacing__hover_enabled=&#8221;off&#8221; button_one_letter_spacing__hover_enabled=&#8221;off&#8221; button_two_letter_spacing__hover_enabled=&#8221;off&#8221; button_bg_color__hover_enabled=&#8221;off&#8221; button_one_bg_color__hover_enabled=&#8221;off&#8221; button_two_bg_color__hover_enabled=&#8221;off&#8221;][et_pb_slide _builder_version=&#8221;3.16&#8243; background_color=&#8221;#ffffff&#8221; background_image=&#8221;https:\/\/vejbyogson.dk\/wp-content\/uploads\/2018\/05\/Facade-2.jpg&#8221; button_text_size__hover_enabled=&#8221;off&#8221; button_one_text_size__hover_enabled=&#8221;off&#8221; button_two_text_size__hover_enabled=&#8221;off&#8221; button_text_color__hover_enabled=&#8221;off&#8221; button_one_text_color__hover_enabled=&#8221;off&#8221; button_two_text_color__hover_enabled=&#8221;off&#8221; button_border_width__hover_enabled=&#8221;off&#8221; button_one_border_width__hover_enabled=&#8221;off&#8221; button_two_border_width__hover_enabled=&#8221;off&#8221; button_border_color__hover_enabled=&#8221;off&#8221; button_one_border_color__hover_enabled=&#8221;off&#8221; button_two_border_color__hover_enabled=&#8221;off&#8221; button_border_radius__hover_enabled=&#8221;off&#8221; button_one_border_radius__hover_enabled=&#8221;off&#8221; button_two_border_radius__hover_enabled=&#8221;off&#8221; button_letter_spacing__hover_enabled=&#8221;off&#8221; button_one_letter_spacing__hover_enabled=&#8221;off&#8221; button_two_letter_spacing__hover_enabled=&#8221;off&#8221; button_bg_color__hover_enabled=&#8221;off&#8221; button_one_bg_color__hover_enabled=&#8221;off&#8221; button_two_bg_color__hover_enabled=&#8221;off&#8221;][\/et_pb_slide][et_pb_slide _builder_version=&#8221;3.16&#8243; background_color=&#8221;#ffffff&#8221; background_image=&#8221;https:\/\/vejbyogson.dk\/wp-content\/uploads\/2018\/05\/Facade-4.jpg&#8221; [&hellip;]<\/p>\n","protected":false},"author":1,"featured_media":0,"parent":77,"menu_order":0,"comment_status":"closed","ping_status":"closed","template":"","meta":{"_et_pb_use_builder":"on","_et_pb_old_content":"","_et_gb_content_width":"","footnotes":""},"class_list":["post-147","page","type-page","status-publish","hentry"],"yoast_head":"<!-- This site is optimized with the Yoast SEO plugin v26.8 - https:\/\/yoast.com\/product\/yoast-seo-wordpress\/ -->\n<title>Eksperter i facaderenovering, facadepuds og facadeisolering \u2192<\/title>\n<meta name=\"description\" content=\"Kaj Vejby &amp; S\u00f8n udf\u00f8rer alle former for facaderenovering - Opgaver udf\u00f8res med stor ekspertise og de bedste materialer. Kontakt os her for en uforpligtende snak\" \/>\n<meta name=\"robots\" content=\"index, follow, max-snippet:-1, max-image-preview:large, max-video-preview:-1\" \/>\n<link rel=\"canonical\" href=\"https:\/\/vejbyogson.dk\/?page_id=147\" \/>\n<meta property=\"og:locale\" content=\"da_DK\" \/>\n<meta property=\"og:type\" content=\"article\" \/>\n<meta property=\"og:title\" content=\"Eksperter i facaderenovering, facadepuds og facadeisolering \u2192\" \/>\n<meta property=\"og:description\" content=\"Kaj Vejby &amp; S\u00f8n udf\u00f8rer alle former for facaderenovering - Opgaver udf\u00f8res med stor ekspertise og de bedste materialer. Kontakt os her for en uforpligtende snak\" \/>\n<meta property=\"og:url\" content=\"https:\/\/vejbyogson.dk\/?page_id=147\" \/>\n<meta property=\"og:site_name\" content=\"Malerfirma Kaj Vejby &amp; S\u00f8n\" \/>\n<meta property=\"article:modified_time\" content=\"2020-05-17T19:07:25+00:00\" \/>\n<meta name=\"twitter:card\" content=\"summary_large_image\" \/>\n<meta name=\"twitter:label1\" content=\"Estimeret l\u00e6setid\" \/>\n\t<meta name=\"twitter:data1\" content=\"7 minutter\" \/>\n<script type=\"application\/ld+json\" class=\"yoast-schema-graph\">{\"@context\":\"https:\/\/schema.org\",\"@graph\":[{\"@type\":\"WebPage\",\"@id\":\"https:\/\/vejbyogson.dk\/?page_id=147\",\"url\":\"https:\/\/vejbyogson.dk\/?page_id=147\",\"name\":\"Eksperter i facaderenovering, facadepuds og facadeisolering \u2192\",\"isPartOf\":{\"@id\":\"https:\/\/vejbyogson.dk\/#website\"},\"datePublished\":\"2018-04-19T10:22:30+00:00\",\"dateModified\":\"2020-05-17T19:07:25+00:00\",\"description\":\"Kaj Vejby & S\u00f8n udf\u00f8rer alle former for facaderenovering - Opgaver udf\u00f8res med stor ekspertise og de bedste materialer. Kontakt os her for en uforpligtende snak\",\"breadcrumb\":{\"@id\":\"https:\/\/vejbyogson.dk\/?page_id=147#breadcrumb\"},\"inLanguage\":\"da-DK\",\"potentialAction\":[{\"@type\":\"ReadAction\",\"target\":[\"https:\/\/vejbyogson.dk\/?page_id=147\"]}]},{\"@type\":\"BreadcrumbList\",\"@id\":\"https:\/\/vejbyogson.dk\/?page_id=147#breadcrumb\",\"itemListElement\":[{\"@type\":\"ListItem\",\"position\":1,\"name\":\"Hjem\",\"item\":\"https:\/\/vejbyogson.dk\/\"},{\"@type\":\"ListItem\",\"position\":2,\"name\":\"Vi tilbyder\",\"item\":\"https:\/\/vejbyogson.dk\/?page_id=77\"},{\"@type\":\"ListItem\",\"position\":3,\"name\":\"Bygningsarbejde\"}]},{\"@type\":\"WebSite\",\"@id\":\"https:\/\/vejbyogson.dk\/#website\",\"url\":\"https:\/\/vejbyogson.dk\/\",\"name\":\"Malerfirma Kaj Vejby &amp; S\u00f8n\",\"description\":\"Malerfirma Kaj Vejby &amp; S\u00f8n\",\"potentialAction\":[{\"@type\":\"SearchAction\",\"target\":{\"@type\":\"EntryPoint\",\"urlTemplate\":\"https:\/\/vejbyogson.dk\/?s={search_term_string}\"},\"query-input\":{\"@type\":\"PropertyValueSpecification\",\"valueRequired\":true,\"valueName\":\"search_term_string\"}}],\"inLanguage\":\"da-DK\"}]}<\/script>\n<!-- \/ Yoast SEO plugin. -->","yoast_head_json":{"title":"Eksperter i facaderenovering, facadepuds og facadeisolering \u2192","description":"Kaj Vejby & S\u00f8n udf\u00f8rer alle former for facaderenovering - Opgaver udf\u00f8res med stor ekspertise og de bedste materialer. Kontakt os her for en uforpligtende snak","robots":{"index":"index","follow":"follow","max-snippet":"max-snippet:-1","max-image-preview":"max-image-preview:large","max-video-preview":"max-video-preview:-1"},"canonical":"https:\/\/vejbyogson.dk\/?page_id=147","og_locale":"da_DK","og_type":"article","og_title":"Eksperter i facaderenovering, facadepuds og facadeisolering \u2192","og_description":"Kaj Vejby & S\u00f8n udf\u00f8rer alle former for facaderenovering - Opgaver udf\u00f8res med stor ekspertise og de bedste materialer. Kontakt os her for en uforpligtende snak","og_url":"https:\/\/vejbyogson.dk\/?page_id=147","og_site_name":"Malerfirma Kaj Vejby &amp; S\u00f8n","article_modified_time":"2020-05-17T19:07:25+00:00","twitter_card":"summary_large_image","twitter_misc":{"Estimeret l\u00e6setid":"7 minutter"},"schema":{"@context":"https:\/\/schema.org","@graph":[{"@type":"WebPage","@id":"https:\/\/vejbyogson.dk\/?page_id=147","url":"https:\/\/vejbyogson.dk\/?page_id=147","name":"Eksperter i facaderenovering, facadepuds og facadeisolering \u2192","isPartOf":{"@id":"https:\/\/vejbyogson.dk\/#website"},"datePublished":"2018-04-19T10:22:30+00:00","dateModified":"2020-05-17T19:07:25+00:00","description":"Kaj Vejby & S\u00f8n udf\u00f8rer alle former for facaderenovering - Opgaver udf\u00f8res med stor ekspertise og de bedste materialer. Kontakt os her for en uforpligtende snak","breadcrumb":{"@id":"https:\/\/vejbyogson.dk\/?page_id=147#breadcrumb"},"inLanguage":"da-DK","potentialAction":[{"@type":"ReadAction","target":["https:\/\/vejbyogson.dk\/?page_id=147"]}]},{"@type":"BreadcrumbList","@id":"https:\/\/vejbyogson.dk\/?page_id=147#breadcrumb","itemListElement":[{"@type":"ListItem","position":1,"name":"Hjem","item":"https:\/\/vejbyogson.dk\/"},{"@type":"ListItem","position":2,"name":"Vi tilbyder","item":"https:\/\/vejbyogson.dk\/?page_id=77"},{"@type":"ListItem","position":3,"name":"Bygningsarbejde"}]},{"@type":"WebSite","@id":"https:\/\/vejbyogson.dk\/#website","url":"https:\/\/vejbyogson.dk\/","name":"Malerfirma Kaj Vejby &amp; S\u00f8n","description":"Malerfirma Kaj Vejby &amp; S\u00f8n","potentialAction":[{"@type":"SearchAction","target":{"@type":"EntryPoint","urlTemplate":"https:\/\/vejbyogson.dk\/?s={search_term_string}"},"query-input":{"@type":"PropertyValueSpecification","valueRequired":true,"valueName":"search_term_string"}}],"inLanguage":"da-DK"}]}},"_links":{"self":[{"href":"https:\/\/vejbyogson.dk\/index.php?rest_route=\/wp\/v2\/pages\/147","targetHints":{"allow":["GET"]}}],"collection":[{"href":"https:\/\/vejbyogson.dk\/index.php?rest_route=\/wp\/v2\/pages"}],"about":[{"href":"https:\/\/vejbyogson.dk\/index.php?rest_route=\/wp\/v2\/types\/page"}],"author":[{"embeddable":true,"href":"https:\/\/vejbyogson.dk\/index.php?rest_route=\/wp\/v2\/users\/1"}],"replies":[{"embeddable":true,"href":"https:\/\/vejbyogson.dk\/index.php?rest_route=%2Fwp%2Fv2%2Fcomments&post=147"}],"version-history":[{"count":25,"href":"https:\/\/vejbyogson.dk\/index.php?rest_route=\/wp\/v2\/pages\/147\/revisions"}],"predecessor-version":[{"id":860,"href":"https:\/\/vejbyogson.dk\/index.php?rest_route=\/wp\/v2\/pages\/147\/revisions\/860"}],"up":[{"embeddable":true,"href":"https:\/\/vejbyogson.dk\/index.php?rest_route=\/wp\/v2\/pages\/77"}],"wp:attachment":[{"href":"https:\/\/vejbyogson.dk\/index.php?rest_route=%2Fwp%2Fv2%2Fmedia&parent=147"}],"curies":[{"name":"wp","href":"https:\/\/api.w.org\/{rel}","templated":true}]}}